{"id":68880,"date":"2024-03-22T16:18:20","date_gmt":"2024-03-22T15:18:20","guid":{"rendered":"https:\/\/abinox-chr-clim.com\/index.php\/product\/arriere-bar-trois-portes-pleines-pivotantes-polar-seie-g-900mm-330l\/"},"modified":"2026-04-02T09:58:29","modified_gmt":"2026-04-02T07:58:29","slug":"arriere-bar-trois-portes-pleines-pivotantes-polar-seie-g-900mm-330l","status":"publish","type":"product","link":"https:\/\/abinox-chr-clim.com\/index.php\/product\/arriere-bar-trois-portes-pleines-pivotantes-polar-seie-g-900mm-330l\/","title":{"rendered":"Arri\u00e8re-bar trois portes pleines pivotantes Polar S\u00e9ie G 900mm 330L"},"content":{"rendered":"<p>Arri\u00e8re-bars pour des boissons alcoolis\u00e9es et non alcoolis\u00e9es toujours fra\u00eeches et pr\u00eates \u00e0 servir. Contr\u00f4leur de temp\u00e9rature int\u00e9gr\u00e9 et d\u00e9givrage automatique.<br \/>Eclairage int\u00e9rieur LED. Ext\u00e9rieur en acier peint solide et facile \u00e0 nettoyer. Pieds r\u00e9glables pour un positionnement facile, m\u00eame sur des surfaces in\u00e9gales. R\u00e9f\u00e9rence soumise \u00e0 une Eco-participation mobilier de 10.03\u20ac par unit\u00e9 vendue. \u00c9tag\u00e8re \u00e0 vin disponible en option (vendue s\u00e9par\u00e9ment &#8211; code AF401). Verrouillable pour plus de s\u00e9curit\u00e9 des stocks. Porte pleine. Porte pleine \u00e0 fermeture automatique pour r\u00e9duire les co\u00fbts de fonctionnement et am\u00e9liorer l&rsquo;efficacit\u00e9 \u00e9nerg\u00e9tique (non r\u00e9versible). Plage de temp\u00e9rature ambiante : 5\u00b0C \u00e0 38\u00b0C. 2 \u00e9tag\u00e8res r\u00e9glables. Eclairage int\u00e9rieur LED.<\/p>\n<p>Caract\u00e9ristiques :<br \/> Capacit\u00e9 : 190 bouteilles de 330ml.<br \/> Dimensions : 900(H) x 1350(L) x 520(P) mm.<br \/> Mati\u00e8re : Acier inoxydable.<br \/> Isolation : 4 cm.<br \/> Fr\u00e9on : R600a.<br \/> Temp\u00e9rature : 2\u00b0C \u00e0 8\u00b0C.<br \/> Voltage : 230V.<br \/> Couleur : Noir.<br \/> Puissance : 350 W.<br \/> Temp\u00e9rature ambiante : 38 \u00b0C.<br \/> Classe climatique : 4.<br \/> Classe \u00e9nerg\u00e9tique : B.<\/p>\n","protected":false},"excerpt":{"rendered":"<div><img decoding=\"async\" src=\"https:\/\/abinox-chr-clim.com\/wp-content\/uploads\/2024\/03\/abinox-garantie.webp\" width=\"400px\"\/><\/div>\n<p>Arri\u00e8re-bar trois portes pleines pivotantes Polar S\u00e9ie G 900mm 330L<\/p>\n","protected":false},"featured_media":102014,"comment_status":"closed","ping_status":"closed","template":"","meta":[],"product_brand":[],"product_cat":[1251,1249,1296],"product_tag":[],"class_list":{"0":"post-68880","1":"product","2":"type-product","3":"status-publish","4":"has-post-thumbnail","6":"product_cat-arriere-bars","7":"product_cat-froid","8":"product_cat-palettisable","10":"first","11":"instock","12":"featured","13":"taxable","14":"shipping-taxable","15":"purchasable","16":"product-type-simple"},"_links":{"self":[{"href":"https:\/\/abinox-chr-clim.com\/index.php\/wp-json\/wp\/v2\/product\/68880","targetHints":{"allow":["GET"]}}],"collection":[{"href":"https:\/\/abinox-chr-clim.com\/index.php\/wp-json\/wp\/v2\/product"}],"about":[{"href":"https:\/\/abinox-chr-clim.com\/index.php\/wp-json\/wp\/v2\/types\/product"}],"replies":[{"embeddable":true,"href":"https:\/\/abinox-chr-clim.com\/index.php\/wp-json\/wp\/v2\/comments?post=68880"}],"wp:featuredmedia":[{"embeddable":true,"href":"https:\/\/abinox-chr-clim.com\/index.php\/wp-json\/wp\/v2\/media\/102014"}],"wp:attachment":[{"href":"https:\/\/abinox-chr-clim.com\/index.php\/wp-json\/wp\/v2\/media?parent=68880"}],"wp:term":[{"taxonomy":"product_brand","embeddable":true,"href":"https:\/\/abinox-chr-clim.com\/index.php\/wp-json\/wp\/v2\/product_brand?post=68880"},{"taxonomy":"product_cat","embeddable":true,"href":"https:\/\/abinox-chr-clim.com\/index.php\/wp-json\/wp\/v2\/product_cat?post=68880"},{"taxonomy":"product_tag","embeddable":true,"href":"https:\/\/abinox-chr-clim.com\/index.php\/wp-json\/wp\/v2\/product_tag?post=68880"}],"curies":[{"name":"wp","href":"https:\/\/api.w.org\/{rel}","templated":true}]}}