{"id":68870,"date":"2024-03-22T16:18:14","date_gmt":"2024-03-22T15:18:14","guid":{"rendered":"https:\/\/abinox-chr-clim.com\/index.php\/product\/arriere-bar-une-porte-pivotante-polar-serie-g-inox-138l\/"},"modified":"2026-04-14T10:22:03","modified_gmt":"2026-04-14T08:22:03","slug":"arriere-bar-une-porte-pivotante-polar-serie-g-inox-138l","status":"publish","type":"product","link":"https:\/\/abinox-chr-clim.com\/index.php\/product\/arriere-bar-une-porte-pivotante-polar-serie-g-inox-138l\/","title":{"rendered":"Arri\u00e8re-bar une porte pivotante Polar S\u00e9rie G inox 138L"},"content":{"rendered":"<p>Arri\u00e8re-bars pour des boissons alcoolis\u00e9es et non alcoolis\u00e9es toujours fra\u00eeches et pr\u00eates \u00e0 servir. Contr\u00f4leur de temp\u00e9rature int\u00e9gr\u00e9 et d\u00e9givrage automatique. Deux hauteurs disponibles.<br \/>2 \u00e9tag\u00e8res robustes r\u00e9glables en hauteur. Construction facile \u00e0 nettoyer gain de temps. Commandes et affichage num\u00e9riques pr\u00e9cis et conviviaux de la temp\u00e9rature. Plage de temp\u00e9rature ambiante : 5\u00b0C \u00e0 38\u00b0C. Pieds r\u00e9glables robustes facilitant le positionnement. Contr\u00f4leur de temp\u00e9rature int\u00e9gr\u00e9 enti\u00e8rement automatique.Refroidissement assist\u00e9 par ventilateur pour un retour rapide en temp\u00e9rature. \u00c9clairage LED interne \u00e9conome en \u00e9nergie. Attention : si le serpentin du condenseur n&rsquo;est pas nettoy\u00e9 au moins 4 fois par an, l&rsquo;efficacit\u00e9 de l&rsquo;appareil diminuera consid\u00e9rablement. Porte verrouillable \u00e0 double vitrage s\u00e9curis\u00e9e (non r\u00e9versible). Afin de r\u00e9duire les d\u00e9chets alimentaires dus \u00e0 la d\u00e9composition ou \u00e0 la d\u00e9shydratation, cet appareil doit \u00eatre utilis\u00e9 dans sa plage de fonctionnement d\u00e9sign\u00e9e. Temp\u00e9rature optimale de conservation des aliments : 4\u00b0C. \u00c9tag\u00e8re \u00e0 vin disponible en option (vendue s\u00e9par\u00e9ment). 2 \u00e9tag\u00e8res robustes r\u00e9glables en hauteur.<\/p>\n<p>Caract\u00e9ristiques :<br \/> Capacit\u00e9 : 108 bouteilles de 330ml.<br \/> Dimensions : 900(H) x 600(L) x 520(P) mm.<br \/> Mati\u00e8re : Acier inoxydable.<br \/> Isolation : 4 cm.<br \/> Fr\u00e9on : R600a.<br \/> Temp\u00e9rature : 2\u00b0C \u00e0 8\u00b0C.<br \/> Voltage : 230V.<br \/> Couleur : Argent.<br \/> Puissance : 180 W.<br \/> Temp\u00e9rature ambiante : 38 \u00b0C.<br \/> Classe \u00e9nerg\u00e9tique : D.<\/p>\n","protected":false},"excerpt":{"rendered":"<div><img decoding=\"async\" src=\"https:\/\/abinox-chr-clim.com\/wp-content\/uploads\/2024\/03\/abinox-garantie.webp\" width=\"400px\"\/><\/div>\n<p>Arri\u00e8re-bar une porte pivotante Polar S\u00e9rie G inox 138L<\/p>\n","protected":false},"featured_media":102004,"comment_status":"closed","ping_status":"closed","template":"","meta":[],"product_brand":[],"product_cat":[1251,1249,1296],"product_tag":[],"class_list":{"0":"post-68870","1":"product","2":"type-product","3":"status-publish","4":"has-post-thumbnail","6":"product_cat-arriere-bars","7":"product_cat-froid","8":"product_cat-palettisable","10":"first","11":"instock","12":"featured","13":"taxable","14":"shipping-taxable","15":"purchasable","16":"product-type-simple"},"_links":{"self":[{"href":"https:\/\/abinox-chr-clim.com\/index.php\/wp-json\/wp\/v2\/product\/68870","targetHints":{"allow":["GET"]}}],"collection":[{"href":"https:\/\/abinox-chr-clim.com\/index.php\/wp-json\/wp\/v2\/product"}],"about":[{"href":"https:\/\/abinox-chr-clim.com\/index.php\/wp-json\/wp\/v2\/types\/product"}],"replies":[{"embeddable":true,"href":"https:\/\/abinox-chr-clim.com\/index.php\/wp-json\/wp\/v2\/comments?post=68870"}],"wp:featuredmedia":[{"embeddable":true,"href":"https:\/\/abinox-chr-clim.com\/index.php\/wp-json\/wp\/v2\/media\/102004"}],"wp:attachment":[{"href":"https:\/\/abinox-chr-clim.com\/index.php\/wp-json\/wp\/v2\/media?parent=68870"}],"wp:term":[{"taxonomy":"product_brand","embeddable":true,"href":"https:\/\/abinox-chr-clim.com\/index.php\/wp-json\/wp\/v2\/product_brand?post=68870"},{"taxonomy":"product_cat","embeddable":true,"href":"https:\/\/abinox-chr-clim.com\/index.php\/wp-json\/wp\/v2\/product_cat?post=68870"},{"taxonomy":"product_tag","embeddable":true,"href":"https:\/\/abinox-chr-clim.com\/index.php\/wp-json\/wp\/v2\/product_tag?post=68870"}],"curies":[{"name":"wp","href":"https:\/\/api.w.org\/{rel}","templated":true}]}}