{"id":68867,"date":"2024-03-22T16:18:13","date_gmt":"2024-03-22T15:18:13","guid":{"rendered":"https:\/\/abinox-chr-clim.com\/index.php\/product\/arriere-bar-deux-portes-coulissantes-polar-serie-g-noir-208l\/"},"modified":"2026-04-14T10:15:12","modified_gmt":"2026-04-14T08:15:12","slug":"arriere-bar-deux-portes-coulissantes-polar-serie-g-noir-208l","status":"publish","type":"product","link":"https:\/\/abinox-chr-clim.com\/index.php\/product\/arriere-bar-deux-portes-coulissantes-polar-serie-g-noir-208l\/","title":{"rendered":"Arri\u00e8re-bar deux portes coulissantes Polar S\u00e9rie G noir 208L"},"content":{"rendered":"<p>Arri\u00e8re-bars pour des boissons toujours fra\u00eeches et pr\u00eates \u00e0 servir. Contr\u00f4leur de temp\u00e9rature int\u00e9gr\u00e9 et d\u00e9givrage automatique. Portes \u00e0 charni\u00e8res ou coulissantes. Deux hauteurs disponibles.<br \/>4 \u00e9tag\u00e8res r\u00e9glables robustes pour une capacit\u00e9 maximale. Refroidissement assist\u00e9 par ventilateur pour un retour rapide en temp\u00e9rature. Les portes double vitrage \u00e0 fermeture automatique aident \u00e0 maintenir la temp\u00e9rature et \u00e0 \u00e9conomiser de l&rsquo;\u00e9nergie. R\u00e9f\u00e9rence soumise \u00e0 une Eco-participation mobilier de 8.18\u20ac par unit\u00e9 vendue. \u00c9clairage LED interne \u00e9conome en \u00e9nergie. Construction facile \u00e0 nettoyer gain de temps. Commandes et affichage num\u00e9riques pr\u00e9cis et conviviaux de la temp\u00e9rature. Les roulettes verrouillables robustes permettent un positionnement facile pour un nettoyage et une installation plus simples. Attention : si le serpentin du condenseur n&rsquo;est pas nettoy\u00e9 au moins 4 fois par an, l&rsquo;efficacit\u00e9 de l&rsquo;appareil diminuera consid\u00e9rablement. Plage de temp\u00e9rature ambiante : 5\u00b0C \u00e0 38\u00b0C. \u00c9tag\u00e8re \u00e0 vin disponible en option (vendue s\u00e9par\u00e9ment &#8211; code AF401). Le d\u00e9givrage automatique maximise l&rsquo;efficacit\u00e9 et les performances de refroidissement. 4 \u00e9tag\u00e8res r\u00e9glables robustes pour une capacit\u00e9 maximale.<\/p>\n<p>Caract\u00e9ristiques :<br \/> Capacit\u00e9 : 180 bouteilles de 330ml.<br \/> Dimensions : 900(H) x 900(L) x 520(P) mm.<br \/> Mati\u00e8re : Acier peint.<br \/> Isolation : 4 cm.<br \/> Fr\u00e9on : R600a.<br \/> Temp\u00e9rature : 2 \u00b0C \u00e0 8 \u00b0C.<br \/> Voltage : 230V.<br \/> Couleur : Noir.<br \/> Puissance : 230 W.<br \/> Temp\u00e9rature ambiante : 38 \u00b0C.<br \/> Classe \u00e9nerg\u00e9tique : D.<\/p>\n","protected":false},"excerpt":{"rendered":"<div><img decoding=\"async\" src=\"https:\/\/abinox-chr-clim.com\/wp-content\/uploads\/2024\/03\/abinox-garantie.webp\" width=\"400px\"\/><\/div>\n<p>Arri\u00e8re-bar deux portes coulissantes Polar S\u00e9rie G noir 208L<\/p>\n","protected":false},"featured_media":102001,"comment_status":"closed","ping_status":"closed","template":"","meta":[],"product_brand":[],"product_cat":[1251,1249,1296],"product_tag":[],"class_list":{"0":"post-68867","1":"product","2":"type-product","3":"status-publish","4":"has-post-thumbnail","6":"product_cat-arriere-bars","7":"product_cat-froid","8":"product_cat-palettisable","10":"first","11":"instock","12":"featured","13":"taxable","14":"shipping-taxable","15":"purchasable","16":"product-type-simple"},"_links":{"self":[{"href":"https:\/\/abinox-chr-clim.com\/index.php\/wp-json\/wp\/v2\/product\/68867","targetHints":{"allow":["GET"]}}],"collection":[{"href":"https:\/\/abinox-chr-clim.com\/index.php\/wp-json\/wp\/v2\/product"}],"about":[{"href":"https:\/\/abinox-chr-clim.com\/index.php\/wp-json\/wp\/v2\/types\/product"}],"replies":[{"embeddable":true,"href":"https:\/\/abinox-chr-clim.com\/index.php\/wp-json\/wp\/v2\/comments?post=68867"}],"wp:featuredmedia":[{"embeddable":true,"href":"https:\/\/abinox-chr-clim.com\/index.php\/wp-json\/wp\/v2\/media\/102001"}],"wp:attachment":[{"href":"https:\/\/abinox-chr-clim.com\/index.php\/wp-json\/wp\/v2\/media?parent=68867"}],"wp:term":[{"taxonomy":"product_brand","embeddable":true,"href":"https:\/\/abinox-chr-clim.com\/index.php\/wp-json\/wp\/v2\/product_brand?post=68867"},{"taxonomy":"product_cat","embeddable":true,"href":"https:\/\/abinox-chr-clim.com\/index.php\/wp-json\/wp\/v2\/product_cat?post=68867"},{"taxonomy":"product_tag","embeddable":true,"href":"https:\/\/abinox-chr-clim.com\/index.php\/wp-json\/wp\/v2\/product_tag?post=68867"}],"curies":[{"name":"wp","href":"https:\/\/api.w.org\/{rel}","templated":true}]}}