{"id":68862,"date":"2024-03-22T16:18:11","date_gmt":"2024-03-22T15:18:11","guid":{"rendered":"https:\/\/abinox-chr-clim.com\/index.php\/product\/arriere-bar-vertical-positif-une-porte-polar-serie-g\/"},"modified":"2026-04-14T09:34:08","modified_gmt":"2026-04-14T07:34:08","slug":"arriere-bar-vertical-positif-une-porte-polar-serie-g","status":"publish","type":"product","link":"https:\/\/abinox-chr-clim.com\/index.php\/product\/arriere-bar-vertical-positif-une-porte-polar-serie-g\/","title":{"rendered":"Arri\u00e8re-bar vertical positif une porte Polar S\u00e9rie G"},"content":{"rendered":"<p>Gardez vos boissons fra\u00eeches \u00e0 port\u00e9e de main \u00e0 tout moment gr\u00e2ce \u00e0 cet arri\u00e8re-bar grande capacit\u00e9. Contr\u00f4le de temp\u00e9rature int\u00e9gral et d\u00e9givrage semi-automatique avec intervalle de temps. Pieds r\u00e9glables. Porte \u00e0 charni\u00e8res.<br \/>4 \u00e9tag\u00e8res r\u00e9glables robustes maximisent la capacit\u00e9 de stockage &#8211; Plage de temp\u00e9ratures  ambiantes : 5\u00b0C \u00e0 32\u00b0C. Construction facile \u00e0 nettoyer, gain de temps. Commandes et affichage num\u00e9riques pr\u00e9cis et conviviaux de la temp\u00e9rature. R\u00e9f\u00e9rence soumise \u00e0 une Eco-participation mobilier de 12.43\u20ac par unit\u00e9 vendue. Roulettes arri\u00e8re et pieds r\u00e9glables pour un positionnement facile. Le d\u00e9givrage automatique maximise l&rsquo;efficacit\u00e9 et les performances. Le refroidissement assist\u00e9 par ventilateur assure une r\u00e9cup\u00e9ration rapide de la temp\u00e9rature. Eclairage int\u00e9rieur LED \u00e9conome en \u00e9nergie. Porte verrouillable double vitrage (non r\u00e9versible). R\u00e9f\u00e9rence soumise \u00e0 une Eco-participation DEEE de 7,84\u20ac par unit\u00e9 vendue. 4 \u00e9tag\u00e8res r\u00e9glables robustes maximisent la capacit\u00e9 de stockage &#8211; Plage de temp\u00e9ratures  ambiantes : 5\u00b0C \u00e0 32\u00b0C.<\/p>\n<p>Caract\u00e9ristiques :<br \/> Capacit\u00e9 : 307 L.<br \/> Dimensions : 1872(H) x 600(L) x 514(P) mm.<br \/> Mati\u00e8re : Acier peint.<br \/> Fr\u00e9on : R600a.<br \/> Temp\u00e9rature : 2 \u00b0C \u00e0 8 \u00b0C.<br \/> Voltage : 230V.<br \/> Couleur : Noir.<br \/> Puissance : 300 W.<br \/> Temp\u00e9rature ambiante : 32 \u00b0C.<br \/> Classe \u00e9nerg\u00e9tique : B.<\/p>\n","protected":false},"excerpt":{"rendered":"<div><img decoding=\"async\" src=\"https:\/\/abinox-chr-clim.com\/wp-content\/uploads\/2024\/03\/abinox-garantie.webp\" width=\"400px\"\/><\/div>\n<p>Arri\u00e8re-bar vertical positif une porte Polar S\u00e9rie G<\/p>\n","protected":false},"featured_media":101871,"comment_status":"closed","ping_status":"closed","template":"","meta":[],"product_brand":[],"product_cat":[1251,1249,1296],"product_tag":[],"class_list":{"0":"post-68862","1":"product","2":"type-product","3":"status-publish","4":"has-post-thumbnail","6":"product_cat-arriere-bars","7":"product_cat-froid","8":"product_cat-palettisable","10":"first","11":"instock","12":"featured","13":"taxable","14":"shipping-taxable","15":"purchasable","16":"product-type-simple"},"_links":{"self":[{"href":"https:\/\/abinox-chr-clim.com\/index.php\/wp-json\/wp\/v2\/product\/68862","targetHints":{"allow":["GET"]}}],"collection":[{"href":"https:\/\/abinox-chr-clim.com\/index.php\/wp-json\/wp\/v2\/product"}],"about":[{"href":"https:\/\/abinox-chr-clim.com\/index.php\/wp-json\/wp\/v2\/types\/product"}],"replies":[{"embeddable":true,"href":"https:\/\/abinox-chr-clim.com\/index.php\/wp-json\/wp\/v2\/comments?post=68862"}],"wp:featuredmedia":[{"embeddable":true,"href":"https:\/\/abinox-chr-clim.com\/index.php\/wp-json\/wp\/v2\/media\/101871"}],"wp:attachment":[{"href":"https:\/\/abinox-chr-clim.com\/index.php\/wp-json\/wp\/v2\/media?parent=68862"}],"wp:term":[{"taxonomy":"product_brand","embeddable":true,"href":"https:\/\/abinox-chr-clim.com\/index.php\/wp-json\/wp\/v2\/product_brand?post=68862"},{"taxonomy":"product_cat","embeddable":true,"href":"https:\/\/abinox-chr-clim.com\/index.php\/wp-json\/wp\/v2\/product_cat?post=68862"},{"taxonomy":"product_tag","embeddable":true,"href":"https:\/\/abinox-chr-clim.com\/index.php\/wp-json\/wp\/v2\/product_tag?post=68862"}],"curies":[{"name":"wp","href":"https:\/\/api.w.org\/{rel}","templated":true}]}}