{"id":68859,"date":"2024-03-22T16:18:10","date_gmt":"2024-03-22T15:18:10","guid":{"rendered":"https:\/\/abinox-chr-clim.com\/index.php\/product\/arriere-bar-deux-portes-pleines-polar-serie-g-850mm-198l\/"},"modified":"2026-04-14T10:24:58","modified_gmt":"2026-04-14T08:24:58","slug":"arriere-bar-deux-portes-pleines-polar-serie-g-850mm-198l","status":"publish","type":"product","link":"https:\/\/abinox-chr-clim.com\/index.php\/product\/arriere-bar-deux-portes-pleines-polar-serie-g-850mm-198l\/","title":{"rendered":"Arri\u00e8re-bar deux portes pleines Polar S\u00e9rie G 850mm 198L"},"content":{"rendered":"<p>Gardez vos boissons les plus consomm\u00e9es \u00e0 port\u00e9e de main avec les arri\u00e8re-bars Polar S\u00e9rie G. Con\u00e7us pour la fiabilit\u00e9 et la performance, les meubles r\u00e9frig\u00e9r\u00e9s offrent une capacit\u00e9 de stockage fiable pour les bouteilles, canettes, etc, sur deux \u00e9tag\u00e8res r\u00e9glables robustes. Avec un puissant refroidissement assist\u00e9 par ventilateur, les temp\u00e9ratures sont maintenues basses, m\u00eame lorsque la temp\u00e9rature ambiante atteint jusqu&rsquo;\u00e0 38 \u00b0C &#8211; parfait pour les bars et les clubs tr\u00e8s fr\u00e9quent\u00e9s.<br \/>\u00c9clairage int\u00e9rieur LED \u00e0 \u00e9conomie d&rsquo;\u00e9nergie pour une identification facile du contenu. Ext\u00e9rieur en acier peint solide et facile \u00e0 nettoyer. Portes pleines \u00e0 fermeture automatique pour r\u00e9duire les co\u00fbts de fonctionnement et am\u00e9liorer l&rsquo;efficacit\u00e9 \u00e9nerg\u00e9tique. R\u00e9f\u00e9rence soumise \u00e0 une Eco-participation mobilier de 8.18\u20ac par unit\u00e9 vendue. 4 \u00e9tag\u00e8res solides r\u00e9glables. Verrouillable pour s\u00e9curiser votre stock. Portes pleines &#8211; parfait pour les zones d&rsquo;arri\u00e8re-bar. Pieds r\u00e9glables pour un positionnement facile, m\u00eame sur des surfaces in\u00e9gales. Plage de temp\u00e9rature ambiante : 5\u00b0C \u00e0 38\u00b0C. \u00c9clairage int\u00e9rieur LED \u00e0 \u00e9conomie d&rsquo;\u00e9nergie pour une identification facile du contenu.<\/p>\n<p>Caract\u00e9ristiques :<br \/> Capacit\u00e9 : 198 L.<br \/> Dimensions : 850(H) x 900(L) x 520(P) mm.<br \/> Mati\u00e8re : Acier.<br \/> Fr\u00e9on : R600a.<br \/> Temp\u00e9rature : 2 \u00b0C \u00e0 8 \u00b0C.<br \/> Voltage : 230V.<br \/> Couleur : Noir.<br \/> Temp\u00e9rature ambiante : 38 \u00b0C.<br \/> Classe climatique : 4.<br \/> Classe \u00e9nerg\u00e9tique : A.<\/p>\n","protected":false},"excerpt":{"rendered":"<div><img decoding=\"async\" src=\"https:\/\/abinox-chr-clim.com\/wp-content\/uploads\/2024\/03\/abinox-garantie.webp\" width=\"400px\"\/><\/div>\n<p>Arri\u00e8re-bar deux portes pleines Polar S\u00e9rie G 850mm 198L<\/p>\n","protected":false},"featured_media":101371,"comment_status":"closed","ping_status":"closed","template":"","meta":[],"product_brand":[],"product_cat":[1251,1249,1296],"product_tag":[],"class_list":{"0":"post-68859","1":"product","2":"type-product","3":"status-publish","4":"has-post-thumbnail","6":"product_cat-arriere-bars","7":"product_cat-froid","8":"product_cat-palettisable","10":"first","11":"instock","12":"featured","13":"taxable","14":"shipping-taxable","15":"purchasable","16":"product-type-simple"},"_links":{"self":[{"href":"https:\/\/abinox-chr-clim.com\/index.php\/wp-json\/wp\/v2\/product\/68859","targetHints":{"allow":["GET"]}}],"collection":[{"href":"https:\/\/abinox-chr-clim.com\/index.php\/wp-json\/wp\/v2\/product"}],"about":[{"href":"https:\/\/abinox-chr-clim.com\/index.php\/wp-json\/wp\/v2\/types\/product"}],"replies":[{"embeddable":true,"href":"https:\/\/abinox-chr-clim.com\/index.php\/wp-json\/wp\/v2\/comments?post=68859"}],"wp:featuredmedia":[{"embeddable":true,"href":"https:\/\/abinox-chr-clim.com\/index.php\/wp-json\/wp\/v2\/media\/101371"}],"wp:attachment":[{"href":"https:\/\/abinox-chr-clim.com\/index.php\/wp-json\/wp\/v2\/media?parent=68859"}],"wp:term":[{"taxonomy":"product_brand","embeddable":true,"href":"https:\/\/abinox-chr-clim.com\/index.php\/wp-json\/wp\/v2\/product_brand?post=68859"},{"taxonomy":"product_cat","embeddable":true,"href":"https:\/\/abinox-chr-clim.com\/index.php\/wp-json\/wp\/v2\/product_cat?post=68859"},{"taxonomy":"product_tag","embeddable":true,"href":"https:\/\/abinox-chr-clim.com\/index.php\/wp-json\/wp\/v2\/product_tag?post=68859"}],"curies":[{"name":"wp","href":"https:\/\/api.w.org\/{rel}","templated":true}]}}