{"id":68857,"date":"2024-03-22T16:18:10","date_gmt":"2024-03-22T15:18:10","guid":{"rendered":"https:\/\/abinox-chr-clim.com\/index.php\/product\/distributeur-de-biere-en-fut-a-tirage-direct-polar-serie-g-double\/"},"modified":"2026-04-14T10:47:05","modified_gmt":"2026-04-14T08:47:05","slug":"distributeur-de-biere-en-fut-a-tirage-direct-polar-serie-g-double","status":"publish","type":"product","link":"https:\/\/abinox-chr-clim.com\/index.php\/product\/distributeur-de-biere-en-fut-a-tirage-direct-polar-serie-g-double\/","title":{"rendered":"Distributeur de bi\u00e8re en f\u00fbt \u00e0 tirage direct Polar s\u00e9rie G double"},"content":{"rendered":"<p>Avec des emplacements pr\u00e9vus pour des f\u00fbts de 50 litres, le distributeur de bi\u00e8re simple ou double Polar vous permet de servir des boissons r\u00e9frig\u00e9r\u00e9es \u00e0 la pression o\u00f9 que vous soyiez; id\u00e9al pour l&rsquo;\u00e9v\u00e8nementiel, la restauration mobile.<br \/>Pour 2 f\u00fbts de 50 litres (non fournis). Plage de temp\u00e9ratures -18\u00b0C \u00e0 +90\u00b0C. Contr\u00f4leurs num\u00e9riques faciles \u00e0 utiliser avec affichage LED &#8211; maintient le f\u00fbt \u00e0 une temp\u00e9rature de service parfaite. Construction robuste en acier inoxydable pour un nettoyage facile et rapide. R\u00e9f\u00e9rence soumise \u00e0 une Eco-participation mobilier de 13.3\u20ac par unit\u00e9 vendue. Raccords de f\u00fbt standard de type A fournis pour une installation simple. Robinet de distribution de bi\u00e8re et bac d&rsquo;\u00e9gouttement mont\u00e9s sur le dessus pour un fonctionnement sans \u00e9claboussures. Verrouillable pour s\u00e9curiser les stocks.Mont\u00e9 sur roulettes verrouillables pour une installation et un positionnement faciles. Pour 2 f\u00fbts de 50 litres (non fournis). Plage de temp\u00e9ratures -18\u00b0C \u00e0 +90\u00b0C.<\/p>\n<p>Caract\u00e9ristiques :<br \/> Dimensions : 1438(H) x 1247(L) x 620(P) mm.<br \/> Mati\u00e8re : Inox.<br \/> Isolation : 4,2 cm.<br \/> Fr\u00e9on : R290.<br \/> Temp\u00e9rature : -18\u00b0C \u00e0 +90\u00b0C.<br \/> Voltage : 230V.<br \/> Couleur : Argent.<br \/> Temp\u00e9rature ambiante : 30 \u00b0C.<br \/> Classe climatique : 4.<br \/> Classe \u00e9nerg\u00e9tique : C.<\/p>\n","protected":false},"excerpt":{"rendered":"<div><img decoding=\"async\" src=\"https:\/\/abinox-chr-clim.com\/wp-content\/uploads\/2024\/03\/abinox-garantie.webp\" width=\"400px\"\/><\/div>\n<p>Distributeur de bi\u00e8re en f\u00fbt \u00e0 tirage direct Polar s\u00e9rie G double<\/p>\n","protected":false},"featured_media":101346,"comment_status":"closed","ping_status":"closed","template":"","meta":[],"product_brand":[],"product_cat":[1251,1249,1297],"product_tag":[],"class_list":{"0":"post-68857","1":"product","2":"type-product","3":"status-publish","4":"has-post-thumbnail","6":"product_cat-arriere-bars","7":"product_cat-froid","8":"product_cat-non-palettisable","9":"product_shipping_class-free-shipping","11":"first","12":"instock","13":"featured","14":"taxable","15":"shipping-taxable","16":"purchasable","17":"product-type-simple"},"_links":{"self":[{"href":"https:\/\/abinox-chr-clim.com\/index.php\/wp-json\/wp\/v2\/product\/68857","targetHints":{"allow":["GET"]}}],"collection":[{"href":"https:\/\/abinox-chr-clim.com\/index.php\/wp-json\/wp\/v2\/product"}],"about":[{"href":"https:\/\/abinox-chr-clim.com\/index.php\/wp-json\/wp\/v2\/types\/product"}],"replies":[{"embeddable":true,"href":"https:\/\/abinox-chr-clim.com\/index.php\/wp-json\/wp\/v2\/comments?post=68857"}],"wp:featuredmedia":[{"embeddable":true,"href":"https:\/\/abinox-chr-clim.com\/index.php\/wp-json\/wp\/v2\/media\/101346"}],"wp:attachment":[{"href":"https:\/\/abinox-chr-clim.com\/index.php\/wp-json\/wp\/v2\/media?parent=68857"}],"wp:term":[{"taxonomy":"product_brand","embeddable":true,"href":"https:\/\/abinox-chr-clim.com\/index.php\/wp-json\/wp\/v2\/product_brand?post=68857"},{"taxonomy":"product_cat","embeddable":true,"href":"https:\/\/abinox-chr-clim.com\/index.php\/wp-json\/wp\/v2\/product_cat?post=68857"},{"taxonomy":"product_tag","embeddable":true,"href":"https:\/\/abinox-chr-clim.com\/index.php\/wp-json\/wp\/v2\/product_tag?post=68857"}],"curies":[{"name":"wp","href":"https:\/\/api.w.org\/{rel}","templated":true}]}}