{"id":68855,"date":"2024-03-22T16:18:09","date_gmt":"2024-03-22T15:18:09","guid":{"rendered":"https:\/\/abinox-chr-clim.com\/index.php\/product\/refroidisseur-a-bouteilles-slimline-polar-serie-g-noir\/"},"modified":"2026-04-14T10:02:16","modified_gmt":"2026-04-14T08:02:16","slug":"refroidisseur-a-bouteilles-slimline-polar-serie-g-noir","status":"publish","type":"product","link":"https:\/\/abinox-chr-clim.com\/index.php\/product\/refroidisseur-a-bouteilles-slimline-polar-serie-g-noir\/","title":{"rendered":"Refroidisseur \u00e0 bouteilles Slimline Polar S\u00e9rie G noir"},"content":{"rendered":"<p>Mod\u00e8le gain de place avec \u00e9clairage LED pour attirer l&rsquo;oeil et mettre en valeur les boissons propos\u00e9es.<br \/>4 \u00e9tag\u00e8res r\u00e9glables. Construction en acier peint facile \u00e0 nettoyer. Panneau de commande convivial. R\u00e9f\u00e9rence soumise \u00e0 une Eco-participation mobilier de 9.27\u20ac par unit\u00e9 vendue. Pieds robustes r\u00e9glables pour un positionnement facile. D\u00e9givrage automatique. Assistance par ventilateur permettant un retour rapide en temp\u00e9rature. Attention : si le serpentin du condenseur n&rsquo;est pas nettoy\u00e9 au moins 4 fois par an, l&rsquo;efficacit\u00e9 de l&rsquo;appareil diminuera consid\u00e9rablement. Plage de temp\u00e9rature ambiante: 16 \u00b0 C \u00e0 32 \u00b0 C. Afin de r\u00e9duire les d\u00e9chets alimentaires dus \u00e0 la d\u00e9composition ou \u00e0 la d\u00e9shydratation, cet appareil doit \u00eatre utilis\u00e9 dans sa plage de fonctionnement d\u00e9sign\u00e9e. Temp\u00e9rature optimale de conservation des aliments : 4\u00b0C. Porte double vitrage r\u00e9versible. 4 \u00e9tag\u00e8res r\u00e9glables.<\/p>\n<p>Caract\u00e9ristiques :<br \/> Capacit\u00e9 : 300 L.<br \/> Dimensions : 1900(H) x 448(L) x 680(P) mm.<br \/> Mati\u00e8re : Acier peint et verre.<br \/> Fr\u00e9on : R600a.<br \/> Temp\u00e9rature : 2 \u00b0C \u00e0 8 \u00b0C.<br \/> Voltage : 230V.<br \/> Couleur : Noir.<br \/> Puissance : 145 W.<br \/> Temp\u00e9rature ambiante : 32 \u00b0C.<br \/> Classe climatique : 4.<br \/> Classe \u00e9nerg\u00e9tique : C.<\/p>\n","protected":false},"excerpt":{"rendered":"<div><img decoding=\"async\" src=\"https:\/\/abinox-chr-clim.com\/wp-content\/uploads\/2024\/03\/abinox-garantie.webp\" width=\"400px\"\/><\/div>\n<p>Refroidisseur \u00e0 bouteilles Slimline Polar S\u00e9rie G noir<\/p>\n","protected":false},"featured_media":85922,"comment_status":"closed","ping_status":"closed","template":"","meta":[],"product_brand":[],"product_cat":[1251,1249,1296],"product_tag":[],"class_list":{"0":"post-68855","1":"product","2":"type-product","3":"status-publish","4":"has-post-thumbnail","6":"product_cat-arriere-bars","7":"product_cat-froid","8":"product_cat-palettisable","10":"first","11":"instock","12":"featured","13":"taxable","14":"shipping-taxable","15":"purchasable","16":"product-type-simple"},"_links":{"self":[{"href":"https:\/\/abinox-chr-clim.com\/index.php\/wp-json\/wp\/v2\/product\/68855","targetHints":{"allow":["GET"]}}],"collection":[{"href":"https:\/\/abinox-chr-clim.com\/index.php\/wp-json\/wp\/v2\/product"}],"about":[{"href":"https:\/\/abinox-chr-clim.com\/index.php\/wp-json\/wp\/v2\/types\/product"}],"replies":[{"embeddable":true,"href":"https:\/\/abinox-chr-clim.com\/index.php\/wp-json\/wp\/v2\/comments?post=68855"}],"wp:featuredmedia":[{"embeddable":true,"href":"https:\/\/abinox-chr-clim.com\/index.php\/wp-json\/wp\/v2\/media\/85922"}],"wp:attachment":[{"href":"https:\/\/abinox-chr-clim.com\/index.php\/wp-json\/wp\/v2\/media?parent=68855"}],"wp:term":[{"taxonomy":"product_brand","embeddable":true,"href":"https:\/\/abinox-chr-clim.com\/index.php\/wp-json\/wp\/v2\/product_brand?post=68855"},{"taxonomy":"product_cat","embeddable":true,"href":"https:\/\/abinox-chr-clim.com\/index.php\/wp-json\/wp\/v2\/product_cat?post=68855"},{"taxonomy":"product_tag","embeddable":true,"href":"https:\/\/abinox-chr-clim.com\/index.php\/wp-json\/wp\/v2\/product_tag?post=68855"}],"curies":[{"name":"wp","href":"https:\/\/api.w.org\/{rel}","templated":true}]}}