{"id":68827,"date":"2024-03-22T16:17:59","date_gmt":"2024-03-22T15:17:59","guid":{"rendered":"https:\/\/abinox-chr-clim.com\/index.php\/product\/armoire-refrigeree-negative-gn-double-porte-polar-serie-g-1200l\/"},"modified":"2026-04-02T08:46:13","modified_gmt":"2026-04-02T06:46:13","slug":"armoire-refrigeree-negative-gn-double-porte-polar-serie-g-1200l","status":"publish","type":"product","link":"https:\/\/abinox-chr-clim.com\/index.php\/product\/armoire-refrigeree-negative-gn-double-porte-polar-serie-g-1200l\/","title":{"rendered":"Armoire r\u00e9frig\u00e9r\u00e9e n\u00e9gative GN double porte Polar S\u00e9rie G 1200L"},"content":{"rendered":"<p>Armoires verrouillables pouvant contenir jusqu&rsquo;\u00e0 20 bacs gastronorme 2\/1 de 100 mm de profondeur. Froid statique pour le stockage de denr\u00e9es dans  les cuisines professionnelles de volume faible \u00e0 moyen. Commande enti\u00e8rement automatique avec affichage num\u00e9rique constant. Roues verrouillables. Sans CFC. NB : Pr\u00e9voir imp\u00e9rativement un espace de 50 cm entre l\u00bfappareil et le plafond.<br \/>6 \u00e9tag\u00e8res r\u00e9glables et 2 protections de sol. Construction facile \u00e0 nettoyer. Indicateur digital de temp\u00e9rature et commande facilement accessible. R\u00e9f\u00e9rence soumise \u00e0 une Eco-participation mobilier de 21.26\u20ac par unit\u00e9 vendue. Roulettes robustes avec frein pour faciliter le positionnement. D\u00e9givrage automatique. Le refroidissement assist\u00e9 par ventilateur assure une r\u00e9cup\u00e9ration rapide de la temp\u00e9rature. Int\u00e9rieur format GN 2\/1 pour un remplissage \/ acc\u00e8s rapide. Portes \u00e0 fermeture automatique verrouillables. Capacit\u00e9 nette utile : 770L. Niveau sonore 45db. R\u00e9f\u00e9rence soumise \u00e0 une Eco-participation DEEE de 12,35\u20ac par unit\u00e9 vendue. 6 \u00e9tag\u00e8res r\u00e9glables et 2 protections de sol.<\/p>\n<p>Caract\u00e9ristiques :<br \/> Capacit\u00e9 : 1200 L \/ 1,2 m\u00e8tres cube.<br \/> Dimensions : 2000(H) x 1345(L) x 815(P) mm.<br \/> Mati\u00e8re : Inox et aluminium.<br \/> Isolation : 6 cm.<br \/> Fr\u00e9on : R290.<br \/> Temp\u00e9rature : -20 \u00b0C \u00e0 -10 \u00b0C.<br \/> Voltage : 230V.<br \/> Couleur : Acier inoxydable.<br \/> Puissance : 700 W.<br \/> Temp\u00e9rature ambiante : 32 \u00b0C.<br \/> Classe climatique : 4.<br \/> Classe \u00e9nerg\u00e9tique : D.<br \/> Bac GN : GN 2\/1XY.<\/p>\n","protected":false},"excerpt":{"rendered":"<div><img decoding=\"async\" src=\"https:\/\/abinox-chr-clim.com\/wp-content\/uploads\/2024\/03\/abinox-garantie.webp\" width=\"400px\"\/><\/div>\n<p>Armoire r\u00e9frig\u00e9r\u00e9e n\u00e9gative GN double porte Polar S\u00e9rie G 1200L<\/p>\n","protected":false},"featured_media":101134,"comment_status":"closed","ping_status":"closed","template":"","meta":[],"product_brand":[],"product_cat":[1250,1249,1296],"product_tag":[],"class_list":{"0":"post-68827","1":"product","2":"type-product","3":"status-publish","4":"has-post-thumbnail","6":"product_cat-armoires-refrigerees","7":"product_cat-froid","8":"product_cat-palettisable","10":"first","11":"instock","12":"featured","13":"taxable","14":"shipping-taxable","15":"purchasable","16":"product-type-simple"},"_links":{"self":[{"href":"https:\/\/abinox-chr-clim.com\/index.php\/wp-json\/wp\/v2\/product\/68827","targetHints":{"allow":["GET"]}}],"collection":[{"href":"https:\/\/abinox-chr-clim.com\/index.php\/wp-json\/wp\/v2\/product"}],"about":[{"href":"https:\/\/abinox-chr-clim.com\/index.php\/wp-json\/wp\/v2\/types\/product"}],"replies":[{"embeddable":true,"href":"https:\/\/abinox-chr-clim.com\/index.php\/wp-json\/wp\/v2\/comments?post=68827"}],"wp:featuredmedia":[{"embeddable":true,"href":"https:\/\/abinox-chr-clim.com\/index.php\/wp-json\/wp\/v2\/media\/101134"}],"wp:attachment":[{"href":"https:\/\/abinox-chr-clim.com\/index.php\/wp-json\/wp\/v2\/media?parent=68827"}],"wp:term":[{"taxonomy":"product_brand","embeddable":true,"href":"https:\/\/abinox-chr-clim.com\/index.php\/wp-json\/wp\/v2\/product_brand?post=68827"},{"taxonomy":"product_cat","embeddable":true,"href":"https:\/\/abinox-chr-clim.com\/index.php\/wp-json\/wp\/v2\/product_cat?post=68827"},{"taxonomy":"product_tag","embeddable":true,"href":"https:\/\/abinox-chr-clim.com\/index.php\/wp-json\/wp\/v2\/product_tag?post=68827"}],"curies":[{"name":"wp","href":"https:\/\/api.w.org\/{rel}","templated":true}]}}