{"id":68825,"date":"2024-03-22T16:17:58","date_gmt":"2024-03-22T15:17:58","guid":{"rendered":"https:\/\/abinox-chr-clim.com\/index.php\/product\/armoire-refrigeree-negative-gn-inox-1-porte-polar-serie-g-600l\/"},"modified":"2026-04-11T08:46:31","modified_gmt":"2026-04-11T06:46:31","slug":"armoire-refrigeree-negative-gn-inox-1-porte-polar-serie-g-600l","status":"publish","type":"product","link":"https:\/\/abinox-chr-clim.com\/index.php\/product\/armoire-refrigeree-negative-gn-inox-1-porte-polar-serie-g-600l\/","title":{"rendered":"Armoire r\u00e9frig\u00e9r\u00e9e n\u00e9gative GN inox 1 porte Polar S\u00e9rie G 600L"},"content":{"rendered":"<p>Armoires verrouillables pouvant contenir jusqu&rsquo;\u00e0 10 bacs GN 2\/1 de 100mm de profondeur. Froid statique pour le stockage de denr\u00e9es dans  les cuisines professionnelles de volume moyen. Commande enti\u00e8rement automatique avec affichage num\u00e9rique constant. Roues verrouillables. Porte r\u00e9versible livr\u00e9e ferrage \u00e0 droite. NB : Pr\u00e9voir imp\u00e9rativement un espace de 50 cm entre l\u00bfappareil et le plafond.<br \/>3 \u00e9tag\u00e8res \u00e0 hauteur ajustable &#8211; dimensions 640(L) x 535(P)mm. Construction facile \u00e0 nettoyer. Indicateur digital de temp\u00e9rature et commande facilement accessible. Porte \u00e0 fermeture automatique verrouillable. Roulettes avec frein facilitant le positionnement. D\u00e9givrage automatique. Froid statique assist\u00e9 par ventilateur. Plage de temp\u00e9rature ambiante : 5\u00b0C \u00e0 32\u00b0C. Int\u00e9rieur format GN 2\/1 pour un remplissage \/ acc\u00e8s rapide. Niveau sonore : 48 dB(A). L&rsquo;installation d&rsquo;une porte r\u00e9versible permet de s&rsquo;adapter au mieux \u00e0 votre pi\u00e8ce et cr\u00e9er plus d&rsquo;espace. Capacit\u00e9 nette utile : 376L. R\u00e9f\u00e9rence soumise \u00e0 une Eco-participation DEEE de 8,78\u20ac par unit\u00e9 vendue. 3 \u00e9tag\u00e8res \u00e0 hauteur ajustable &#8211; dimensions 640(L) x 535(P)mm.<\/p>\n<p>Caract\u00e9ristiques :<br \/> Capacit\u00e9 : 600 L \/ 0,6 m\u00e8tres cube.<br \/> Dimensions : 2000(H) x 680(L) x 815(P) mm.<br \/> Mati\u00e8re : Inox et aluminium.<br \/> Isolation : Isolation parois et porte  6 cm.<br \/> Fr\u00e9on : R290.<br \/> Temp\u00e9rature : -20 \u00b0C \u00e0 -10 \u00b0C.<br \/> Voltage : 230V.<br \/> Couleur : Acier inoxydable.<br \/> Puissance : 600 W.<br \/> Temp\u00e9rature ambiante : 32 \u00b0C.<br \/> Classe climatique : 4.<br \/> Classe \u00e9nerg\u00e9tique : D.<br \/> Bac GN : GN 2\/1XY.<\/p>\n","protected":false},"excerpt":{"rendered":"<div><img decoding=\"async\" src=\"https:\/\/abinox-chr-clim.com\/wp-content\/uploads\/2024\/03\/abinox-garantie.webp\" width=\"400px\"\/><\/div>\n<p>Armoire r\u00e9frig\u00e9r\u00e9e n\u00e9gative GN inox 1 porte Polar S\u00e9rie G 600L<\/p>\n","protected":false},"featured_media":101132,"comment_status":"closed","ping_status":"closed","template":"","meta":[],"product_brand":[],"product_cat":[1250,1249,1296],"product_tag":[],"class_list":{"0":"post-68825","1":"product","2":"type-product","3":"status-publish","4":"has-post-thumbnail","6":"product_cat-armoires-refrigerees","7":"product_cat-froid","8":"product_cat-palettisable","10":"first","11":"outofstock","12":"featured","13":"taxable","14":"shipping-taxable","15":"purchasable","16":"product-type-simple"},"_links":{"self":[{"href":"https:\/\/abinox-chr-clim.com\/index.php\/wp-json\/wp\/v2\/product\/68825","targetHints":{"allow":["GET"]}}],"collection":[{"href":"https:\/\/abinox-chr-clim.com\/index.php\/wp-json\/wp\/v2\/product"}],"about":[{"href":"https:\/\/abinox-chr-clim.com\/index.php\/wp-json\/wp\/v2\/types\/product"}],"replies":[{"embeddable":true,"href":"https:\/\/abinox-chr-clim.com\/index.php\/wp-json\/wp\/v2\/comments?post=68825"}],"wp:featuredmedia":[{"embeddable":true,"href":"https:\/\/abinox-chr-clim.com\/index.php\/wp-json\/wp\/v2\/media\/101132"}],"wp:attachment":[{"href":"https:\/\/abinox-chr-clim.com\/index.php\/wp-json\/wp\/v2\/media?parent=68825"}],"wp:term":[{"taxonomy":"product_brand","embeddable":true,"href":"https:\/\/abinox-chr-clim.com\/index.php\/wp-json\/wp\/v2\/product_brand?post=68825"},{"taxonomy":"product_cat","embeddable":true,"href":"https:\/\/abinox-chr-clim.com\/index.php\/wp-json\/wp\/v2\/product_cat?post=68825"},{"taxonomy":"product_tag","embeddable":true,"href":"https:\/\/abinox-chr-clim.com\/index.php\/wp-json\/wp\/v2\/product_tag?post=68825"}],"curies":[{"name":"wp","href":"https:\/\/api.w.org\/{rel}","templated":true}]}}