{"id":68824,"date":"2024-03-22T16:17:58","date_gmt":"2024-03-22T15:17:58","guid":{"rendered":"https:\/\/abinox-chr-clim.com\/index.php\/product\/armoire-refrigeree-positive-gn-1-porte-polar-serie-g-600l\/"},"modified":"2026-04-11T08:46:30","modified_gmt":"2026-04-11T06:46:30","slug":"armoire-refrigeree-positive-gn-1-porte-polar-serie-g-600l","status":"publish","type":"product","link":"https:\/\/abinox-chr-clim.com\/index.php\/product\/armoire-refrigeree-positive-gn-1-porte-polar-serie-g-600l\/","title":{"rendered":"Armoire r\u00e9frig\u00e9r\u00e9e positive GN 1 porte Polar S\u00e9rie G 600L"},"content":{"rendered":"<p>Armoires verrouillables pouvant contenir jusqu&rsquo;\u00e0 10 bacs GN 2\/1 de 100mm de profondeur. Froid statique pour le stockage de denr\u00e9es dans  les cuisines professionnelles de volume moyen. Commande enti\u00e8rement automatique avec affichage num\u00e9rique constant. Roues verrouillables. Porte r\u00e9versible livr\u00e9e ferrage \u00e0 droite. NB : Pr\u00e9voir imp\u00e9rativement un espace de 50 cm entre l\u00bfappareil et le plafond.<br \/>Trois \u00e9tag\u00e8res r\u00e9glables robustes am\u00e9liorent l&rsquo;espace de rangement. Int\u00e9rieur compatible GN 2\/1 permettant un remplissage et un acc\u00e8s rapides du stock. L&rsquo;isolation de 60 mm r\u00e9duit les co\u00fbts d&rsquo;exploitation, renforce l&rsquo;efficacit\u00e9 et am\u00e9liore les performances. R\u00e9f\u00e9rence soumise \u00e0 une Eco-participation mobilier de 15.81\u20ac par unit\u00e9 vendue. Le d\u00e9givrage automatique maximise l&rsquo;efficacit\u00e9 et les performances de refroidissement. La construction facile \u00e0 nettoyer facilite l&rsquo;entretien de l&rsquo;unit\u00e9. Contr\u00f4les de temp\u00e9rature et affichage num\u00e9riques pr\u00e9cis et conviviaux. La porte verrouillable \u00e0 fermeture automatique am\u00e9liore la s\u00e9curit\u00e9 et aide \u00e0 maintenir la temp\u00e9rature. Roulettes verrouillables robustes permettant un positionnement facile pour faciliter le nettoyage et l&rsquo;installation. Refroidissement assist\u00e9 par ventilateur pour un r\u00e9tablissement rapide de la temp\u00e9rature. Capacit\u00e9 utilisable nette\u00a0: 376 L. Plage de temp\u00e9rature ambiante\u00a0: 5\u00b0C \u00e0 32\u00b0C. Trois \u00e9tag\u00e8res r\u00e9glables robustes am\u00e9liorent l&rsquo;espace de rangement.<\/p>\n<p>Caract\u00e9ristiques :<br \/> Capacit\u00e9 : 600 L \/ 0,6 m\u00e8tres cube.<br \/> Dimensions : 2000(H) x 680(L) x 815(P) mm.<br \/> Mati\u00e8re : Inox et aluminium.<br \/> Isolation : Isolation parois et porte  6 cm.<br \/> Fr\u00e9on : R600a.<br \/> Temp\u00e9rature : -2 \u00b0C \u00e0 5 \u00b0C.<br \/> Voltage : 230V.<br \/> Couleur : Acier inoxydable.<br \/> Puissance : 300 W.<br \/> Temp\u00e9rature ambiante : 32 \u00b0C.<br \/> Classe climatique : 4.<br \/> Classe \u00e9nerg\u00e9tique : C.<br \/> Bac GN : GN 2\/1XY.<\/p>\n","protected":false},"excerpt":{"rendered":"<div><img decoding=\"async\" src=\"https:\/\/abinox-chr-clim.com\/wp-content\/uploads\/2024\/03\/abinox-garantie.webp\" width=\"400px\"\/><\/div>\n<p>Armoire r\u00e9frig\u00e9r\u00e9e positive GN 1 porte Polar S\u00e9rie G 600L<\/p>\n","protected":false},"featured_media":101131,"comment_status":"closed","ping_status":"closed","template":"","meta":[],"product_brand":[],"product_cat":[1250,1249,1296],"product_tag":[],"class_list":{"0":"post-68824","1":"product","2":"type-product","3":"status-publish","4":"has-post-thumbnail","6":"product_cat-armoires-refrigerees","7":"product_cat-froid","8":"product_cat-palettisable","10":"first","11":"outofstock","12":"featured","13":"taxable","14":"shipping-taxable","15":"purchasable","16":"product-type-simple"},"_links":{"self":[{"href":"https:\/\/abinox-chr-clim.com\/index.php\/wp-json\/wp\/v2\/product\/68824","targetHints":{"allow":["GET"]}}],"collection":[{"href":"https:\/\/abinox-chr-clim.com\/index.php\/wp-json\/wp\/v2\/product"}],"about":[{"href":"https:\/\/abinox-chr-clim.com\/index.php\/wp-json\/wp\/v2\/types\/product"}],"replies":[{"embeddable":true,"href":"https:\/\/abinox-chr-clim.com\/index.php\/wp-json\/wp\/v2\/comments?post=68824"}],"wp:featuredmedia":[{"embeddable":true,"href":"https:\/\/abinox-chr-clim.com\/index.php\/wp-json\/wp\/v2\/media\/101131"}],"wp:attachment":[{"href":"https:\/\/abinox-chr-clim.com\/index.php\/wp-json\/wp\/v2\/media?parent=68824"}],"wp:term":[{"taxonomy":"product_brand","embeddable":true,"href":"https:\/\/abinox-chr-clim.com\/index.php\/wp-json\/wp\/v2\/product_brand?post=68824"},{"taxonomy":"product_cat","embeddable":true,"href":"https:\/\/abinox-chr-clim.com\/index.php\/wp-json\/wp\/v2\/product_cat?post=68824"},{"taxonomy":"product_tag","embeddable":true,"href":"https:\/\/abinox-chr-clim.com\/index.php\/wp-json\/wp\/v2\/product_tag?post=68824"}],"curies":[{"name":"wp","href":"https:\/\/api.w.org\/{rel}","templated":true}]}}