{"id":68823,"date":"2024-03-22T16:17:58","date_gmt":"2024-03-22T15:17:58","guid":{"rendered":"https:\/\/abinox-chr-clim.com\/index.php\/product\/armoire-refrigeree-negative-1-porte-440l-polar-serie-g\/"},"modified":"2026-04-11T08:46:30","modified_gmt":"2026-04-11T06:46:30","slug":"armoire-refrigeree-negative-1-porte-440l-polar-serie-g","status":"publish","type":"product","link":"https:\/\/abinox-chr-clim.com\/index.php\/product\/armoire-refrigeree-negative-1-porte-440l-polar-serie-g\/","title":{"rendered":"Armoire r\u00e9frig\u00e9r\u00e9e n\u00e9gative 1 porte 440L Polar S\u00e9rie G"},"content":{"rendered":"<p>Armoires r\u00e9frig\u00e9r\u00e9es verrouillables avec portes \u00e0 fermeture automatique, pour le stockage de denr\u00e9es dans  les cuisines professionnelles de volume  moyen. Commande enti\u00e8rement automatique avec affichage num\u00e9rique constant. Encombrement r\u00e9duit pour s&rsquo;ins\u00e9rer dans les petits espaces et lieux \u00e9troits. Filtre amovible pour un entretien facile. Roues verrouillables.<br \/>3 \u00e9tag\u00e8res \u00e0 hauteur r\u00e9glable inclues (530 L x 540 P mm). Construction facile \u00e0 nettoyer. Indicateur digital de temp\u00e9rature et commande facilement accessible.R\u00e9f\u00e9rence soumise \u00e0 une Eco-participation mobilier de 14.61\u20ac par unit\u00e9 vendue. Roulettes robustes avec frein facilitant le positionnement. D\u00e9givrage automatique. Refroidissement assist\u00e9 par ventilateur garantissant un retour rapide en temp\u00e9rature. Poids maximum par \u00e9tag\u00e8re 21kg. L&rsquo;installation d&rsquo;une porte r\u00e9versible permet de s&rsquo;adapter au mieux \u00e0 votre pi\u00e8ce et cr\u00e9er plus d&rsquo;espace. Porte \u00e0 fermeture automatique verrouillable. Capacit\u00e9 nette utile : 313L. Temp\u00e9rature ambiante maxi 32\u00b0C.R\u00e9f\u00e9rence soumise \u00e0 une Eco-participation DEEE de 8,13\u20ac par unit\u00e9 vendue. 3 \u00e9tag\u00e8res \u00e0 hauteur r\u00e9glable inclues (530 L x 540 P mm).<\/p>\n<p>Caract\u00e9ristiques :<br \/> Capacit\u00e9 : 440 L.<br \/> Dimensions : 1950(H) x 685(L) x 710(P) mm.<br \/> Mati\u00e8re : .<br \/> Isolation : 6 cm.<br \/> Fr\u00e9on : R290.<br \/> Temp\u00e9rature : -20 \u00b0C \u00e0 -10 \u00b0C.<br \/> Voltage : 230V.<br \/> Couleur : Acier inoxydable.<br \/> Puissance : 550 W.<br \/> Temp\u00e9rature ambiante : 32 \u00b0C.<br \/> Classe climatique : 4.<br \/> Classe \u00e9nerg\u00e9tique : D.<\/p>\n","protected":false},"excerpt":{"rendered":"<div><img decoding=\"async\" src=\"https:\/\/abinox-chr-clim.com\/wp-content\/uploads\/2024\/03\/abinox-garantie.webp\" width=\"400px\"\/><\/div>\n<p>Armoire r\u00e9frig\u00e9r\u00e9e n\u00e9gative 1 porte 440L Polar S\u00e9rie G<\/p>\n","protected":false},"featured_media":101130,"comment_status":"closed","ping_status":"closed","template":"","meta":[],"product_brand":[],"product_cat":[1250,1249,1296],"product_tag":[],"class_list":{"0":"post-68823","1":"product","2":"type-product","3":"status-publish","4":"has-post-thumbnail","6":"product_cat-armoires-refrigerees","7":"product_cat-froid","8":"product_cat-palettisable","10":"first","11":"instock","12":"featured","13":"taxable","14":"shipping-taxable","15":"purchasable","16":"product-type-simple"},"_links":{"self":[{"href":"https:\/\/abinox-chr-clim.com\/index.php\/wp-json\/wp\/v2\/product\/68823","targetHints":{"allow":["GET"]}}],"collection":[{"href":"https:\/\/abinox-chr-clim.com\/index.php\/wp-json\/wp\/v2\/product"}],"about":[{"href":"https:\/\/abinox-chr-clim.com\/index.php\/wp-json\/wp\/v2\/types\/product"}],"replies":[{"embeddable":true,"href":"https:\/\/abinox-chr-clim.com\/index.php\/wp-json\/wp\/v2\/comments?post=68823"}],"wp:featuredmedia":[{"embeddable":true,"href":"https:\/\/abinox-chr-clim.com\/index.php\/wp-json\/wp\/v2\/media\/101130"}],"wp:attachment":[{"href":"https:\/\/abinox-chr-clim.com\/index.php\/wp-json\/wp\/v2\/media?parent=68823"}],"wp:term":[{"taxonomy":"product_brand","embeddable":true,"href":"https:\/\/abinox-chr-clim.com\/index.php\/wp-json\/wp\/v2\/product_brand?post=68823"},{"taxonomy":"product_cat","embeddable":true,"href":"https:\/\/abinox-chr-clim.com\/index.php\/wp-json\/wp\/v2\/product_cat?post=68823"},{"taxonomy":"product_tag","embeddable":true,"href":"https:\/\/abinox-chr-clim.com\/index.php\/wp-json\/wp\/v2\/product_tag?post=68823"}],"curies":[{"name":"wp","href":"https:\/\/api.w.org\/{rel}","templated":true}]}}