{"id":68820,"date":"2024-03-22T16:17:57","date_gmt":"2024-03-22T15:17:57","guid":{"rendered":"https:\/\/abinox-chr-clim.com\/index.php\/product\/armoire-compacte-negative-une-porte-346l-gram-f-420-rg\/"},"modified":"2026-04-11T09:20:26","modified_gmt":"2026-04-11T07:20:26","slug":"armoire-compacte-negative-une-porte-346l-gram-f-420-rg","status":"publish","type":"product","link":"https:\/\/abinox-chr-clim.com\/index.php\/product\/armoire-compacte-negative-une-porte-346l-gram-f-420-rg\/","title":{"rendered":"Armoire compacte n\u00e9gative une porte 346L Gram F 420 RG"},"content":{"rendered":"<p>Porte ferr\u00e9e \u00e0 droite r\u00e9versible verrouillable. Volume utile net: 265L. Volume brut: 346L. 6 \u00e9tag\u00e8res blanches r\u00e9glables (5 x 486x433mm shelves et 1 \u00e9tag\u00e8re inf\u00e9rieure 486x300mm). D\u00e9givrage automatique. Affichage digital de la temp\u00e9rature. Temp\u00e9rature ambiante maxi : 30\u00b0C. Niveau sonore : 38,6dB.R\u00e9f\u00e9rence soumise \u00e0 une Eco-participation DEEE de 5,07\u20ac par unit\u00e9 vendue. Porte ferr\u00e9e \u00e0 droite r\u00e9versible verrouillable.<\/p>\n<p>Caract\u00e9ristiques :<br \/> Capacit\u00e9 : 359 L.<br \/> Dimensions : 1900(H) x 595(L) x 642(P) mm.<br \/> Mati\u00e8re : .<br \/> Isolation : 5 cm.<br \/> Fr\u00e9on : R600a.<br \/> Temp\u00e9rature : -22 \u00b0C \u00e0 -5 \u00b0C.<br \/> Voltage : 230V.<br \/> Couleur : .<br \/> Puissance : 112 W.<br \/> Temp\u00e9rature ambiante : 32 \u00b0C.<br \/> Classe climatique : 4.<br \/> Classe \u00e9nerg\u00e9tique : C.<\/p>\n","protected":false},"excerpt":{"rendered":"<div><img decoding=\"async\" src=\"https:\/\/abinox-chr-clim.com\/wp-content\/uploads\/2024\/03\/abinox-garantie.webp\" width=\"400px\"\/><\/div>\n<p>Armoire compacte n\u00e9gative une porte 346L Gram F 420 RG<\/p>\n","protected":false},"featured_media":101119,"comment_status":"closed","ping_status":"closed","template":"","meta":[],"product_brand":[],"product_cat":[1250,1249,1296],"product_tag":[],"class_list":{"0":"post-68820","1":"product","2":"type-product","3":"status-publish","4":"has-post-thumbnail","6":"product_cat-armoires-refrigerees","7":"product_cat-froid","8":"product_cat-palettisable","10":"first","11":"outofstock","12":"featured","13":"taxable","14":"shipping-taxable","15":"purchasable","16":"product-type-simple"},"_links":{"self":[{"href":"https:\/\/abinox-chr-clim.com\/index.php\/wp-json\/wp\/v2\/product\/68820","targetHints":{"allow":["GET"]}}],"collection":[{"href":"https:\/\/abinox-chr-clim.com\/index.php\/wp-json\/wp\/v2\/product"}],"about":[{"href":"https:\/\/abinox-chr-clim.com\/index.php\/wp-json\/wp\/v2\/types\/product"}],"replies":[{"embeddable":true,"href":"https:\/\/abinox-chr-clim.com\/index.php\/wp-json\/wp\/v2\/comments?post=68820"}],"wp:featuredmedia":[{"embeddable":true,"href":"https:\/\/abinox-chr-clim.com\/index.php\/wp-json\/wp\/v2\/media\/101119"}],"wp:attachment":[{"href":"https:\/\/abinox-chr-clim.com\/index.php\/wp-json\/wp\/v2\/media?parent=68820"}],"wp:term":[{"taxonomy":"product_brand","embeddable":true,"href":"https:\/\/abinox-chr-clim.com\/index.php\/wp-json\/wp\/v2\/product_brand?post=68820"},{"taxonomy":"product_cat","embeddable":true,"href":"https:\/\/abinox-chr-clim.com\/index.php\/wp-json\/wp\/v2\/product_cat?post=68820"},{"taxonomy":"product_tag","embeddable":true,"href":"https:\/\/abinox-chr-clim.com\/index.php\/wp-json\/wp\/v2\/product_tag?post=68820"}],"curies":[{"name":"wp","href":"https:\/\/api.w.org\/{rel}","templated":true}]}}