{"id":68819,"date":"2024-03-22T16:17:56","date_gmt":"2024-03-22T15:17:56","guid":{"rendered":"https:\/\/abinox-chr-clim.com\/index.php\/product\/refrigerateur-de-pharmacie-dessous-de-comptoir-polar-128-l\/"},"modified":"2026-04-11T10:09:21","modified_gmt":"2026-04-11T08:09:21","slug":"refrigerateur-de-pharmacie-dessous-de-comptoir-polar-128-l","status":"publish","type":"product","link":"https:\/\/abinox-chr-clim.com\/index.php\/product\/refrigerateur-de-pharmacie-dessous-de-comptoir-polar-128-l\/","title":{"rendered":"R\u00e9frig\u00e9rateur de pharmacie dessous de comptoir Polar 128 L"},"content":{"rendered":"<p>R\u00e9frig\u00e9rateur m\u00e9dical tr\u00e8s pr\u00e9cis avec alarmes int\u00e9gr\u00e9es pour la temp\u00e9rature, l&rsquo;ouverture de la porte et les coupures de courant.<br \/>Finition en acier blanc facile \u00e0 nettoyer et gain de temps. Le refroidissement par air forc\u00e9 fournit un refroidissement rapide et uniforme dans tout l&rsquo;int\u00e9rieur, m\u00eame lorsque la porte s&rsquo;ouvre r\u00e9guli\u00e8rement. Deux \u00e9tag\u00e8res amovibles pleine largeur et une demi-\u00e9tag\u00e8re. R\u00e9f\u00e9rence soumise \u00e0 une Eco-participation mobilier de 5.34\u20ac par unit\u00e9 vendue. Contr\u00f4leur et affichage num\u00e9riques intuitifs et pr\u00e9cis. 60 mm d&rsquo;isolation contribuent \u00e0 am\u00e9liorer l&rsquo;efficacit\u00e9 \u00e9nerg\u00e9tique et \u00e0 r\u00e9duire les co\u00fbts de fonctionnement. Alarmes pour porte ouverte, hausse\/baisse de temp\u00e9rature et coupure de courant. Verrouillable pour plus de s\u00e9curit\u00e9 des stocks.Le d\u00e9givrage automatique aide \u00e0 maintenir l&rsquo;efficacit\u00e9 et les performances de refroidissement. Finition en acier blanc facile \u00e0 nettoyer et gain de temps.<\/p>\n<p>Caract\u00e9ristiques :<br \/> Capacit\u00e9 : 128 L.<br \/> Dimensions : 839(H) x 600(L) x 595(P) mm.<br \/> Mati\u00e8re : Acier.<br \/> Fr\u00e9on : R600a \/ 55g.<br \/> Temp\u00e9rature : 2 \u00b0C \u00e0 8 \u00b0C.<br \/> Voltage : 220V.<br \/> Couleur : Blanc.<br \/> Temp\u00e9rature ambiante : 32 \u00b0C.<br \/> Classe climatique : 4.<\/p>\n","protected":false},"excerpt":{"rendered":"<div><img decoding=\"async\" src=\"https:\/\/abinox-chr-clim.com\/wp-content\/uploads\/2024\/03\/abinox-garantie.webp\" width=\"400px\"\/><\/div>\n<p>R\u00e9frig\u00e9rateur de pharmacie dessous de comptoir Polar 128 L<\/p>\n","protected":false},"featured_media":100618,"comment_status":"closed","ping_status":"closed","template":"","meta":[],"product_brand":[],"product_cat":[1250,1249,1296],"product_tag":[],"class_list":{"0":"post-68819","1":"product","2":"type-product","3":"status-publish","4":"has-post-thumbnail","6":"product_cat-armoires-refrigerees","7":"product_cat-froid","8":"product_cat-palettisable","10":"first","11":"instock","12":"featured","13":"taxable","14":"shipping-taxable","15":"purchasable","16":"product-type-simple"},"_links":{"self":[{"href":"https:\/\/abinox-chr-clim.com\/index.php\/wp-json\/wp\/v2\/product\/68819","targetHints":{"allow":["GET"]}}],"collection":[{"href":"https:\/\/abinox-chr-clim.com\/index.php\/wp-json\/wp\/v2\/product"}],"about":[{"href":"https:\/\/abinox-chr-clim.com\/index.php\/wp-json\/wp\/v2\/types\/product"}],"replies":[{"embeddable":true,"href":"https:\/\/abinox-chr-clim.com\/index.php\/wp-json\/wp\/v2\/comments?post=68819"}],"wp:featuredmedia":[{"embeddable":true,"href":"https:\/\/abinox-chr-clim.com\/index.php\/wp-json\/wp\/v2\/media\/100618"}],"wp:attachment":[{"href":"https:\/\/abinox-chr-clim.com\/index.php\/wp-json\/wp\/v2\/media?parent=68819"}],"wp:term":[{"taxonomy":"product_brand","embeddable":true,"href":"https:\/\/abinox-chr-clim.com\/index.php\/wp-json\/wp\/v2\/product_brand?post=68819"},{"taxonomy":"product_cat","embeddable":true,"href":"https:\/\/abinox-chr-clim.com\/index.php\/wp-json\/wp\/v2\/product_cat?post=68819"},{"taxonomy":"product_tag","embeddable":true,"href":"https:\/\/abinox-chr-clim.com\/index.php\/wp-json\/wp\/v2\/product_tag?post=68819"}],"curies":[{"name":"wp","href":"https:\/\/api.w.org\/{rel}","templated":true}]}}