{"id":68818,"date":"2024-03-22T16:17:56","date_gmt":"2024-03-22T15:17:56","guid":{"rendered":"https:\/\/abinox-chr-clim.com\/index.php\/product\/armoire-refrigeree-positive-true-slimline-t-19-hc\/"},"modified":"2026-04-11T09:57:05","modified_gmt":"2026-04-11T07:57:05","slug":"armoire-refrigeree-positive-true-slimline-t-19-hc","status":"publish","type":"product","link":"https:\/\/abinox-chr-clim.com\/index.php\/product\/armoire-refrigeree-positive-true-slimline-t-19-hc\/","title":{"rendered":"Armoire r\u00e9frig\u00e9r\u00e9e positive True Slimline T-19-HC"},"content":{"rendered":"<p>Avec des portes battantes \u00e0 fermeture automatique et un r\u00e9frig\u00e9rant \u00e0 base d&rsquo;hydrocarbures pour un \u00e9puisement nul de la couche d&rsquo;ozone, ces unit\u00e9s sont con\u00e7ues pour fonctionner proprement et efficacement. Elles pr\u00e9servent les aliments \u00e0 la temp\u00e9rature optimale et la construction inox \u00e0 haute r\u00e9sistance est extr\u00eamement durable. Dimensions compactes. Portes \u00e9quip\u00e9es d&rsquo;un syst\u00e8me de fermeture par torsion. Afficheur de temp\u00e9rature en fa\u00e7ade. Attention, produit ni repris  ni \u00e9chang\u00e9.<br \/>Construction facile \u00e0 nettoyer gain de temps. Commandes et affichage de la temp\u00e9rature num\u00e9riques conviviaux. Fonctionnement tr\u00e8s efficace avec cote \u00e9nerg\u00e9tique C. R\u00e9f\u00e9rence soumise \u00e0 une Eco-participation mobilier de 10.03\u20ac par unit\u00e9 vendue. Syst\u00e8me de r\u00e9frig\u00e9ration \u00e0 hydrocarbures \u00e0 la pointe de la technologie. Le moteur du ventilateur du condenseur s&rsquo;inverse pendant les cycles de d\u00e9givrage pour aider \u00e0 garder le serpentin du condenseur exempt de salet\u00e9, de poussi\u00e8re et de d\u00e9bris.Conception mince et peu encombrante pour les cuisines avec un espace limit\u00e9. Construction facile \u00e0 nettoyer gain de temps.<\/p>\n<p>Caract\u00e9ristiques :<br \/> Capacit\u00e9 : 431 L.<br \/> Dimensions : 1995(H) x 686(L) x 623(P) mm.<br \/> Mati\u00e8re : Inox et aluminium.<br \/> Isolation : 4,3 cm.<br \/> Fr\u00e9on : R290.<br \/> Temp\u00e9rature : 0,5 \u00b0C \u00e0 3,3 \u00b0C.<br \/> Voltage : 230V.<br \/> Couleur : Argent.<br \/> Puissance : 207 W.<br \/> Temp\u00e9rature ambiante : 40 \u00b0C.<br \/> Classe climatique : 5.<br \/> Classe \u00e9nerg\u00e9tique : C.<\/p>\n","protected":false},"excerpt":{"rendered":"<div><img decoding=\"async\" src=\"https:\/\/abinox-chr-clim.com\/wp-content\/uploads\/2024\/03\/abinox-garantie.webp\" width=\"400px\"\/><\/div>\n<p>Armoire r\u00e9frig\u00e9r\u00e9e positive True Slimline T-19-HC<\/p>\n","protected":false},"featured_media":95111,"comment_status":"closed","ping_status":"closed","template":"","meta":[],"product_brand":[],"product_cat":[1250,1249,1296],"product_tag":[],"class_list":{"0":"post-68818","1":"product","2":"type-product","3":"status-publish","4":"has-post-thumbnail","6":"product_cat-armoires-refrigerees","7":"product_cat-froid","8":"product_cat-palettisable","10":"first","11":"outofstock","12":"featured","13":"taxable","14":"shipping-taxable","15":"purchasable","16":"product-type-simple"},"_links":{"self":[{"href":"https:\/\/abinox-chr-clim.com\/index.php\/wp-json\/wp\/v2\/product\/68818","targetHints":{"allow":["GET"]}}],"collection":[{"href":"https:\/\/abinox-chr-clim.com\/index.php\/wp-json\/wp\/v2\/product"}],"about":[{"href":"https:\/\/abinox-chr-clim.com\/index.php\/wp-json\/wp\/v2\/types\/product"}],"replies":[{"embeddable":true,"href":"https:\/\/abinox-chr-clim.com\/index.php\/wp-json\/wp\/v2\/comments?post=68818"}],"wp:featuredmedia":[{"embeddable":true,"href":"https:\/\/abinox-chr-clim.com\/index.php\/wp-json\/wp\/v2\/media\/95111"}],"wp:attachment":[{"href":"https:\/\/abinox-chr-clim.com\/index.php\/wp-json\/wp\/v2\/media?parent=68818"}],"wp:term":[{"taxonomy":"product_brand","embeddable":true,"href":"https:\/\/abinox-chr-clim.com\/index.php\/wp-json\/wp\/v2\/product_brand?post=68818"},{"taxonomy":"product_cat","embeddable":true,"href":"https:\/\/abinox-chr-clim.com\/index.php\/wp-json\/wp\/v2\/product_cat?post=68818"},{"taxonomy":"product_tag","embeddable":true,"href":"https:\/\/abinox-chr-clim.com\/index.php\/wp-json\/wp\/v2\/product_tag?post=68818"}],"curies":[{"name":"wp","href":"https:\/\/api.w.org\/{rel}","templated":true}]}}