{"id":68816,"date":"2024-03-22T16:17:51","date_gmt":"2024-03-22T15:17:51","guid":{"rendered":"https:\/\/abinox-chr-clim.com\/index.php\/product\/armoire-refrigeree-negative-1-porte-true-651l-t-23f-hc\/"},"modified":"2026-04-11T09:56:59","modified_gmt":"2026-04-11T07:56:59","slug":"armoire-refrigeree-negative-1-porte-true-651l-t-23f-hc","status":"publish","type":"product","link":"https:\/\/abinox-chr-clim.com\/index.php\/product\/armoire-refrigeree-negative-1-porte-true-651l-t-23f-hc\/","title":{"rendered":"Armoire r\u00e9frig\u00e9r\u00e9e n\u00e9gative 1 porte True 651L T-23F-HC"},"content":{"rendered":"<p>Armoire r\u00e9frig\u00e9r\u00e9e n\u00e9gative fiable et efficace b\u00e9n\u00e9ficiant d&rsquo;une longue garantie.<br \/>Un serpentin d&rsquo;\u00e9vaporation de tr\u00e8s grande taille, \u00e9quilibr\u00e9 par un compresseur de plus grande puissance et un condenseur de grande taille, permet de maintenir la temp\u00e9rature de l&rsquo;armoire \u00e0 -23,3\u00b0C. Id\u00e9al pour les aliments surgel\u00e9s et les glaces. Porte et fa\u00e7ade pleines en acier inoxydable. R\u00e9sistance \u00e0 la traction plus \u00e9lev\u00e9e pour moins de bosses et de rayures. \u00c9tag\u00e8res r\u00e9glables enduites de PVC robustes. Porte \u00e0 fermeture automatique \u00e0 joint positif. Charni\u00e8res de porte et syst\u00e8me de fermeture \u00e0 torsion garantis \u00e0 vie. Syst\u00e8me de d\u00e9givrage automatique d\u00e9clench\u00e9 par le temps et la temp\u00e9rature. \u00c9conomise la consommation d&rsquo;\u00e9nergie et permet un cycle de d\u00e9givrage aussi court que possible.Le compresseur fonctionne mieux dans les zones de cuisine les plus froides et exemptes de graisse. Serpentin de condenseur facilement accessible pour le nettoyage. Etag\u00e8re inf\u00e9rieure sans syst\u00e8me de blocage. Livr\u00e9e avec 4 \u00e9tag\u00e8res r\u00e9glables et r\u00e9sistantes recouvertes de PVC. Livr\u00e9 avec roulettes (\u00e0 visser). Groupe de froid mont\u00e9 en partie basse de l\u00bfappareil. Dimensions \u00e9tag\u00e8re : 582(L) x 591(P)mm. Capacit\u00e9 : 80kg\/\u00e9tag\u00e8re. Un serpentin d&rsquo;\u00e9vaporation de tr\u00e8s grande taille, \u00e9quilibr\u00e9 par un compresseur de plus grande puissance et un condenseur de grande taille, permet de maintenir la temp\u00e9rature de l&rsquo;armoire \u00e0 -23,3\u00b0C. Id\u00e9al pour les aliments surgel\u00e9s et les glaces.<\/p>\n<p>Caract\u00e9ristiques :<br \/> Capacit\u00e9 : 651 L.<br \/> Dimensions : 2074(H) x 686(L) x 750(P) mm.<br \/> Mati\u00e8re : Inox.<br \/> Sortie : 897W.<br \/> Isolation : 4,3 cm.<br \/> Fr\u00e9on : R290.<br \/> Temp\u00e9rature : -23 \u00b0C \u00e0 -23,3 \u00b0C.<br \/> Voltage : 230V.<br \/> Couleur : Argent.<br \/> Temp\u00e9rature ambiante : 40 \u00b0C.<br \/> Classe climatique : 5.<br \/> Classe \u00e9nerg\u00e9tique : D.<\/p>\n","protected":false},"excerpt":{"rendered":"<div><img decoding=\"async\" src=\"https:\/\/abinox-chr-clim.com\/wp-content\/uploads\/2024\/03\/abinox-garantie.webp\" width=\"400px\"\/><\/div>\n<p>Armoire r\u00e9frig\u00e9r\u00e9e n\u00e9gative 1 porte True 651L T-23F-HC<\/p>\n","protected":false},"featured_media":87307,"comment_status":"closed","ping_status":"closed","template":"","meta":[],"product_brand":[],"product_cat":[1250,1249,1296],"product_tag":[],"class_list":{"0":"post-68816","1":"product","2":"type-product","3":"status-publish","4":"has-post-thumbnail","6":"product_cat-armoires-refrigerees","7":"product_cat-froid","8":"product_cat-palettisable","10":"first","11":"outofstock","12":"featured","13":"taxable","14":"shipping-taxable","15":"purchasable","16":"product-type-simple"},"_links":{"self":[{"href":"https:\/\/abinox-chr-clim.com\/index.php\/wp-json\/wp\/v2\/product\/68816","targetHints":{"allow":["GET"]}}],"collection":[{"href":"https:\/\/abinox-chr-clim.com\/index.php\/wp-json\/wp\/v2\/product"}],"about":[{"href":"https:\/\/abinox-chr-clim.com\/index.php\/wp-json\/wp\/v2\/types\/product"}],"replies":[{"embeddable":true,"href":"https:\/\/abinox-chr-clim.com\/index.php\/wp-json\/wp\/v2\/comments?post=68816"}],"wp:featuredmedia":[{"embeddable":true,"href":"https:\/\/abinox-chr-clim.com\/index.php\/wp-json\/wp\/v2\/media\/87307"}],"wp:attachment":[{"href":"https:\/\/abinox-chr-clim.com\/index.php\/wp-json\/wp\/v2\/media?parent=68816"}],"wp:term":[{"taxonomy":"product_brand","embeddable":true,"href":"https:\/\/abinox-chr-clim.com\/index.php\/wp-json\/wp\/v2\/product_brand?post=68816"},{"taxonomy":"product_cat","embeddable":true,"href":"https:\/\/abinox-chr-clim.com\/index.php\/wp-json\/wp\/v2\/product_cat?post=68816"},{"taxonomy":"product_tag","embeddable":true,"href":"https:\/\/abinox-chr-clim.com\/index.php\/wp-json\/wp\/v2\/product_tag?post=68816"}],"curies":[{"name":"wp","href":"https:\/\/api.w.org\/{rel}","templated":true}]}}