{"id":68812,"date":"2024-03-22T16:17:50","date_gmt":"2024-03-22T15:17:50","guid":{"rendered":"https:\/\/abinox-chr-clim.com\/index.php\/product\/armoire-refrigeree-positive-2-portillons-gn-2-1-polar-serie-g\/"},"modified":"2026-04-11T09:32:32","modified_gmt":"2026-04-11T07:32:32","slug":"armoire-refrigeree-positive-2-portillons-gn-2-1-polar-serie-g","status":"publish","type":"product","link":"https:\/\/abinox-chr-clim.com\/index.php\/product\/armoire-refrigeree-positive-2-portillons-gn-2-1-polar-serie-g\/","title":{"rendered":"Armoire r\u00e9frig\u00e9r\u00e9e positive 2 portillons GN 2\/1 Polar S\u00e9rie G"},"content":{"rendered":"<p>Armoires avec 2 portillons 50\/50. Le fait de placer les produits les plus utilis\u00e9s dans la partie sup\u00e9rieure et d&rsquo;ouvrir un seul portillon permet \u00e0 l&rsquo;air froid de descendre dans la partie inf\u00e9rieure et de re-circuler lors de la fermeture de la porte, ce qui permet un retour en temp\u00e9rature plus rapide et plus efficace. Pour une utilisation peu \u00e0 moyennement intensive. Roulettes verrouillables. NB : Pr\u00e9voir imp\u00e9rativement un espace de 50 cm entre l\u00bfappareil et le plafond.<br \/>600L brut, 376L net. Ext\u00e9rieur inox et int\u00e9rieur aluminium. Refroidissement assit\u00e9 par ventilateur. R\u00e9f\u00e9rence soumise \u00e0 une Eco-participation mobilier de 14.72\u20ac par unit\u00e9 vendue. Arr\u00eat automatique du cycle de d\u00e9givrage. L&rsquo;installation d&rsquo;une porte r\u00e9versible permet de s&rsquo;adapter au mieux \u00e0 votre pi\u00e8ce et cr\u00e9er plus d&rsquo;espace. Commandes automatiques avec affichage constant de la temp\u00e9rature. Isolation 60mm. 3 \u00e9tag\u00e8res r\u00e9glables et 1 protection de sol. 600L brut, 376L net.<\/p>\n<p>Caract\u00e9ristiques :<br \/> Capacit\u00e9 : 10 x GN 2\/1 (profondeur 10 cm).<br \/> Dimensions : 2010(H) x 680(L) x 800(P) mm.<br \/> Mati\u00e8re : Acier inoxydable.<br \/> Isolation : 6 cm.<br \/> Fr\u00e9on : R600a.<br \/> Temp\u00e9rature : -2 \u00b0C \u00e0 5 \u00b0C.<br \/> Voltage : 230V.<br \/> Couleur : Acier inoxydable.<br \/> Puissance : 300 W.<br \/> Temp\u00e9rature ambiante : 32 \u00b0C.<br \/> Classe climatique : 4.<br \/> Classe \u00e9nerg\u00e9tique : C.<br \/> Bac GN : GN 2\/1XY.<\/p>\n","protected":false},"excerpt":{"rendered":"<div><img decoding=\"async\" src=\"https:\/\/abinox-chr-clim.com\/wp-content\/uploads\/2024\/03\/abinox-garantie.webp\" width=\"400px\"\/><\/div>\n<p>Armoire r\u00e9frig\u00e9r\u00e9e positive 2 portillons GN 2\/1 Polar S\u00e9rie G<\/p>\n","protected":false},"featured_media":87163,"comment_status":"closed","ping_status":"closed","template":"","meta":[],"product_brand":[],"product_cat":[1250,1249,1296],"product_tag":[],"class_list":{"0":"post-68812","1":"product","2":"type-product","3":"status-publish","4":"has-post-thumbnail","6":"product_cat-armoires-refrigerees","7":"product_cat-froid","8":"product_cat-palettisable","10":"first","11":"instock","12":"featured","13":"taxable","14":"shipping-taxable","15":"purchasable","16":"product-type-simple"},"_links":{"self":[{"href":"https:\/\/abinox-chr-clim.com\/index.php\/wp-json\/wp\/v2\/product\/68812","targetHints":{"allow":["GET"]}}],"collection":[{"href":"https:\/\/abinox-chr-clim.com\/index.php\/wp-json\/wp\/v2\/product"}],"about":[{"href":"https:\/\/abinox-chr-clim.com\/index.php\/wp-json\/wp\/v2\/types\/product"}],"replies":[{"embeddable":true,"href":"https:\/\/abinox-chr-clim.com\/index.php\/wp-json\/wp\/v2\/comments?post=68812"}],"wp:featuredmedia":[{"embeddable":true,"href":"https:\/\/abinox-chr-clim.com\/index.php\/wp-json\/wp\/v2\/media\/87163"}],"wp:attachment":[{"href":"https:\/\/abinox-chr-clim.com\/index.php\/wp-json\/wp\/v2\/media?parent=68812"}],"wp:term":[{"taxonomy":"product_brand","embeddable":true,"href":"https:\/\/abinox-chr-clim.com\/index.php\/wp-json\/wp\/v2\/product_brand?post=68812"},{"taxonomy":"product_cat","embeddable":true,"href":"https:\/\/abinox-chr-clim.com\/index.php\/wp-json\/wp\/v2\/product_cat?post=68812"},{"taxonomy":"product_tag","embeddable":true,"href":"https:\/\/abinox-chr-clim.com\/index.php\/wp-json\/wp\/v2\/product_tag?post=68812"}],"curies":[{"name":"wp","href":"https:\/\/api.w.org\/{rel}","templated":true}]}}