{"id":68811,"date":"2024-03-22T16:17:50","date_gmt":"2024-03-22T15:17:50","guid":{"rendered":"https:\/\/abinox-chr-clim.com\/index.php\/product\/armoire-refrigeree-negative-gn-double-porte-polar-blanche-serie-g-1200l\/"},"modified":"2026-04-11T08:29:23","modified_gmt":"2026-04-11T06:29:23","slug":"armoire-refrigeree-negative-gn-double-porte-polar-blanche-serie-g-1200l","status":"publish","type":"product","link":"https:\/\/abinox-chr-clim.com\/index.php\/product\/armoire-refrigeree-negative-gn-double-porte-polar-blanche-serie-g-1200l\/","title":{"rendered":"Armoire r\u00e9frig\u00e9r\u00e9e n\u00e9gative GN double porte Polar blanche S\u00e9rie G 1200L"},"content":{"rendered":"<p>Des armoires professionnelles avec affichage num\u00e9rique de la temp\u00e9rature et commande \u00e9lectronique. Roulettes \u00e0 l&rsquo;arri\u00e8re pour une manoeuvrabilit\u00e9 facile. D\u00e9givrage semi-automatique avec intervalle de temps. NB : Pr\u00e9voir imp\u00e9rativement un espace de 50 cm entre l\u00bfappareil et le plafond.<br \/>Ext\u00e9rieur blanc et int\u00e9rieur en aluminium. Isolation 60mm pour \u00e9conomiser de l&rsquo;\u00e9nergie. Froid statique assist\u00e9 par ventilateur. R\u00e9f\u00e9rence soumise \u00e0 une Eco-participation mobilier de 21.26\u20ac par unit\u00e9 vendue. Contr\u00f4leur \u00e9lectronique et affichage digital LED de la temp\u00e9rature. Roulettes verrouillables pour une mise en place facile. D\u00e9givrage semi-automatique avec intervalle de temps. Temp\u00e9ratures ambiantes maximum : 5\u00b0C \u00e0 32\u00b0C. 6 \u00e9tag\u00e8res r\u00e9glables et 2 \u00e9tag\u00e8res inf\u00e9rieures. Capacit\u00e9 nette utile 770L. R\u00e9f\u00e9rence soumise \u00e0 une Eco-participation DEEE de 12,68\u20ac par unit\u00e9 vendue. Ext\u00e9rieur blanc et int\u00e9rieur en aluminium.<\/p>\n<p>Caract\u00e9ristiques :<br \/> Capacit\u00e9 : 1200 L.<br \/> Dimensions : 2000(H) x 1345(L) x 815(P) mm.<br \/> Mati\u00e8re : .<br \/> Isolation : 6 cm.<br \/> Fr\u00e9on : R290.<br \/> Temp\u00e9rature : -20 \u00b0C \u00e0 -10 \u00b0C.<br \/> Voltage : 230V.<br \/> Couleur : Blanc.<br \/> Puissance : 700 W.<br \/> Temp\u00e9rature ambiante : 32 \u00b0C.<br \/> Classe climatique : 4.<br \/> Classe \u00e9nerg\u00e9tique : D.<br \/> Bac GN : GN 2\/1XY.<\/p>\n","protected":false},"excerpt":{"rendered":"<div><img decoding=\"async\" src=\"https:\/\/abinox-chr-clim.com\/wp-content\/uploads\/2024\/03\/abinox-garantie.webp\" width=\"400px\"\/><\/div>\n<p>Armoire r\u00e9frig\u00e9r\u00e9e n\u00e9gative GN double porte Polar blanche S\u00e9rie G 1200L<\/p>\n","protected":false},"featured_media":81936,"comment_status":"closed","ping_status":"closed","template":"","meta":[],"product_brand":[],"product_cat":[1250,1249,1296],"product_tag":[],"class_list":{"0":"post-68811","1":"product","2":"type-product","3":"status-publish","4":"has-post-thumbnail","6":"product_cat-armoires-refrigerees","7":"product_cat-froid","8":"product_cat-palettisable","10":"first","11":"instock","12":"featured","13":"taxable","14":"shipping-taxable","15":"purchasable","16":"product-type-simple"},"_links":{"self":[{"href":"https:\/\/abinox-chr-clim.com\/index.php\/wp-json\/wp\/v2\/product\/68811","targetHints":{"allow":["GET"]}}],"collection":[{"href":"https:\/\/abinox-chr-clim.com\/index.php\/wp-json\/wp\/v2\/product"}],"about":[{"href":"https:\/\/abinox-chr-clim.com\/index.php\/wp-json\/wp\/v2\/types\/product"}],"replies":[{"embeddable":true,"href":"https:\/\/abinox-chr-clim.com\/index.php\/wp-json\/wp\/v2\/comments?post=68811"}],"wp:featuredmedia":[{"embeddable":true,"href":"https:\/\/abinox-chr-clim.com\/index.php\/wp-json\/wp\/v2\/media\/81936"}],"wp:attachment":[{"href":"https:\/\/abinox-chr-clim.com\/index.php\/wp-json\/wp\/v2\/media?parent=68811"}],"wp:term":[{"taxonomy":"product_brand","embeddable":true,"href":"https:\/\/abinox-chr-clim.com\/index.php\/wp-json\/wp\/v2\/product_brand?post=68811"},{"taxonomy":"product_cat","embeddable":true,"href":"https:\/\/abinox-chr-clim.com\/index.php\/wp-json\/wp\/v2\/product_cat?post=68811"},{"taxonomy":"product_tag","embeddable":true,"href":"https:\/\/abinox-chr-clim.com\/index.php\/wp-json\/wp\/v2\/product_tag?post=68811"}],"curies":[{"name":"wp","href":"https:\/\/api.w.org\/{rel}","templated":true}]}}