{"id":68810,"date":"2024-03-22T16:17:49","date_gmt":"2024-03-22T15:17:49","guid":{"rendered":"https:\/\/abinox-chr-clim.com\/index.php\/product\/armoire-refrigeree-negative-polar-serie-c-600l\/"},"modified":"2026-04-11T08:29:22","modified_gmt":"2026-04-11T06:29:22","slug":"armoire-refrigeree-negative-polar-serie-c-600l","status":"publish","type":"product","link":"https:\/\/abinox-chr-clim.com\/index.php\/product\/armoire-refrigeree-negative-polar-serie-c-600l\/","title":{"rendered":"Armoire r\u00e9frig\u00e9r\u00e9e n\u00e9gative Polar S\u00e9rie C 600L"},"content":{"rendered":"<p>Des armoires verrouillables \u00e0 petit prix, compatibles gastronorme (GN 2\/1), avec \u00e9cran de temp\u00e9rature digital LED. R\u00e9frig\u00e9rateur assist\u00e9 par ventilateur. Roulettes \u00e0 l&rsquo;arri\u00e8re pour la manoeuvrabilit\u00e9. R\u00e9frig\u00e9rateur livr\u00e9 avec 3 \u00e9tag\u00e8res r\u00e9glables plus une demie, le cong\u00e9lateur avec 7 \u00e9tag\u00e8res fixes. Sans CFC.<br \/>Six \u00e9tag\u00e8res fixes robustes am\u00e9liorent l&rsquo;espace de rangement. L&rsquo;isolation de 60 mm r\u00e9duit les co\u00fbts d&rsquo;exploitation, renforce l&rsquo;efficacit\u00e9 et am\u00e9liore les performances. La porte verrouillable et r\u00e9versible am\u00e9liore la s\u00e9curit\u00e9 et permet un acc\u00e8s facile dans les espaces exigus. R\u00e9f\u00e9rence soumise \u00e0 une Eco-participation mobilier de 12.61\u20ac par unit\u00e9 vendue. Contr\u00f4les de temp\u00e9rature et affichage num\u00e9riques pr\u00e9cis et conviviaux. Roulettes arri\u00e8re fixes permettant un positionnement facile pour un nettoyage et une installation plus simples. La fonction de d\u00e9givrage simple et manuelle aide \u00e0 maintenir le cong\u00e9lateur dans une condition de fonctionnement optimale. Temp\u00e9rature ambiante maximum : 32\u00b0C. La construction facile \u00e0 nettoyer facilite l&rsquo;entretien de l&rsquo;unit\u00e9. Capacit\u00e9 utilisable nette\u00a0: 469 L. Plage de temp\u00e9rature ambiante\u00a0: 10\u00b0C \u00e0 32\u00b0C. Six \u00e9tag\u00e8res fixes robustes am\u00e9liorent l&rsquo;espace de rangement.<\/p>\n<p>Caract\u00e9ristiques :<br \/> Capacit\u00e9 : 600 L.<br \/> Dimensions : 1890(H) x 780(L) x 695(P) mm.<br \/> Mati\u00e8re : .<br \/> Isolation : 6 cm.<br \/> Fr\u00e9on : R600a.<br \/> Temp\u00e9rature : -25 \u00b0C \u00e0 -10 \u00b0C.<br \/> Voltage : 230V.<br \/> Couleur : Blanc.<br \/> Puissance : 350 W.<br \/> Temp\u00e9rature ambiante : 32 \u00b0C.<br \/> Classe climatique : 4.<br \/> Classe \u00e9nerg\u00e9tique : B.<br \/> Bac GN : GN 2\/1XY.<\/p>\n","protected":false},"excerpt":{"rendered":"<div><img decoding=\"async\" src=\"https:\/\/abinox-chr-clim.com\/wp-content\/uploads\/2024\/03\/abinox-garantie.webp\" width=\"400px\"\/><\/div>\n<p>Armoire r\u00e9frig\u00e9r\u00e9e n\u00e9gative Polar S\u00e9rie C 600L<\/p>\n","protected":false},"featured_media":81955,"comment_status":"closed","ping_status":"closed","template":"","meta":[],"product_brand":[],"product_cat":[1250,1249,1296],"product_tag":[],"class_list":{"0":"post-68810","1":"product","2":"type-product","3":"status-publish","4":"has-post-thumbnail","6":"product_cat-armoires-refrigerees","7":"product_cat-froid","8":"product_cat-palettisable","10":"first","11":"instock","12":"featured","13":"taxable","14":"shipping-taxable","15":"purchasable","16":"product-type-simple"},"_links":{"self":[{"href":"https:\/\/abinox-chr-clim.com\/index.php\/wp-json\/wp\/v2\/product\/68810","targetHints":{"allow":["GET"]}}],"collection":[{"href":"https:\/\/abinox-chr-clim.com\/index.php\/wp-json\/wp\/v2\/product"}],"about":[{"href":"https:\/\/abinox-chr-clim.com\/index.php\/wp-json\/wp\/v2\/types\/product"}],"replies":[{"embeddable":true,"href":"https:\/\/abinox-chr-clim.com\/index.php\/wp-json\/wp\/v2\/comments?post=68810"}],"wp:featuredmedia":[{"embeddable":true,"href":"https:\/\/abinox-chr-clim.com\/index.php\/wp-json\/wp\/v2\/media\/81955"}],"wp:attachment":[{"href":"https:\/\/abinox-chr-clim.com\/index.php\/wp-json\/wp\/v2\/media?parent=68810"}],"wp:term":[{"taxonomy":"product_brand","embeddable":true,"href":"https:\/\/abinox-chr-clim.com\/index.php\/wp-json\/wp\/v2\/product_brand?post=68810"},{"taxonomy":"product_cat","embeddable":true,"href":"https:\/\/abinox-chr-clim.com\/index.php\/wp-json\/wp\/v2\/product_cat?post=68810"},{"taxonomy":"product_tag","embeddable":true,"href":"https:\/\/abinox-chr-clim.com\/index.php\/wp-json\/wp\/v2\/product_tag?post=68810"}],"curies":[{"name":"wp","href":"https:\/\/api.w.org\/{rel}","templated":true}]}}