{"id":68804,"date":"2024-03-22T16:17:47","date_gmt":"2024-03-22T15:17:47","guid":{"rendered":"https:\/\/abinox-chr-clim.com\/index.php\/product\/armoire-refrigeree-negative-inox-polar-serie-c-600l\/"},"modified":"2026-04-11T08:28:43","modified_gmt":"2026-04-11T06:28:43","slug":"armoire-refrigeree-negative-inox-polar-serie-c-600l","status":"publish","type":"product","link":"https:\/\/abinox-chr-clim.com\/index.php\/product\/armoire-refrigeree-negative-inox-polar-serie-c-600l\/","title":{"rendered":"Armoire r\u00e9frig\u00e9r\u00e9e n\u00e9gative inox Polar S\u00e9rie C 600L"},"content":{"rendered":"<p>Compatible Gastronorme (taille 2\/1), le r\u00e9frig\u00e9rateur poss\u00e8de 3 \u00e9tag\u00e8res plus une demie \u00e9tag\u00e8re r\u00e9glables et le cong\u00e9lateur 7 \u00e9tag\u00e8res fixes. De s\u00e9rie l\u00e9g\u00e8re et enti\u00e8rement verrouillable, avec affichage num\u00e9rique de la temp\u00e9rature et une commande \u00e9lectronique. Roulettes \u00e0 l&rsquo;arri\u00e8re pour une meilleure man\u0153uvrabilit\u00e9. Sans CFC.<br \/>6 \u00e9tag\u00e8res solides fixes. L&rsquo;isolation de 60 mm r\u00e9duit les co\u00fbts de fonctionnement, am\u00e9liore l&rsquo;efficacit\u00e9 et augmente les performances. Niveau sonore : 37db. R\u00e9f\u00e9rence soumise \u00e0 une Eco-participation mobilier de 11.99\u20ac par unit\u00e9 vendue. Commandes et affichage num\u00e9riques pr\u00e9cis et conviviaux de la temp\u00e9rature. Les roulettes arri\u00e8re fixes permettent un positionnement facile pour un nettoyage et une installation plus simples. La fonction de d\u00e9givrage manuel simple aide \u00e0 maintenir les performances du cong\u00e9lateur \u00e0 son meilleur. La construction rapide et facile \u00e0 nettoyer facilite l&rsquo;entretien de l&rsquo;unit\u00e9. L&rsquo;installation d&rsquo;une porte r\u00e9versible permet de s&rsquo;adapter au mieux \u00e0 votre pi\u00e8ce et cr\u00e9er plus d&rsquo;espace. Capacit\u00e9 nette utile : 469L. Plage de temp\u00e9rature ambiante : 5\u00b0C \u00e0 32\u00b0C. R\u00e9f\u00e9rence soumise \u00e0 une Eco-participation DEEE de 6,18\u20ac par unit\u00e9 vendue. 6 \u00e9tag\u00e8res solides fixes.<\/p>\n<p>Caract\u00e9ristiques :<br \/> Capacit\u00e9 : 600 L.<br \/> Dimensions : 1890(H) x 780(L) x 695(P) mm.<br \/> Mati\u00e8re : .<br \/> Isolation : 6 cm.<br \/> Fr\u00e9on : R600a.<br \/> Temp\u00e9rature : -25 \u00b0C \u00e0 -10 \u00b0C.<br \/> Voltage : 230V.<br \/> Couleur : Acier inoxydable.<br \/> Puissance : 350 W.<br \/> Temp\u00e9rature ambiante : 32 \u00b0C.<br \/> Classe climatique : 4.<br \/> Classe \u00e9nerg\u00e9tique : B.<br \/> Bac GN : GN 2\/1XY.<\/p>\n","protected":false},"excerpt":{"rendered":"<div><img decoding=\"async\" src=\"https:\/\/abinox-chr-clim.com\/wp-content\/uploads\/2024\/03\/abinox-garantie.webp\" width=\"400px\"\/><\/div>\n<p>Armoire r\u00e9frig\u00e9r\u00e9e n\u00e9gative inox Polar S\u00e9rie C 600L<\/p>\n","protected":false},"featured_media":81387,"comment_status":"closed","ping_status":"closed","template":"","meta":[],"product_brand":[],"product_cat":[1250,1249,1296],"product_tag":[],"class_list":{"0":"post-68804","1":"product","2":"type-product","3":"status-publish","4":"has-post-thumbnail","6":"product_cat-armoires-refrigerees","7":"product_cat-froid","8":"product_cat-palettisable","10":"first","11":"instock","12":"featured","13":"taxable","14":"shipping-taxable","15":"purchasable","16":"product-type-simple"},"_links":{"self":[{"href":"https:\/\/abinox-chr-clim.com\/index.php\/wp-json\/wp\/v2\/product\/68804","targetHints":{"allow":["GET"]}}],"collection":[{"href":"https:\/\/abinox-chr-clim.com\/index.php\/wp-json\/wp\/v2\/product"}],"about":[{"href":"https:\/\/abinox-chr-clim.com\/index.php\/wp-json\/wp\/v2\/types\/product"}],"replies":[{"embeddable":true,"href":"https:\/\/abinox-chr-clim.com\/index.php\/wp-json\/wp\/v2\/comments?post=68804"}],"wp:featuredmedia":[{"embeddable":true,"href":"https:\/\/abinox-chr-clim.com\/index.php\/wp-json\/wp\/v2\/media\/81387"}],"wp:attachment":[{"href":"https:\/\/abinox-chr-clim.com\/index.php\/wp-json\/wp\/v2\/media?parent=68804"}],"wp:term":[{"taxonomy":"product_brand","embeddable":true,"href":"https:\/\/abinox-chr-clim.com\/index.php\/wp-json\/wp\/v2\/product_brand?post=68804"},{"taxonomy":"product_cat","embeddable":true,"href":"https:\/\/abinox-chr-clim.com\/index.php\/wp-json\/wp\/v2\/product_cat?post=68804"},{"taxonomy":"product_tag","embeddable":true,"href":"https:\/\/abinox-chr-clim.com\/index.php\/wp-json\/wp\/v2\/product_tag?post=68804"}],"curies":[{"name":"wp","href":"https:\/\/api.w.org\/{rel}","templated":true}]}}