{"id":68802,"date":"2024-03-22T16:17:47","date_gmt":"2024-03-22T15:17:47","guid":{"rendered":"https:\/\/abinox-chr-clim.com\/index.php\/product\/armoire-refrigeree-negative-1-porte-365l-polar-serie-c\/"},"modified":"2026-04-11T08:28:41","modified_gmt":"2026-04-11T06:28:41","slug":"armoire-refrigeree-negative-1-porte-365l-polar-serie-c","status":"publish","type":"product","link":"https:\/\/abinox-chr-clim.com\/index.php\/product\/armoire-refrigeree-negative-1-porte-365l-polar-serie-c\/","title":{"rendered":"Armoire r\u00e9frig\u00e9r\u00e9e n\u00e9gative 1 porte 365L Polar S\u00e9rie C"},"content":{"rendered":"<p>Appareils r\u00e9frig\u00e9r\u00e9s verticaux verrouillables pour une utilisation optimale de l&rsquo;espace. Affichage num\u00e9rique de la temp\u00e9rature et roulettes \u00e0 l&rsquo;arri\u00e8re pour une meilleure man\u0153uvrabilit\u00e9. Le r\u00e9frig\u00e9rateur poss\u00e8de 4 \u00e9tag\u00e8res r\u00e9glables et le cong\u00e9lateur 6 \u00e9tag\u00e8res fixes. Sans CFC.<br \/>6 \u00e9tag\u00e8res fixes robustes. Plage de temp\u00e9rature ambiante : 5\u00b0C \u00e0 32\u00b0C.Panneau de contr\u00f4le digital LED en partie haute. R\u00e9f\u00e9rence soumise \u00e0 une Eco-participation mobilier de 8.12\u20ac par unit\u00e9 vendue. 6 \u00e9tag\u00e8res fixes robustes. D\u00e9givrage manuel. Epaisseur d&rsquo;isolation : arri\u00e8re et c\u00f4t\u00e9s 60mm, dessus 90mm.L&rsquo;installation d&rsquo;une porte r\u00e9versible permet de s&rsquo;adapter au mieux \u00e0 votre pi\u00e8ce et cr\u00e9er plus d&rsquo;espace. Porte verrouillable r\u00e9versible. Capacit\u00e9 nette utile : 258L. R\u00e9f\u00e9rence soumise \u00e0 une Eco-participation DEEE de 4,62\u20ac par unit\u00e9 vendue. 6 \u00e9tag\u00e8res fixes robustes.<\/p>\n<p>Caract\u00e9ristiques :<br \/> Capacit\u00e9 : 365 L.<br \/> Dimensions : 1855(H) x 600(L) x 600(P) mm.<br \/> Mati\u00e8re : Inox.<br \/> Isolation : 6 cm.<br \/> Fr\u00e9on : R600a.<br \/> Temp\u00e9rature : -25 \u00b0C \u00e0 -10 \u00b0C.<br \/> Voltage : 230V.<br \/> Couleur : Acier inoxydable.<br \/> Puissance : 210 W.<br \/> Temp\u00e9rature ambiante : 32 \u00b0C.<br \/> Classe climatique : 4.<br \/> Classe \u00e9nerg\u00e9tique : B.<\/p>\n","protected":false},"excerpt":{"rendered":"<div><img decoding=\"async\" src=\"https:\/\/abinox-chr-clim.com\/wp-content\/uploads\/2024\/03\/abinox-garantie.webp\" width=\"400px\"\/><\/div>\n<p>Armoire r\u00e9frig\u00e9r\u00e9e n\u00e9gative 1 porte 365L Polar S\u00e9rie C<\/p>\n","protected":false},"featured_media":81368,"comment_status":"closed","ping_status":"closed","template":"","meta":[],"product_brand":[],"product_cat":[1250,1249,1296],"product_tag":[],"class_list":{"0":"post-68802","1":"product","2":"type-product","3":"status-publish","4":"has-post-thumbnail","6":"product_cat-armoires-refrigerees","7":"product_cat-froid","8":"product_cat-palettisable","10":"first","11":"instock","12":"featured","13":"taxable","14":"shipping-taxable","15":"purchasable","16":"product-type-simple"},"_links":{"self":[{"href":"https:\/\/abinox-chr-clim.com\/index.php\/wp-json\/wp\/v2\/product\/68802","targetHints":{"allow":["GET"]}}],"collection":[{"href":"https:\/\/abinox-chr-clim.com\/index.php\/wp-json\/wp\/v2\/product"}],"about":[{"href":"https:\/\/abinox-chr-clim.com\/index.php\/wp-json\/wp\/v2\/types\/product"}],"replies":[{"embeddable":true,"href":"https:\/\/abinox-chr-clim.com\/index.php\/wp-json\/wp\/v2\/comments?post=68802"}],"wp:featuredmedia":[{"embeddable":true,"href":"https:\/\/abinox-chr-clim.com\/index.php\/wp-json\/wp\/v2\/media\/81368"}],"wp:attachment":[{"href":"https:\/\/abinox-chr-clim.com\/index.php\/wp-json\/wp\/v2\/media?parent=68802"}],"wp:term":[{"taxonomy":"product_brand","embeddable":true,"href":"https:\/\/abinox-chr-clim.com\/index.php\/wp-json\/wp\/v2\/product_brand?post=68802"},{"taxonomy":"product_cat","embeddable":true,"href":"https:\/\/abinox-chr-clim.com\/index.php\/wp-json\/wp\/v2\/product_cat?post=68802"},{"taxonomy":"product_tag","embeddable":true,"href":"https:\/\/abinox-chr-clim.com\/index.php\/wp-json\/wp\/v2\/product_tag?post=68802"}],"curies":[{"name":"wp","href":"https:\/\/api.w.org\/{rel}","templated":true}]}}