{"id":68800,"date":"2024-03-22T16:17:46","date_gmt":"2024-03-22T15:17:46","guid":{"rendered":"https:\/\/abinox-chr-clim.com\/index.php\/product\/dessous-de-comptoir-negatif-inox-polar-serie-c-140l\/"},"modified":"2026-04-11T08:28:39","modified_gmt":"2026-04-11T06:28:39","slug":"dessous-de-comptoir-negatif-inox-polar-serie-c-140l","status":"publish","type":"product","link":"https:\/\/abinox-chr-clim.com\/index.php\/product\/dessous-de-comptoir-negatif-inox-polar-serie-c-140l\/","title":{"rendered":"Dessous de comptoir n\u00e9gatif inox Polar S\u00e9rie C 140L"},"content":{"rendered":"<p>Appareils r\u00e9frig\u00e9r\u00e9s de comptoir verrouillables avec affichage num\u00e9rique LED de la temp\u00e9rature et roulettes \u00e0 l&rsquo;arri\u00e8re pour une meilleure man\u0153uvrabilit\u00e9. Sans CFC.<br \/>2 \u00e9tag\u00e8res fixes robustes. Construction facile \u00e0 nettoyer. Affichage et contr\u00f4le thermostatique num\u00e9riques conviviaux. R\u00e9f\u00e9rence soumise \u00e0 une Eco-participation mobilier de 5.94\u20ac par unit\u00e9 vendue. Roulettes arri\u00e8re fixes facilitant la manoeuvrabilit\u00e9. Mode d\u00e9givrage manuel. L&rsquo;installation d&rsquo;une porte r\u00e9versible permet de s&rsquo;adapter au mieux \u00e0 votre pi\u00e8ce et cr\u00e9er plus d&rsquo;espace. Temp\u00e9rature ambiante maxi : 32\u00b0C.  Porte verrouillable r\u00e9versible. Capacit\u00e9 nette utile : 78L. R\u00e9f\u00e9rence soumise \u00e0 une Eco-participation DEEE de 2,86\u20ac par unit\u00e9 vendue. 2 \u00e9tag\u00e8res fixes robustes.<\/p>\n<p>Caract\u00e9ristiques :<br \/> Capacit\u00e9 : 140 L.<br \/> Dimensions : 855(H) x 600(L) x 595(P) mm.<br \/> Mati\u00e8re : .<br \/> Sortie : 150 W. 1 A.<br \/> Isolation : 6 cm.<br \/> Fr\u00e9on : R600a.<br \/> Temp\u00e9rature : -25 \u00b0C \u00e0 -10 \u00b0C.<br \/> Voltage : 230V.<br \/> Couleur : Acier inoxydable.<br \/> Puissance : 150 W.<br \/> Temp\u00e9rature ambiante : 32 \u00b0C.<br \/> Classe climatique : 4.<br \/> Classe \u00e9nerg\u00e9tique : A.<\/p>\n","protected":false},"excerpt":{"rendered":"<div><img decoding=\"async\" src=\"https:\/\/abinox-chr-clim.com\/wp-content\/uploads\/2024\/03\/abinox-garantie.webp\" width=\"400px\"\/><\/div>\n<p>Dessous de comptoir n\u00e9gatif inox Polar S\u00e9rie C 140L<\/p>\n","protected":false},"featured_media":81348,"comment_status":"closed","ping_status":"closed","template":"","meta":[],"product_brand":[],"product_cat":[1250,1249,1296],"product_tag":[],"class_list":{"0":"post-68800","1":"product","2":"type-product","3":"status-publish","4":"has-post-thumbnail","6":"product_cat-armoires-refrigerees","7":"product_cat-froid","8":"product_cat-palettisable","10":"first","11":"instock","12":"featured","13":"taxable","14":"shipping-taxable","15":"purchasable","16":"product-type-simple"},"_links":{"self":[{"href":"https:\/\/abinox-chr-clim.com\/index.php\/wp-json\/wp\/v2\/product\/68800","targetHints":{"allow":["GET"]}}],"collection":[{"href":"https:\/\/abinox-chr-clim.com\/index.php\/wp-json\/wp\/v2\/product"}],"about":[{"href":"https:\/\/abinox-chr-clim.com\/index.php\/wp-json\/wp\/v2\/types\/product"}],"replies":[{"embeddable":true,"href":"https:\/\/abinox-chr-clim.com\/index.php\/wp-json\/wp\/v2\/comments?post=68800"}],"wp:featuredmedia":[{"embeddable":true,"href":"https:\/\/abinox-chr-clim.com\/index.php\/wp-json\/wp\/v2\/media\/81348"}],"wp:attachment":[{"href":"https:\/\/abinox-chr-clim.com\/index.php\/wp-json\/wp\/v2\/media?parent=68800"}],"wp:term":[{"taxonomy":"product_brand","embeddable":true,"href":"https:\/\/abinox-chr-clim.com\/index.php\/wp-json\/wp\/v2\/product_brand?post=68800"},{"taxonomy":"product_cat","embeddable":true,"href":"https:\/\/abinox-chr-clim.com\/index.php\/wp-json\/wp\/v2\/product_cat?post=68800"},{"taxonomy":"product_tag","embeddable":true,"href":"https:\/\/abinox-chr-clim.com\/index.php\/wp-json\/wp\/v2\/product_tag?post=68800"}],"curies":[{"name":"wp","href":"https:\/\/api.w.org\/{rel}","templated":true}]}}