{"id":68798,"date":"2024-03-22T16:17:45","date_gmt":"2024-03-22T15:17:45","guid":{"rendered":"https:\/\/abinox-chr-clim.com\/index.php\/product\/meuble-bas-positif-1-porte-pleine-true-tuc-24-hc\/"},"modified":"2026-04-11T09:20:23","modified_gmt":"2026-04-11T07:20:23","slug":"meuble-bas-positif-1-porte-pleine-true-tuc-24-hc","status":"publish","type":"product","link":"https:\/\/abinox-chr-clim.com\/index.php\/product\/meuble-bas-positif-1-porte-pleine-true-tuc-24-hc\/","title":{"rendered":"Meuble bas positif 1 porte pleine True TUC-24-HC"},"content":{"rendered":"<p>Sous-comptoir compact, sp\u00e9cialement con\u00e7u pour la conservation des aliments. Isolation en mousse cellulaire haute densit\u00e9. Sans CFC. Coins arrondis pour faciliter le nettoyage. Livr\u00e9 sans roulettes. Encastrable. Grilles \u00e0 l&rsquo;avant. Tropicalis\u00e9. Attention, produit ni repris  ni \u00e9chang\u00e9.<br \/>Acier inoxydable. 2 \u00e9tag\u00e8res r\u00e9glables. La nouvelle version HC utilise un r\u00e9frig\u00e9rant naturel plus respectueux de l&rsquo;environnement et \u00e9conome en \u00e9nergie : R290. R\u00e9f\u00e9rence soumise \u00e0 une Eco-participation mobilier de 6.65\u20ac par unit\u00e9 vendue. Porte verrouillable.Panneau de commande et affichage facile \u00e0 utiliser. R\u00e9f\u00e9rence soumise \u00e0 une Eco-participation DEEE de 3,64\u20ac par unit\u00e9 vendue. Acier inoxydable.<\/p>\n<p>Caract\u00e9ristiques :<br \/> Capacit\u00e9 : 147 L.<br \/> Dimensions : 802(H) x 610(L) x 629(P) mm.<br \/> Mati\u00e8re : Inox et aluminium.<br \/> Isolation : 4,2 cm.<br \/> Fr\u00e9on : R290.<br \/> Temp\u00e9rature : 0,5 \u00b0C \u00e0 3,3 \u00b0C.<br \/> Voltage : 220V.<br \/> Couleur : Argent.<br \/> Puissance : 286 W.<br \/> Temp\u00e9rature ambiante : 40 \u00b0C.<br \/> Classe climatique : 5.<br \/> Classe \u00e9nerg\u00e9tique : A.<\/p>\n","protected":false},"excerpt":{"rendered":"<div><img decoding=\"async\" src=\"https:\/\/abinox-chr-clim.com\/wp-content\/uploads\/2024\/03\/abinox-garantie.webp\" width=\"400px\"\/><\/div>\n<p>Meuble bas positif 1 porte pleine True TUC-24-HC<\/p>\n","protected":false},"featured_media":81196,"comment_status":"closed","ping_status":"closed","template":"","meta":[],"product_brand":[],"product_cat":[1250,1249,1296],"product_tag":[],"class_list":{"0":"post-68798","1":"product","2":"type-product","3":"status-publish","4":"has-post-thumbnail","6":"product_cat-armoires-refrigerees","7":"product_cat-froid","8":"product_cat-palettisable","10":"first","11":"outofstock","12":"featured","13":"taxable","14":"shipping-taxable","15":"purchasable","16":"product-type-simple"},"_links":{"self":[{"href":"https:\/\/abinox-chr-clim.com\/index.php\/wp-json\/wp\/v2\/product\/68798","targetHints":{"allow":["GET"]}}],"collection":[{"href":"https:\/\/abinox-chr-clim.com\/index.php\/wp-json\/wp\/v2\/product"}],"about":[{"href":"https:\/\/abinox-chr-clim.com\/index.php\/wp-json\/wp\/v2\/types\/product"}],"replies":[{"embeddable":true,"href":"https:\/\/abinox-chr-clim.com\/index.php\/wp-json\/wp\/v2\/comments?post=68798"}],"wp:featuredmedia":[{"embeddable":true,"href":"https:\/\/abinox-chr-clim.com\/index.php\/wp-json\/wp\/v2\/media\/81196"}],"wp:attachment":[{"href":"https:\/\/abinox-chr-clim.com\/index.php\/wp-json\/wp\/v2\/media?parent=68798"}],"wp:term":[{"taxonomy":"product_brand","embeddable":true,"href":"https:\/\/abinox-chr-clim.com\/index.php\/wp-json\/wp\/v2\/product_brand?post=68798"},{"taxonomy":"product_cat","embeddable":true,"href":"https:\/\/abinox-chr-clim.com\/index.php\/wp-json\/wp\/v2\/product_cat?post=68798"},{"taxonomy":"product_tag","embeddable":true,"href":"https:\/\/abinox-chr-clim.com\/index.php\/wp-json\/wp\/v2\/product_tag?post=68798"}],"curies":[{"name":"wp","href":"https:\/\/api.w.org\/{rel}","templated":true}]}}