{"id":68797,"date":"2024-03-22T16:17:45","date_gmt":"2024-03-22T15:17:45","guid":{"rendered":"https:\/\/abinox-chr-clim.com\/index.php\/product\/armoire-refrigeree-positive-gn-double-porte-blanche-polar-serie-g-1200l\/"},"modified":"2026-04-11T08:28:16","modified_gmt":"2026-04-11T06:28:16","slug":"armoire-refrigeree-positive-gn-double-porte-blanche-polar-serie-g-1200l","status":"publish","type":"product","link":"https:\/\/abinox-chr-clim.com\/index.php\/product\/armoire-refrigeree-positive-gn-double-porte-blanche-polar-serie-g-1200l\/","title":{"rendered":"Armoire r\u00e9frig\u00e9r\u00e9e positive GN double porte blanche Polar S\u00e9rie G 1200L"},"content":{"rendered":"<p>Des armoires professionnelles avec affichage num\u00e9rique de la temp\u00e9rature et commande \u00e9lectronique. Roulettes \u00e0 l&rsquo;arri\u00e8re pour une manoeuvrabilit\u00e9 facile. D\u00e9givrage semi-automatique avec intervalle de temps. NB : Pr\u00e9voir imp\u00e9rativement un espace de 50 cm entre l\u00bfappareil et le plafond.<br \/>Six clayettes r\u00e9glables robustes et trois \u00e9tag\u00e8res au sol maximisent la capacit\u00e9 de rangement. L&rsquo;isolation de 60 mm r\u00e9duit les co\u00fbts d&rsquo;exploitation, renforce l&rsquo;efficacit\u00e9 et am\u00e9liore les performances. Froid ventil\u00e9 pour un r\u00e9tablissement rapide de la temp\u00e9rature. Le d\u00e9givrage automatique maximise l&rsquo;efficacit\u00e9 et les performances de refroidissement. La construction facile \u00e0 nettoyer facilite l&rsquo;entretien de l&rsquo;unit\u00e9. Contr\u00f4les de temp\u00e9rature et affichage num\u00e9riques pr\u00e9cis et conviviaux. Les portes verrouillables \u00e0 fermeture automatique am\u00e9liorent la s\u00e9curit\u00e9 et aident \u00e0 maintenir la temp\u00e9rature. Roulettes verrouillables robustes permettant un positionnement facile pour faciliter le nettoyage et l&rsquo;installation. R\u00e9f\u00e9rence soumise \u00e0 une Eco-participation DEEE de 12,68\u20ac par unit\u00e9 vendue. Plage de temp\u00e9rature ambiante\u00a0: 16\u00a0\u00b0C \u00e0 32\u00a0\u00b0C. Capacit\u00e9 utilisable nette\u00a0: 770 L. Les poign\u00e9es et charni\u00e8res de porte, les boutons, les cadrans, les joints de porte, les bacs p\u00e9riph\u00e9riques, les paniers et les \u00e9tag\u00e8res de stockage, adapt\u00e9s \u00e0 l&rsquo;appareil, seront mis \u00e0 la disposition des utilisateurs finaux et des utilisateurs professionnels pendant au moins huit ans apr\u00e8s que la derni\u00e8re unit\u00e9 du mod\u00e8le est mise sur le march\u00e9. Une s\u00e9lection plus large de pi\u00e8ces sera \u00e9galement mise \u00e0 la disposition des utilisateurs professionnels pour cette p\u00e9riode.Six clayettes r\u00e9glables robustes et trois \u00e9tag\u00e8res au sol maximisent la capacit\u00e9 de rangement.<\/p>\n<p>Caract\u00e9ristiques :<br \/> Capacit\u00e9 : 1200 L.<br \/> Dimensions : 2000(H) x 1340(L) x 815(P) mm.<br \/> Mati\u00e8re : Acier et aluminium.<br \/> Isolation : 6 cm.<br \/> Fr\u00e9on : R290.<br \/> Temp\u00e9rature : -2 \u00b0C \u00e0 5 \u00b0C.<br \/> Voltage : 230V.<br \/> Couleur : Blanc.<br \/> Puissance : 450 W.<br \/> Temp\u00e9rature ambiante : 32 \u00b0C.<br \/> Classe climatique : 4.<br \/> Classe \u00e9nerg\u00e9tique : C.<br \/> Bac GN : GN 2\/1XY.<\/p>\n","protected":false},"excerpt":{"rendered":"<div><img decoding=\"async\" src=\"https:\/\/abinox-chr-clim.com\/wp-content\/uploads\/2024\/03\/abinox-garantie.webp\" width=\"400px\"\/><\/div>\n<p>Armoire r\u00e9frig\u00e9r\u00e9e positive GN double porte blanche Polar S\u00e9rie G 1200L<\/p>\n","protected":false},"featured_media":81184,"comment_status":"closed","ping_status":"closed","template":"","meta":[],"product_brand":[],"product_cat":[1250,1249,1296],"product_tag":[],"class_list":{"0":"post-68797","1":"product","2":"type-product","3":"status-publish","4":"has-post-thumbnail","6":"product_cat-armoires-refrigerees","7":"product_cat-froid","8":"product_cat-palettisable","10":"first","11":"instock","12":"featured","13":"taxable","14":"shipping-taxable","15":"purchasable","16":"product-type-simple"},"_links":{"self":[{"href":"https:\/\/abinox-chr-clim.com\/index.php\/wp-json\/wp\/v2\/product\/68797","targetHints":{"allow":["GET"]}}],"collection":[{"href":"https:\/\/abinox-chr-clim.com\/index.php\/wp-json\/wp\/v2\/product"}],"about":[{"href":"https:\/\/abinox-chr-clim.com\/index.php\/wp-json\/wp\/v2\/types\/product"}],"replies":[{"embeddable":true,"href":"https:\/\/abinox-chr-clim.com\/index.php\/wp-json\/wp\/v2\/comments?post=68797"}],"wp:featuredmedia":[{"embeddable":true,"href":"https:\/\/abinox-chr-clim.com\/index.php\/wp-json\/wp\/v2\/media\/81184"}],"wp:attachment":[{"href":"https:\/\/abinox-chr-clim.com\/index.php\/wp-json\/wp\/v2\/media?parent=68797"}],"wp:term":[{"taxonomy":"product_brand","embeddable":true,"href":"https:\/\/abinox-chr-clim.com\/index.php\/wp-json\/wp\/v2\/product_brand?post=68797"},{"taxonomy":"product_cat","embeddable":true,"href":"https:\/\/abinox-chr-clim.com\/index.php\/wp-json\/wp\/v2\/product_cat?post=68797"},{"taxonomy":"product_tag","embeddable":true,"href":"https:\/\/abinox-chr-clim.com\/index.php\/wp-json\/wp\/v2\/product_tag?post=68797"}],"curies":[{"name":"wp","href":"https:\/\/api.w.org\/{rel}","templated":true}]}}