{"id":68796,"date":"2024-03-22T16:17:45","date_gmt":"2024-03-22T15:17:45","guid":{"rendered":"https:\/\/abinox-chr-clim.com\/index.php\/product\/armoire-refrigeree-positive-2-portes-inox-true-991l-t-35-hc-ld\/"},"modified":"2026-04-11T09:20:19","modified_gmt":"2026-04-11T07:20:19","slug":"armoire-refrigeree-positive-2-portes-inox-true-991l-t-35-hc-ld","status":"publish","type":"product","link":"https:\/\/abinox-chr-clim.com\/index.php\/product\/armoire-refrigeree-positive-2-portes-inox-true-991l-t-35-hc-ld\/","title":{"rendered":"Armoire r\u00e9frig\u00e9r\u00e9e positive 2 portes inox True 991L T-35-HC-LD"},"content":{"rendered":"<p>Double porte compacte \u00e9quip\u00e9e d&rsquo;un syst\u00e8me de fermeture par torsion. Syst\u00e8me de r\u00e9frig\u00e9ration tropicalis\u00e9, sur-dimensionnn\u00e9 \u00e0 air forc\u00e9. Les meilleurs mat\u00e9riaux et composants int\u00e9gr\u00e9s garantissent une temp\u00e9rature parfaitement contr\u00f4l\u00e9e et une parfaite s\u00e9curit\u00e9 alimentaire avec des co\u00fbts d\u00bfexploitation tr\u00e8s faibles. Isolation en mousse Ecomate\u00ae, polyur\u00e9thane \u00e0 haute densit\u00e9 garantissant de tr\u00e8s hautes performances d&rsquo;isolation, sans CFC. Livr\u00e9s avec roulettes (non mont\u00e9es). Attention, produit ni repris ni \u00e9chang\u00e9.<br \/>Fa\u00e7ade acier inoxydable et c\u00f4t\u00e9s et int\u00e9rieur en aluminium. 8 \u00e9tag\u00e8res r\u00e9glables. Fourni avec des roulettes (non mont\u00e9es, n\u00e9cessitent d&rsquo;\u00eatre viss\u00e9es). R\u00e9f\u00e9rence soumise \u00e0 une Eco-participation mobilier de 16.35\u20ac par unit\u00e9 vendue. Panneau de commande et affichage en partie haute.Double porte compacte. R\u00e9f\u00e9rence soumise \u00e0 une Eco-participation DEEE de 11,40\u20ac par unit\u00e9 vendue. Fa\u00e7ade acier inoxydable et c\u00f4t\u00e9s et int\u00e9rieur en aluminium.<\/p>\n<p>Caract\u00e9ristiques :<br \/> Capacit\u00e9 : 991 L.<br \/> Dimensions : 2074(H) x 1004(L) x 750(P) mm.<br \/> Mati\u00e8re : Inox et aluminium.<br \/> Isolation : 4,2 cm.<br \/> Fr\u00e9on : R290.<br \/> Temp\u00e9rature : 0,5 \u00b0C \u00e0 3,3 \u00b0C.<br \/> Voltage : 230V.<br \/> Couleur : Argent.<br \/> Puissance : 572 W.<br \/> Temp\u00e9rature ambiante : 30 \u00b0C.<br \/> Classe climatique : 4.<br \/> Classe \u00e9nerg\u00e9tique : E.<\/p>\n","protected":false},"excerpt":{"rendered":"<div><img decoding=\"async\" src=\"https:\/\/abinox-chr-clim.com\/wp-content\/uploads\/2024\/03\/abinox-garantie.webp\" width=\"400px\"\/><\/div>\n<p>Armoire r\u00e9frig\u00e9r\u00e9e positive 2 portes inox True 991L T-35-HC-LD<\/p>\n","protected":false},"featured_media":80930,"comment_status":"closed","ping_status":"closed","template":"","meta":[],"product_brand":[],"product_cat":[1250,1249,1296],"product_tag":[],"class_list":{"0":"post-68796","1":"product","2":"type-product","3":"status-publish","4":"has-post-thumbnail","6":"product_cat-armoires-refrigerees","7":"product_cat-froid","8":"product_cat-palettisable","10":"first","11":"outofstock","12":"featured","13":"taxable","14":"shipping-taxable","15":"purchasable","16":"product-type-simple"},"_links":{"self":[{"href":"https:\/\/abinox-chr-clim.com\/index.php\/wp-json\/wp\/v2\/product\/68796","targetHints":{"allow":["GET"]}}],"collection":[{"href":"https:\/\/abinox-chr-clim.com\/index.php\/wp-json\/wp\/v2\/product"}],"about":[{"href":"https:\/\/abinox-chr-clim.com\/index.php\/wp-json\/wp\/v2\/types\/product"}],"replies":[{"embeddable":true,"href":"https:\/\/abinox-chr-clim.com\/index.php\/wp-json\/wp\/v2\/comments?post=68796"}],"wp:featuredmedia":[{"embeddable":true,"href":"https:\/\/abinox-chr-clim.com\/index.php\/wp-json\/wp\/v2\/media\/80930"}],"wp:attachment":[{"href":"https:\/\/abinox-chr-clim.com\/index.php\/wp-json\/wp\/v2\/media?parent=68796"}],"wp:term":[{"taxonomy":"product_brand","embeddable":true,"href":"https:\/\/abinox-chr-clim.com\/index.php\/wp-json\/wp\/v2\/product_brand?post=68796"},{"taxonomy":"product_cat","embeddable":true,"href":"https:\/\/abinox-chr-clim.com\/index.php\/wp-json\/wp\/v2\/product_cat?post=68796"},{"taxonomy":"product_tag","embeddable":true,"href":"https:\/\/abinox-chr-clim.com\/index.php\/wp-json\/wp\/v2\/product_tag?post=68796"}],"curies":[{"name":"wp","href":"https:\/\/api.w.org\/{rel}","templated":true}]}}