{"id":68795,"date":"2024-03-22T16:17:44","date_gmt":"2024-03-22T15:17:44","guid":{"rendered":"https:\/\/abinox-chr-clim.com\/index.php\/product\/armoire-refrigeree-positive-inox-1-porte-true-588l-t-23-hc\/"},"modified":"2026-04-11T09:20:18","modified_gmt":"2026-04-11T07:20:18","slug":"armoire-refrigeree-positive-inox-1-porte-true-588l-t-23-hc","status":"publish","type":"product","link":"https:\/\/abinox-chr-clim.com\/index.php\/product\/armoire-refrigeree-positive-inox-1-porte-true-588l-t-23-hc\/","title":{"rendered":"Armoire r\u00e9frig\u00e9r\u00e9e positive inox 1 porte True 588L T-23-HC"},"content":{"rendered":"<p>Syst\u00e8me de r\u00e9frig\u00e9ration sur-dimentionn\u00e9 \u00e0 air forc\u00e9 avec r\u00e9cup\u00e9ration rapide de temp\u00e9rature, pour garder les aliments plus frais plus longtemps et r\u00e9duire les co\u00fbts d&rsquo;exploitation. Isolation en mousse haute densit\u00e9. Coins incurv\u00e9s pour un nettoyage facile et \u00e9clairage int\u00e9rieur. Sans CFC. Garantie de 5 ans sur le compresseur. Fourni avec des roulettes pour une manipulation facile. Remarque: Les roulettes doivent \u00eatre viss\u00e9es. Attention, produit ni repris  ni \u00e9chang\u00e9.<br \/>Fa\u00e7ade inox, panneaux lat\u00e9raux et int\u00e9rieur en aluminium. 4 \u00e9tag\u00e8res r\u00e9glables r\u00e9sistantes rev\u00eatues de PVC. Retour rapide en temp\u00e9rature. R\u00e9f\u00e9rence soumise \u00e0 une Eco-participation mobilier de 12.97\u20ac par unit\u00e9 vendue. Fourni avec des roulettes (non mont\u00e9es, n\u00e9cessitent d&rsquo;\u00eatre viss\u00e9es). Dimension \u00e9tag\u00e8re : 582(L) x 591(P)mm.Conception sous plan id\u00e9ale pour comptoirs et \/ ou temp\u00e9ratures ambiantes \u00e9lev\u00e9es car b\u00e9n\u00e9ficie de l&rsquo;air plus frais au niveau du sol. R\u00e9f\u00e9rence soumise \u00e0 une Eco-participation DEEE de 8,08\u20ac par unit\u00e9 vendue. Fa\u00e7ade inox, panneaux lat\u00e9raux et int\u00e9rieur en aluminium.<\/p>\n<p>Caract\u00e9ristiques :<br \/> Capacit\u00e9 : Volume net : 438 L. Volume brut : 588 L.<br \/> Dimensions : 2074(H) x 686(L) x 750(P) mm.<br \/> Mati\u00e8re : Inox et aluminium.<br \/> Fr\u00e9on : R290.<br \/> Temp\u00e9rature : 0,5 \u00b0C \u00e0 3,3 \u00b0C.<br \/> Voltage : 230V.<br \/> Couleur : Argent.<br \/> Puissance : 560 W.<br \/> Temp\u00e9rature ambiante : 40 \u00b0C.<br \/> Classe climatique : 5.<br \/> Classe \u00e9nerg\u00e9tique : C.<\/p>\n","protected":false},"excerpt":{"rendered":"<div><img decoding=\"async\" src=\"https:\/\/abinox-chr-clim.com\/wp-content\/uploads\/2024\/03\/abinox-garantie.webp\" width=\"400px\"\/><\/div>\n<p>Armoire r\u00e9frig\u00e9r\u00e9e positive inox 1 porte True 588L T-23-HC<\/p>\n","protected":false},"featured_media":80928,"comment_status":"closed","ping_status":"closed","template":"","meta":[],"product_brand":[],"product_cat":[1250,1249,1296],"product_tag":[],"class_list":{"0":"post-68795","1":"product","2":"type-product","3":"status-publish","4":"has-post-thumbnail","6":"product_cat-armoires-refrigerees","7":"product_cat-froid","8":"product_cat-palettisable","10":"first","11":"outofstock","12":"featured","13":"taxable","14":"shipping-taxable","15":"purchasable","16":"product-type-simple"},"_links":{"self":[{"href":"https:\/\/abinox-chr-clim.com\/index.php\/wp-json\/wp\/v2\/product\/68795","targetHints":{"allow":["GET"]}}],"collection":[{"href":"https:\/\/abinox-chr-clim.com\/index.php\/wp-json\/wp\/v2\/product"}],"about":[{"href":"https:\/\/abinox-chr-clim.com\/index.php\/wp-json\/wp\/v2\/types\/product"}],"replies":[{"embeddable":true,"href":"https:\/\/abinox-chr-clim.com\/index.php\/wp-json\/wp\/v2\/comments?post=68795"}],"wp:featuredmedia":[{"embeddable":true,"href":"https:\/\/abinox-chr-clim.com\/index.php\/wp-json\/wp\/v2\/media\/80928"}],"wp:attachment":[{"href":"https:\/\/abinox-chr-clim.com\/index.php\/wp-json\/wp\/v2\/media?parent=68795"}],"wp:term":[{"taxonomy":"product_brand","embeddable":true,"href":"https:\/\/abinox-chr-clim.com\/index.php\/wp-json\/wp\/v2\/product_brand?post=68795"},{"taxonomy":"product_cat","embeddable":true,"href":"https:\/\/abinox-chr-clim.com\/index.php\/wp-json\/wp\/v2\/product_cat?post=68795"},{"taxonomy":"product_tag","embeddable":true,"href":"https:\/\/abinox-chr-clim.com\/index.php\/wp-json\/wp\/v2\/product_tag?post=68795"}],"curies":[{"name":"wp","href":"https:\/\/api.w.org\/{rel}","templated":true}]}}