{"id":68793,"date":"2024-03-22T16:17:44","date_gmt":"2024-03-22T15:17:44","guid":{"rendered":"https:\/\/abinox-chr-clim.com\/index.php\/product\/comptoir-de-preparation-refrigere-positif-1-porte-polar-serie-u-154l\/"},"modified":"2026-04-11T10:07:02","modified_gmt":"2026-04-11T08:07:02","slug":"comptoir-de-preparation-refrigere-positif-1-porte-polar-serie-u-154l","status":"publish","type":"product","link":"https:\/\/abinox-chr-clim.com\/index.php\/product\/comptoir-de-preparation-refrigere-positif-1-porte-polar-serie-u-154l\/","title":{"rendered":"Comptoir de pr\u00e9paration r\u00e9frig\u00e9r\u00e9 positif 1 porte Polar S\u00e9rie U 154L"},"content":{"rendered":"<p>Comptoir de pr\u00e9paration robuste avec param\u00e8tres de stockage de viande, de poisson et g\u00e9n\u00e9raux sur simple pression d&rsquo;un bouton. L&rsquo;\u00e9clairage int\u00e9rieur LED \u00e0 faible consommation d&rsquo;\u00e9nergie r\u00e9duit les co\u00fbts de fonctionnement. Compatible GN 1\/1.<br \/>Construction facile \u00e0 nettoyer gain de temps. Contr\u00f4les et affichage de temp\u00e9rature num\u00e9riques pr\u00e9cis et conviviaux. La porte solide \u00e0 fermeture automatique r\u00e9duit la perte de temp\u00e9rature. R\u00e9f\u00e9rence soumise \u00e0 une Eco-participation mobilier de 11.12\u20ac par unit\u00e9 vendue. Le d\u00e9givrage automatique optimise l&rsquo;efficacit\u00e9 et les performances. Le refroidissement par air forc\u00e9 assure une r\u00e9cup\u00e9ration rapide de la temp\u00e9rature. Fourni avec 8 bacs en polycarbonate GN 1\/6.Les roulettes verrouillables robustes permettent un positionnement facile. Construction facile \u00e0 nettoyer gain de temps.<\/p>\n<p>Caract\u00e9ristiques :<br \/> Capacit\u00e9 : 154 L.<br \/> Dimensions : 1100(H) x 735(L) x 760(P) mm.<br \/> Mati\u00e8re : .<br \/> Fr\u00e9on : R290.<br \/> Temp\u00e9rature : 0 \u00b0C \u00e0 5 \u00b0C.<br \/> Voltage : 230V.<br \/> Couleur : Argent.<br \/> Temp\u00e9rature ambiante : 40 \u00b0C.<br \/> Classe climatique : 5.<br \/> Bac GN : GN 1\/6XY.<\/p>\n","protected":false},"excerpt":{"rendered":"<div><img decoding=\"async\" src=\"https:\/\/abinox-chr-clim.com\/wp-content\/uploads\/2024\/03\/abinox-garantie.webp\" width=\"400px\"\/><\/div>\n<p>Comptoir de pr\u00e9paration r\u00e9frig\u00e9r\u00e9 positif 1 porte Polar S\u00e9rie U 154L<\/p>\n","protected":false},"featured_media":98975,"comment_status":"closed","ping_status":"closed","template":"","meta":[],"product_brand":[],"product_cat":[1249,1296],"product_tag":[],"class_list":{"0":"post-68793","1":"product","2":"type-product","3":"status-publish","4":"has-post-thumbnail","6":"product_cat-froid","7":"product_cat-palettisable","9":"first","10":"instock","11":"featured","12":"taxable","13":"shipping-taxable","14":"purchasable","15":"product-type-simple"},"_links":{"self":[{"href":"https:\/\/abinox-chr-clim.com\/index.php\/wp-json\/wp\/v2\/product\/68793","targetHints":{"allow":["GET"]}}],"collection":[{"href":"https:\/\/abinox-chr-clim.com\/index.php\/wp-json\/wp\/v2\/product"}],"about":[{"href":"https:\/\/abinox-chr-clim.com\/index.php\/wp-json\/wp\/v2\/types\/product"}],"replies":[{"embeddable":true,"href":"https:\/\/abinox-chr-clim.com\/index.php\/wp-json\/wp\/v2\/comments?post=68793"}],"wp:featuredmedia":[{"embeddable":true,"href":"https:\/\/abinox-chr-clim.com\/index.php\/wp-json\/wp\/v2\/media\/98975"}],"wp:attachment":[{"href":"https:\/\/abinox-chr-clim.com\/index.php\/wp-json\/wp\/v2\/media?parent=68793"}],"wp:term":[{"taxonomy":"product_brand","embeddable":true,"href":"https:\/\/abinox-chr-clim.com\/index.php\/wp-json\/wp\/v2\/product_brand?post=68793"},{"taxonomy":"product_cat","embeddable":true,"href":"https:\/\/abinox-chr-clim.com\/index.php\/wp-json\/wp\/v2\/product_cat?post=68793"},{"taxonomy":"product_tag","embeddable":true,"href":"https:\/\/abinox-chr-clim.com\/index.php\/wp-json\/wp\/v2\/product_tag?post=68793"}],"curies":[{"name":"wp","href":"https:\/\/api.w.org\/{rel}","templated":true}]}}