{"id":68790,"date":"2024-03-22T16:17:43","date_gmt":"2024-03-22T15:17:43","guid":{"rendered":"https:\/\/abinox-chr-clim.com\/index.php\/product\/dessous-de-comptoir-compact-positif-1-porte-128l-gram-k220rg-2w\/"},"modified":"2026-04-11T09:20:24","modified_gmt":"2026-04-11T07:20:24","slug":"dessous-de-comptoir-compact-positif-1-porte-128l-gram-k220rg-2w","status":"publish","type":"product","link":"https:\/\/abinox-chr-clim.com\/index.php\/product\/dessous-de-comptoir-compact-positif-1-porte-128l-gram-k220rg-2w\/","title":{"rendered":"Dessous de comptoir compact positif 1 porte 128L Gram K220RG 2W"},"content":{"rendered":"<p>Porte battante main droite avec serrure r\u00e9versible. Ext\u00e9rieur attrayant en acier inoxydable facile \u00e0 nettoyer. 3 \u00e9tag\u00e8res grises robustes. Affichage ext\u00e9rieur de la temp\u00e9rature. Affichage ext\u00e9rieur de la temp\u00e9rature. Thermostat \u00e9lectronique. Volume net : 76 L. Volume brut: 125 L. R\u00e9f\u00e9rence soumise \u00e0 une Eco-participation DEEE de 3,68\u20ac par unit\u00e9 vendue. Porte battante main droite avec serrure r\u00e9versible.<\/p>\n<p>Caract\u00e9ristiques :<br \/> Capacit\u00e9 : 128 L.<br \/> Dimensions : 830(H) x 595(L) x 642(P) mm.<br \/> Mati\u00e8re : .<br \/> Isolation : 5 cm.<br \/> Fr\u00e9on : R600a.<br \/> Temp\u00e9rature : 2 \u00b0C \u00e0 12 \u00b0C.<br \/> Voltage : 230V.<br \/> Couleur : .<br \/> Puissance : 0.102 kW.<br \/> Temp\u00e9rature ambiante : 35 \u00b0C.<br \/> Classe climatique : 4.<br \/> Classe \u00e9nerg\u00e9tique : A+.<\/p>\n","protected":false},"excerpt":{"rendered":"<div><img decoding=\"async\" src=\"https:\/\/abinox-chr-clim.com\/wp-content\/uploads\/2024\/03\/abinox-garantie.webp\" width=\"400px\"\/><\/div>\n<p>Dessous de comptoir compact positif 1 porte 128L Gram K220RG 2W<\/p>\n","protected":false},"featured_media":95440,"comment_status":"closed","ping_status":"closed","template":"","meta":[],"product_brand":[],"product_cat":[1249,1296],"product_tag":[],"class_list":{"0":"post-68790","1":"product","2":"type-product","3":"status-publish","4":"has-post-thumbnail","6":"product_cat-froid","7":"product_cat-palettisable","9":"first","10":"instock","11":"featured","12":"taxable","13":"shipping-taxable","14":"purchasable","15":"product-type-simple"},"_links":{"self":[{"href":"https:\/\/abinox-chr-clim.com\/index.php\/wp-json\/wp\/v2\/product\/68790","targetHints":{"allow":["GET"]}}],"collection":[{"href":"https:\/\/abinox-chr-clim.com\/index.php\/wp-json\/wp\/v2\/product"}],"about":[{"href":"https:\/\/abinox-chr-clim.com\/index.php\/wp-json\/wp\/v2\/types\/product"}],"replies":[{"embeddable":true,"href":"https:\/\/abinox-chr-clim.com\/index.php\/wp-json\/wp\/v2\/comments?post=68790"}],"wp:featuredmedia":[{"embeddable":true,"href":"https:\/\/abinox-chr-clim.com\/index.php\/wp-json\/wp\/v2\/media\/95440"}],"wp:attachment":[{"href":"https:\/\/abinox-chr-clim.com\/index.php\/wp-json\/wp\/v2\/media?parent=68790"}],"wp:term":[{"taxonomy":"product_brand","embeddable":true,"href":"https:\/\/abinox-chr-clim.com\/index.php\/wp-json\/wp\/v2\/product_brand?post=68790"},{"taxonomy":"product_cat","embeddable":true,"href":"https:\/\/abinox-chr-clim.com\/index.php\/wp-json\/wp\/v2\/product_cat?post=68790"},{"taxonomy":"product_tag","embeddable":true,"href":"https:\/\/abinox-chr-clim.com\/index.php\/wp-json\/wp\/v2\/product_tag?post=68790"}],"curies":[{"name":"wp","href":"https:\/\/api.w.org\/{rel}","templated":true}]}}