{"id":68789,"date":"2024-03-22T16:17:43","date_gmt":"2024-03-22T15:17:43","guid":{"rendered":"https:\/\/abinox-chr-clim.com\/index.php\/product\/refrigerateur-a-lait-de-comptoir-polar-serie-g-20l\/"},"modified":"2026-04-11T10:14:53","modified_gmt":"2026-04-11T08:14:53","slug":"refrigerateur-a-lait-de-comptoir-polar-serie-g-20l","status":"publish","type":"product","link":"https:\/\/abinox-chr-clim.com\/index.php\/product\/refrigerateur-a-lait-de-comptoir-polar-serie-g-20l\/","title":{"rendered":"R\u00e9frig\u00e9rateur \u00e0 lait de comptoir Polar S\u00e9rie G 20L"},"content":{"rendered":"<p>Trou de connexion du tuyau de lait &#8211; se connecte facilement \u00e0 une machine \u00e0 caf\u00e9 \u00e0 remplissage automatique. Consommation totale d&rsquo;\u00e9nergie\u00a0: 0,775. Remarque\u00a0: ne convient pas \u00e0 une utilisation dans des environnements ext\u00e9rieurs et mobiles, y compris dans les v\u00e9hicules de restauration.R\u00e9f\u00e9rence soumise \u00e0 une Eco-participation mobilier de 2.19\u20ac par unit\u00e9 vendue. Plage de temp\u00e9rature : 0-4\u00b0C. Refroidissement assist\u00e9 par ventilateur &#8211; r\u00e9cup\u00e9ration rapide de la temp\u00e9rature apr\u00e8s ouverture de la porte. Verrouillable pour une plus grande s\u00e9curit\u00e9 du stock. L&rsquo;\u00e9tag\u00e8re amovible offre un rangement flexible. Conception solide et facile \u00e0 nettoyer. Classe climatique\u00a0: 5M2. Norme N : AS 1731.14 Ament 2 du 9 juillet 2012. Type de prise\u00a0: 1 prise de 10 amp\u00e8res. Trou de connexion du tuyau de lait &#8211; se connecte facilement \u00e0 une machine \u00e0 caf\u00e9 \u00e0 remplissage automatique.<\/p>\n<p>Caract\u00e9ristiques :<br \/> Capacit\u00e9 : 20 L.<br \/> Dimensions : 455(H) x 312(L) x 378(P) mm.<br \/> Mati\u00e8re : .<br \/> Couleur : Noir.<\/p>\n","protected":false},"excerpt":{"rendered":"<div><img decoding=\"async\" src=\"https:\/\/abinox-chr-clim.com\/wp-content\/uploads\/2024\/03\/abinox-garantie.webp\" width=\"400px\"\/><\/div>\n<p>R\u00e9frig\u00e9rateur \u00e0 lait de comptoir Polar S\u00e9rie G 20L<\/p>\n","protected":false},"featured_media":87540,"comment_status":"closed","ping_status":"closed","template":"","meta":[],"product_brand":[],"product_cat":[1249,1297],"product_tag":[],"class_list":{"0":"post-68789","1":"product","2":"type-product","3":"status-publish","4":"has-post-thumbnail","6":"product_cat-froid","7":"product_cat-non-palettisable","8":"product_shipping_class-free-shipping","10":"first","11":"instock","12":"featured","13":"taxable","14":"shipping-taxable","15":"purchasable","16":"product-type-simple"},"_links":{"self":[{"href":"https:\/\/abinox-chr-clim.com\/index.php\/wp-json\/wp\/v2\/product\/68789","targetHints":{"allow":["GET"]}}],"collection":[{"href":"https:\/\/abinox-chr-clim.com\/index.php\/wp-json\/wp\/v2\/product"}],"about":[{"href":"https:\/\/abinox-chr-clim.com\/index.php\/wp-json\/wp\/v2\/types\/product"}],"replies":[{"embeddable":true,"href":"https:\/\/abinox-chr-clim.com\/index.php\/wp-json\/wp\/v2\/comments?post=68789"}],"wp:featuredmedia":[{"embeddable":true,"href":"https:\/\/abinox-chr-clim.com\/index.php\/wp-json\/wp\/v2\/media\/87540"}],"wp:attachment":[{"href":"https:\/\/abinox-chr-clim.com\/index.php\/wp-json\/wp\/v2\/media?parent=68789"}],"wp:term":[{"taxonomy":"product_brand","embeddable":true,"href":"https:\/\/abinox-chr-clim.com\/index.php\/wp-json\/wp\/v2\/product_brand?post=68789"},{"taxonomy":"product_cat","embeddable":true,"href":"https:\/\/abinox-chr-clim.com\/index.php\/wp-json\/wp\/v2\/product_cat?post=68789"},{"taxonomy":"product_tag","embeddable":true,"href":"https:\/\/abinox-chr-clim.com\/index.php\/wp-json\/wp\/v2\/product_tag?post=68789"}],"curies":[{"name":"wp","href":"https:\/\/api.w.org\/{rel}","templated":true}]}}