{"id":68788,"date":"2024-03-22T16:17:42","date_gmt":"2024-03-22T15:17:42","guid":{"rendered":"https:\/\/abinox-chr-clim.com\/index.php\/product\/congelateur-coffre-nisbets-essentials-93l\/"},"modified":"2026-04-11T10:14:47","modified_gmt":"2026-04-11T08:14:47","slug":"congelateur-coffre-nisbets-essentials-93l","status":"publish","type":"product","link":"https:\/\/abinox-chr-clim.com\/index.php\/product\/congelateur-coffre-nisbets-essentials-93l\/","title":{"rendered":"Cong\u00e9lateur coffre Nisbets Essentials 93L"},"content":{"rendered":"<p>Avec sa g\u00e9n\u00e9reuse capacit\u00e9 de 290 litres et ses paniers de rangement, ce cong\u00e9lateur coffre est id\u00e9al pour stocker de grandes quantit\u00e9s de produits surgel\u00e9s. Id\u00e9al pour les gros morceaux de viande et autres produits congel\u00e9s volumineux. Couvercle \u00e0 charni\u00e8re verrouillable avec commande facile \u00e0 utiliser.<br \/>Un espace de stockage g\u00e9n\u00e9reux de 93 litres dans un format compact.Finition noire \u00e9l\u00e9gante avec un design facile \u00e0 nettoyer. Fonctionnement silencieux. Comprend un panier pratique pour un rangement optimis\u00e9. D\u00e9givrage manuel simple avec drain mont\u00e9 \u00e0 l&rsquo;avant. Panneau de commande et affichage num\u00e9riques conviviaux. Pieds r\u00e9glables pour un positionnement facile. Couvercle verrouillable pour un rangement s\u00e9curis\u00e9. Un espace de stockage g\u00e9n\u00e9reux de 93 litres dans un format compact.<\/p>\n<p>Caract\u00e9ristiques :<br \/> Capacit\u00e9 : 93 L.<br \/> Dimensions : 845(H) x 574(L) x 564(P) mm.<br \/> Mati\u00e8re : Acier peint.<br \/> Fr\u00e9on : R600a \/ 52g.<br \/> Temp\u00e9rature : -28 \u00b0C \u00e0 10 \u00b0C.<br \/> Voltage : 220-240V.<br \/> Couleur : Noir.<br \/> Temp\u00e9rature ambiante : 43 \u00b0C.<br \/> Classe climatique : SN = Subnormale : Cet appareil est destin\u00e9 \u00e0 \u00eatre utilis\u00e9 \u00e0 une temp\u00e9rature ambiante comprise entre + 10 \u00b0C et + 32 \u00b0C.<br \/> Classe \u00e9nerg\u00e9tique : E.<\/p>\n","protected":false},"excerpt":{"rendered":"<div><img decoding=\"async\" src=\"https:\/\/abinox-chr-clim.com\/wp-content\/uploads\/2024\/03\/abinox-garantie.webp\" width=\"400px\"\/><\/div>\n<p>Cong\u00e9lateur coffre Nisbets Essentials 93L<\/p>\n","protected":false},"featured_media":83927,"comment_status":"closed","ping_status":"closed","template":"","meta":[],"product_brand":[],"product_cat":[1249,1297],"product_tag":[],"class_list":{"0":"post-68788","1":"product","2":"type-product","3":"status-publish","4":"has-post-thumbnail","6":"product_cat-froid","7":"product_cat-non-palettisable","8":"product_shipping_class-free-shipping","10":"first","11":"instock","12":"featured","13":"taxable","14":"shipping-taxable","15":"purchasable","16":"product-type-simple"},"_links":{"self":[{"href":"https:\/\/abinox-chr-clim.com\/index.php\/wp-json\/wp\/v2\/product\/68788","targetHints":{"allow":["GET"]}}],"collection":[{"href":"https:\/\/abinox-chr-clim.com\/index.php\/wp-json\/wp\/v2\/product"}],"about":[{"href":"https:\/\/abinox-chr-clim.com\/index.php\/wp-json\/wp\/v2\/types\/product"}],"replies":[{"embeddable":true,"href":"https:\/\/abinox-chr-clim.com\/index.php\/wp-json\/wp\/v2\/comments?post=68788"}],"wp:featuredmedia":[{"embeddable":true,"href":"https:\/\/abinox-chr-clim.com\/index.php\/wp-json\/wp\/v2\/media\/83927"}],"wp:attachment":[{"href":"https:\/\/abinox-chr-clim.com\/index.php\/wp-json\/wp\/v2\/media?parent=68788"}],"wp:term":[{"taxonomy":"product_brand","embeddable":true,"href":"https:\/\/abinox-chr-clim.com\/index.php\/wp-json\/wp\/v2\/product_brand?post=68788"},{"taxonomy":"product_cat","embeddable":true,"href":"https:\/\/abinox-chr-clim.com\/index.php\/wp-json\/wp\/v2\/product_cat?post=68788"},{"taxonomy":"product_tag","embeddable":true,"href":"https:\/\/abinox-chr-clim.com\/index.php\/wp-json\/wp\/v2\/product_tag?post=68788"}],"curies":[{"name":"wp","href":"https:\/\/api.w.org\/{rel}","templated":true}]}}