{"id":68780,"date":"2024-03-22T16:15:37","date_gmt":"2024-03-22T15:15:37","guid":{"rendered":"https:\/\/abinox-chr-clim.com\/index.php\/product\/distributeur-wrapmaster-4500-et-3-x-300m-de-film-alimentaire\/"},"modified":"2026-04-15T10:24:56","modified_gmt":"2026-04-15T08:24:56","slug":"distributeur-wrapmaster-4500-et-3-x-300m-de-film-alimentaire","status":"publish","type":"product","link":"https:\/\/abinox-chr-clim.com\/index.php\/product\/distributeur-wrapmaster-4500-et-3-x-300m-de-film-alimentaire\/","title":{"rendered":"Distributeur Wrapmaster 4500 et 3 x 300m de film alimentaire"},"content":{"rendered":"<p>Film alimentaire 457 mm  de large, longueur 300m. Hygi\u00e9nique et professionnel. Pieds amovibles. Couvercle verouillable. Passe au lave-vaisselle jusqu&rsquo;\u00e0 80\u00b0C. Facile \u00e0 utiliser &#8211; coupe sans enchev\u00eatrement. Compatible avec le film aluminium J371 (vendu s\u00e9par\u00e9ment). Compatible avec le film de cuisson GH029 (vendu s\u00e9par\u00e9ment). Compatible avec le papier sulfuris\u00e9 GM215 (vendu s\u00e9par\u00e9ment). Veuillez noter : seules les recharges Wrapmaster conviennent \u00e0 ce distributeur.  Film alimentaire 457 mm  de large, longueur 300m.<\/p>\n<p>Caract\u00e9ristiques :<br \/> Dimensions : 145(H) x 520(L) x 150(P)mm.<\/p>\n","protected":false},"excerpt":{"rendered":"<p>Distributeur Wrapmaster 4500 et 3 x 300m de film alimentaire<\/p>\n","protected":false},"featured_media":99749,"comment_status":"closed","ping_status":"closed","template":"","meta":[],"product_brand":[],"product_cat":[1277,1297],"product_tag":[],"class_list":{"0":"post-68780","1":"product","2":"type-product","3":"status-publish","4":"has-post-thumbnail","6":"product_cat-divers-principal","7":"product_cat-non-palettisable","8":"product_shipping_class-free-shipping","10":"first","11":"instock","12":"featured","13":"taxable","14":"shipping-taxable","15":"purchasable","16":"product-type-simple"},"_links":{"self":[{"href":"https:\/\/abinox-chr-clim.com\/index.php\/wp-json\/wp\/v2\/product\/68780","targetHints":{"allow":["GET"]}}],"collection":[{"href":"https:\/\/abinox-chr-clim.com\/index.php\/wp-json\/wp\/v2\/product"}],"about":[{"href":"https:\/\/abinox-chr-clim.com\/index.php\/wp-json\/wp\/v2\/types\/product"}],"replies":[{"embeddable":true,"href":"https:\/\/abinox-chr-clim.com\/index.php\/wp-json\/wp\/v2\/comments?post=68780"}],"wp:featuredmedia":[{"embeddable":true,"href":"https:\/\/abinox-chr-clim.com\/index.php\/wp-json\/wp\/v2\/media\/99749"}],"wp:attachment":[{"href":"https:\/\/abinox-chr-clim.com\/index.php\/wp-json\/wp\/v2\/media?parent=68780"}],"wp:term":[{"taxonomy":"product_brand","embeddable":true,"href":"https:\/\/abinox-chr-clim.com\/index.php\/wp-json\/wp\/v2\/product_brand?post=68780"},{"taxonomy":"product_cat","embeddable":true,"href":"https:\/\/abinox-chr-clim.com\/index.php\/wp-json\/wp\/v2\/product_cat?post=68780"},{"taxonomy":"product_tag","embeddable":true,"href":"https:\/\/abinox-chr-clim.com\/index.php\/wp-json\/wp\/v2\/product_tag?post=68780"}],"curies":[{"name":"wp","href":"https:\/\/api.w.org\/{rel}","templated":true}]}}