{"id":68778,"date":"2024-03-22T16:15:36","date_gmt":"2024-03-22T15:15:36","guid":{"rendered":"https:\/\/abinox-chr-clim.com\/index.php\/product\/wok-en-inox-matfer-bourgeat-tradition-plus-350mm\/"},"modified":"2026-04-15T09:14:53","modified_gmt":"2026-04-15T07:14:53","slug":"wok-en-inox-matfer-bourgeat-tradition-plus-350mm","status":"publish","type":"product","link":"https:\/\/abinox-chr-clim.com\/index.php\/product\/wok-en-inox-matfer-bourgeat-tradition-plus-350mm\/","title":{"rendered":"Wok en inox Matfer Bourgeat Tradition Plus 350mm"},"content":{"rendered":"<p>Fond arrondi pour flamme vive.<br \/>Wok polyvalent adapt\u00e9 \u00e0 une utilisation sur toutes les surfaces de cuisson, y compris l&rsquo;induction.La conception robuste en acier inoxydable est facile \u00e0 nettoyer et garantit le maintien de l&rsquo;hygi\u00e8ne. Le trou dans la poign\u00e9e vous permet de suspendre le wok et d&rsquo;\u00e9conomiser de l&rsquo;espace de rangement. La conception du bord antigoutte garantit un service plus facile et moins de gaspillage. La poign\u00e9e antichaleur est confortable \u00e0 manipuler tout au long du processus de cuisson. Bord antigoutte renforc\u00e9 avec un butoir ultra \u00e9pais.Wok polyvalent adapt\u00e9 \u00e0 une utilisation sur toutes les surfaces de cuisson, y compris l&rsquo;induction.<\/p>\n<p>Caract\u00e9ristiques :<br \/> Capacit\u00e9 : 5 L.<br \/> Dimensions : 350(\u00d8) mm.<br \/> Mati\u00e8re : Inox<\/p>\n","protected":false},"excerpt":{"rendered":"<p>Wok en inox Matfer Bourgeat Tradition Plus 350mm<\/p>\n","protected":false},"featured_media":103508,"comment_status":"closed","ping_status":"closed","template":"","meta":[],"product_brand":[],"product_cat":[1277,1297],"product_tag":[],"class_list":{"0":"post-68778","1":"product","2":"type-product","3":"status-publish","4":"has-post-thumbnail","6":"product_cat-divers-principal","7":"product_cat-non-palettisable","8":"product_shipping_class-free-shipping","10":"first","11":"instock","12":"featured","13":"taxable","14":"shipping-taxable","15":"purchasable","16":"product-type-simple"},"_links":{"self":[{"href":"https:\/\/abinox-chr-clim.com\/index.php\/wp-json\/wp\/v2\/product\/68778","targetHints":{"allow":["GET"]}}],"collection":[{"href":"https:\/\/abinox-chr-clim.com\/index.php\/wp-json\/wp\/v2\/product"}],"about":[{"href":"https:\/\/abinox-chr-clim.com\/index.php\/wp-json\/wp\/v2\/types\/product"}],"replies":[{"embeddable":true,"href":"https:\/\/abinox-chr-clim.com\/index.php\/wp-json\/wp\/v2\/comments?post=68778"}],"wp:featuredmedia":[{"embeddable":true,"href":"https:\/\/abinox-chr-clim.com\/index.php\/wp-json\/wp\/v2\/media\/103508"}],"wp:attachment":[{"href":"https:\/\/abinox-chr-clim.com\/index.php\/wp-json\/wp\/v2\/media?parent=68778"}],"wp:term":[{"taxonomy":"product_brand","embeddable":true,"href":"https:\/\/abinox-chr-clim.com\/index.php\/wp-json\/wp\/v2\/product_brand?post=68778"},{"taxonomy":"product_cat","embeddable":true,"href":"https:\/\/abinox-chr-clim.com\/index.php\/wp-json\/wp\/v2\/product_cat?post=68778"},{"taxonomy":"product_tag","embeddable":true,"href":"https:\/\/abinox-chr-clim.com\/index.php\/wp-json\/wp\/v2\/product_tag?post=68778"}],"curies":[{"name":"wp","href":"https:\/\/api.w.org\/{rel}","templated":true}]}}