{"id":68776,"date":"2024-03-22T16:15:35","date_gmt":"2024-03-22T15:15:35","guid":{"rendered":"https:\/\/abinox-chr-clim.com\/index.php\/product\/faitout-matfer-bourgeat-tradition-plus-128l\/"},"modified":"2026-04-15T09:14:44","modified_gmt":"2026-04-15T07:14:44","slug":"faitout-matfer-bourgeat-tradition-plus-128l","status":"publish","type":"product","link":"https:\/\/abinox-chr-clim.com\/index.php\/product\/faitout-matfer-bourgeat-tradition-plus-128l\/","title":{"rendered":"Faitout Matfer Bourgeat Tradition Plus 12,8L"},"content":{"rendered":"<p>\u00ab Tradition Plus \u00bb.<br \/>Acier inoxydable &#8211; compatible tous feux.Conception robuste et r\u00e9sistante.Renfort ultra \u00e9pais des bords sup\u00e9rieurs et inf\u00e9rieurs et bord renforc\u00e9 \u00ab verse-franc \u00bb. Poign\u00e9es r\u00e9fractaires \u00e0 la chaleur.Acier inoxydable &#8211; compatible tous feux.<\/p>\n<p>Caract\u00e9ristiques :<br \/> Capacit\u00e9 : 12,8 L.<br \/> Dimensions : 153(H) x 320(\u00d8) mm.<br \/> Mati\u00e8re : Inox<\/p>\n","protected":false},"excerpt":{"rendered":"<p>Faitout Matfer Bourgeat Tradition Plus 12,8L<\/p>\n","protected":false},"featured_media":103503,"comment_status":"closed","ping_status":"closed","template":"","meta":[],"product_brand":[],"product_cat":[1277,1297],"product_tag":[],"class_list":{"0":"post-68776","1":"product","2":"type-product","3":"status-publish","4":"has-post-thumbnail","6":"product_cat-divers-principal","7":"product_cat-non-palettisable","8":"product_shipping_class-free-shipping","10":"first","11":"instock","12":"featured","13":"taxable","14":"shipping-taxable","15":"purchasable","16":"product-type-simple"},"_links":{"self":[{"href":"https:\/\/abinox-chr-clim.com\/index.php\/wp-json\/wp\/v2\/product\/68776","targetHints":{"allow":["GET"]}}],"collection":[{"href":"https:\/\/abinox-chr-clim.com\/index.php\/wp-json\/wp\/v2\/product"}],"about":[{"href":"https:\/\/abinox-chr-clim.com\/index.php\/wp-json\/wp\/v2\/types\/product"}],"replies":[{"embeddable":true,"href":"https:\/\/abinox-chr-clim.com\/index.php\/wp-json\/wp\/v2\/comments?post=68776"}],"wp:featuredmedia":[{"embeddable":true,"href":"https:\/\/abinox-chr-clim.com\/index.php\/wp-json\/wp\/v2\/media\/103503"}],"wp:attachment":[{"href":"https:\/\/abinox-chr-clim.com\/index.php\/wp-json\/wp\/v2\/media?parent=68776"}],"wp:term":[{"taxonomy":"product_brand","embeddable":true,"href":"https:\/\/abinox-chr-clim.com\/index.php\/wp-json\/wp\/v2\/product_brand?post=68776"},{"taxonomy":"product_cat","embeddable":true,"href":"https:\/\/abinox-chr-clim.com\/index.php\/wp-json\/wp\/v2\/product_cat?post=68776"},{"taxonomy":"product_tag","embeddable":true,"href":"https:\/\/abinox-chr-clim.com\/index.php\/wp-json\/wp\/v2\/product_tag?post=68776"}],"curies":[{"name":"wp","href":"https:\/\/api.w.org\/{rel}","templated":true}]}}