{"id":68773,"date":"2024-03-22T16:15:34","date_gmt":"2024-03-22T15:15:34","guid":{"rendered":"https:\/\/abinox-chr-clim.com\/index.php\/product\/grande-pelle-a-pizza-en-bois-boska-740mm\/"},"modified":"2026-04-15T10:27:08","modified_gmt":"2026-04-15T08:27:08","slug":"grande-pelle-a-pizza-en-bois-boska-740mm","status":"publish","type":"product","link":"https:\/\/abinox-chr-clim.com\/index.php\/product\/grande-pelle-a-pizza-en-bois-boska-740mm\/","title":{"rendered":"Grande pelle \u00e0 pizza en bois Boska 740mm"},"content":{"rendered":"<p>Enfournez et sortez facilement votre pizza du four avec cette pelle \u00e0 pizza pratique. Cet ustensile \u00e0 pizza est fabriqu\u00e9 en ch\u00eane et aluminium de haute qualit\u00e9.<br \/>Glissez les pizzas en toute s\u00e9curit\u00e9 dans et hors du four \u00e0 pizza.Pelle ergonomique avec manche en bois de ch\u00eane. Adapt\u00e9e aussi pour le pain et les viennoiseries.  Glissez les pizzas en toute s\u00e9curit\u00e9 dans et hors du four \u00e0 pizza.<\/p>\n","protected":false},"excerpt":{"rendered":"<p>Grande pelle \u00e0 pizza en bois Boska 740mm<\/p>\n","protected":false},"featured_media":104107,"comment_status":"closed","ping_status":"closed","template":"","meta":[],"product_brand":[],"product_cat":[1277,1297],"product_tag":[],"class_list":{"0":"post-68773","1":"product","2":"type-product","3":"status-publish","4":"has-post-thumbnail","6":"product_cat-divers-principal","7":"product_cat-non-palettisable","8":"product_shipping_class-free-shipping","10":"first","11":"instock","12":"featured","13":"taxable","14":"shipping-taxable","15":"purchasable","16":"product-type-simple"},"_links":{"self":[{"href":"https:\/\/abinox-chr-clim.com\/index.php\/wp-json\/wp\/v2\/product\/68773","targetHints":{"allow":["GET"]}}],"collection":[{"href":"https:\/\/abinox-chr-clim.com\/index.php\/wp-json\/wp\/v2\/product"}],"about":[{"href":"https:\/\/abinox-chr-clim.com\/index.php\/wp-json\/wp\/v2\/types\/product"}],"replies":[{"embeddable":true,"href":"https:\/\/abinox-chr-clim.com\/index.php\/wp-json\/wp\/v2\/comments?post=68773"}],"wp:featuredmedia":[{"embeddable":true,"href":"https:\/\/abinox-chr-clim.com\/index.php\/wp-json\/wp\/v2\/media\/104107"}],"wp:attachment":[{"href":"https:\/\/abinox-chr-clim.com\/index.php\/wp-json\/wp\/v2\/media?parent=68773"}],"wp:term":[{"taxonomy":"product_brand","embeddable":true,"href":"https:\/\/abinox-chr-clim.com\/index.php\/wp-json\/wp\/v2\/product_brand?post=68773"},{"taxonomy":"product_cat","embeddable":true,"href":"https:\/\/abinox-chr-clim.com\/index.php\/wp-json\/wp\/v2\/product_cat?post=68773"},{"taxonomy":"product_tag","embeddable":true,"href":"https:\/\/abinox-chr-clim.com\/index.php\/wp-json\/wp\/v2\/product_tag?post=68773"}],"curies":[{"name":"wp","href":"https:\/\/api.w.org\/{rel}","templated":true}]}}