{"id":68771,"date":"2024-03-22T16:15:34","date_gmt":"2024-03-22T15:15:34","guid":{"rendered":"https:\/\/abinox-chr-clim.com\/index.php\/product\/coupes-a-glace-evasees-utopia-170-ml-lot-de-24\/"},"modified":"2026-04-21T10:24:32","modified_gmt":"2026-04-21T08:24:32","slug":"coupes-a-glace-evasees-utopia-170-ml-lot-de-24","status":"publish","type":"product","link":"https:\/\/abinox-chr-clim.com\/index.php\/product\/coupes-a-glace-evasees-utopia-170-ml-lot-de-24\/","title":{"rendered":"Coupes \u00e0 glace \u00e9vas\u00e9es Utopia 170 ml (lot de 24)"},"content":{"rendered":"<p>Un style pour chaque occasion.<br \/>Parfait pour servir des desserts classiques. Polyvalente pour servir une gamme de desserts. Lave-vaisselle. Style \u00e9l\u00e9gant. De la marque sp\u00e9cialis\u00e9e en arts de la table Utopia.  Parfait pour servir des desserts classiques.<\/p>\n<p>Caract\u00e9ristiques :<br \/>Lot : 24.<br \/> Capacit\u00e9 : 17 cl.<br \/> Dimensions : 110(H) x 114(\u00d8) mm.<br \/> Mati\u00e8re : Verre.<br \/> Couleur : Transparent.<\/p>\n","protected":false},"excerpt":{"rendered":"<p>Coupes \u00e0 glace \u00e9vas\u00e9es Utopia 170 ml (lot de 24)<\/p>\n","protected":false},"featured_media":0,"comment_status":"closed","ping_status":"closed","template":"","meta":[],"product_brand":[],"product_cat":[1277,1297],"product_tag":[],"class_list":{"0":"post-68771","1":"product","2":"type-product","3":"status-publish","5":"product_cat-divers-principal","6":"product_cat-non-palettisable","7":"product_shipping_class-free-shipping","9":"first","10":"outofstock","11":"featured","12":"taxable","13":"shipping-taxable","14":"purchasable","15":"product-type-simple"},"_links":{"self":[{"href":"https:\/\/abinox-chr-clim.com\/index.php\/wp-json\/wp\/v2\/product\/68771","targetHints":{"allow":["GET"]}}],"collection":[{"href":"https:\/\/abinox-chr-clim.com\/index.php\/wp-json\/wp\/v2\/product"}],"about":[{"href":"https:\/\/abinox-chr-clim.com\/index.php\/wp-json\/wp\/v2\/types\/product"}],"replies":[{"embeddable":true,"href":"https:\/\/abinox-chr-clim.com\/index.php\/wp-json\/wp\/v2\/comments?post=68771"}],"wp:attachment":[{"href":"https:\/\/abinox-chr-clim.com\/index.php\/wp-json\/wp\/v2\/media?parent=68771"}],"wp:term":[{"taxonomy":"product_brand","embeddable":true,"href":"https:\/\/abinox-chr-clim.com\/index.php\/wp-json\/wp\/v2\/product_brand?post=68771"},{"taxonomy":"product_cat","embeddable":true,"href":"https:\/\/abinox-chr-clim.com\/index.php\/wp-json\/wp\/v2\/product_cat?post=68771"},{"taxonomy":"product_tag","embeddable":true,"href":"https:\/\/abinox-chr-clim.com\/index.php\/wp-json\/wp\/v2\/product_tag?post=68771"}],"curies":[{"name":"wp","href":"https:\/\/api.w.org\/{rel}","templated":true}]}}