{"id":68767,"date":"2024-03-22T16:15:30","date_gmt":"2024-03-22T15:15:30","guid":{"rendered":"https:\/\/abinox-chr-clim.com\/index.php\/product\/bac-cambro-cambox-noir-306x230mm\/"},"modified":"2026-04-15T10:12:03","modified_gmt":"2026-04-15T08:12:03","slug":"bac-cambro-cambox-noir-306x230mm","status":"publish","type":"product","link":"https:\/\/abinox-chr-clim.com\/index.php\/product\/bac-cambro-cambox-noir-306x230mm\/","title":{"rendered":"Bac Cambro Cambox noir 306x230mm"},"content":{"rendered":"<p>Bo\u00eetes de ramassage, stockage et transport en poly\u00e9thyl\u00e8ne.<br \/>. Code Cambro : 912CBP110. .<\/p>\n<p>Caract\u00e9ristiques :<br \/> Dimensions : 130(H) x 230(L) x 306(L) mm.<\/p>\n","protected":false},"excerpt":{"rendered":"<p>Bac Cambro Cambox noir 306x230mm<\/p>\n","protected":false},"featured_media":101580,"comment_status":"closed","ping_status":"closed","template":"","meta":[],"product_brand":[],"product_cat":[1277,1297],"product_tag":[],"class_list":{"0":"post-68767","1":"product","2":"type-product","3":"status-publish","4":"has-post-thumbnail","6":"product_cat-divers-principal","7":"product_cat-non-palettisable","8":"product_shipping_class-free-shipping","10":"first","11":"instock","12":"featured","13":"taxable","14":"shipping-taxable","15":"purchasable","16":"product-type-simple"},"_links":{"self":[{"href":"https:\/\/abinox-chr-clim.com\/index.php\/wp-json\/wp\/v2\/product\/68767","targetHints":{"allow":["GET"]}}],"collection":[{"href":"https:\/\/abinox-chr-clim.com\/index.php\/wp-json\/wp\/v2\/product"}],"about":[{"href":"https:\/\/abinox-chr-clim.com\/index.php\/wp-json\/wp\/v2\/types\/product"}],"replies":[{"embeddable":true,"href":"https:\/\/abinox-chr-clim.com\/index.php\/wp-json\/wp\/v2\/comments?post=68767"}],"wp:featuredmedia":[{"embeddable":true,"href":"https:\/\/abinox-chr-clim.com\/index.php\/wp-json\/wp\/v2\/media\/101580"}],"wp:attachment":[{"href":"https:\/\/abinox-chr-clim.com\/index.php\/wp-json\/wp\/v2\/media?parent=68767"}],"wp:term":[{"taxonomy":"product_brand","embeddable":true,"href":"https:\/\/abinox-chr-clim.com\/index.php\/wp-json\/wp\/v2\/product_brand?post=68767"},{"taxonomy":"product_cat","embeddable":true,"href":"https:\/\/abinox-chr-clim.com\/index.php\/wp-json\/wp\/v2\/product_cat?post=68767"},{"taxonomy":"product_tag","embeddable":true,"href":"https:\/\/abinox-chr-clim.com\/index.php\/wp-json\/wp\/v2\/product_tag?post=68767"}],"curies":[{"name":"wp","href":"https:\/\/api.w.org\/{rel}","templated":true}]}}