{"id":68761,"date":"2024-03-22T16:15:29","date_gmt":"2024-03-22T15:15:29","guid":{"rendered":"https:\/\/abinox-chr-clim.com\/index.php\/product\/gant-de-cuisine-double-en-silicone-sans-couture-masterclass-rouge\/"},"modified":"2026-04-15T10:25:46","modified_gmt":"2026-04-15T08:25:46","slug":"gant-de-cuisine-double-en-silicone-sans-couture-masterclass-rouge","status":"publish","type":"product","link":"https:\/\/abinox-chr-clim.com\/index.php\/product\/gant-de-cuisine-double-en-silicone-sans-couture-masterclass-rouge\/","title":{"rendered":"Gant de cuisine double en silicone sans couture MasterClass rouge"},"content":{"rendered":"<p>Le mat\u00e9riau en silicone offre une prise antid\u00e9rapante naturelle, avec une r\u00e9sistance totale \u00e0 la chaleur et \u00e0 l&rsquo;eau. Manchon en coton.<br \/>R\u00e9sistant \u00e0 l&rsquo;eau. R\u00e9sistant \u00e0 la chaleur jusqu&rsquo;\u00e0 250\u00b0C. Lavable en machine. Prise antid\u00e9rapante. R\u00e9sistant \u00e0 l&rsquo;eau.<\/p>\n<p>Caract\u00e9ristiques :<br \/> Dimensions : 490(L) mm.<br \/> Mati\u00e8re : Silicone.<br \/> Couleur : Rouge.<\/p>\n","protected":false},"excerpt":{"rendered":"<p>Gant de cuisine double en silicone sans couture MasterClass rouge<\/p>\n","protected":false},"featured_media":101074,"comment_status":"closed","ping_status":"closed","template":"","meta":[],"product_brand":[],"product_cat":[1277,1297],"product_tag":[],"class_list":{"0":"post-68761","1":"product","2":"type-product","3":"status-publish","4":"has-post-thumbnail","6":"product_cat-divers-principal","7":"product_cat-non-palettisable","8":"product_shipping_class-free-shipping","10":"first","11":"instock","12":"featured","13":"taxable","14":"shipping-taxable","15":"purchasable","16":"product-type-simple"},"_links":{"self":[{"href":"https:\/\/abinox-chr-clim.com\/index.php\/wp-json\/wp\/v2\/product\/68761","targetHints":{"allow":["GET"]}}],"collection":[{"href":"https:\/\/abinox-chr-clim.com\/index.php\/wp-json\/wp\/v2\/product"}],"about":[{"href":"https:\/\/abinox-chr-clim.com\/index.php\/wp-json\/wp\/v2\/types\/product"}],"replies":[{"embeddable":true,"href":"https:\/\/abinox-chr-clim.com\/index.php\/wp-json\/wp\/v2\/comments?post=68761"}],"wp:featuredmedia":[{"embeddable":true,"href":"https:\/\/abinox-chr-clim.com\/index.php\/wp-json\/wp\/v2\/media\/101074"}],"wp:attachment":[{"href":"https:\/\/abinox-chr-clim.com\/index.php\/wp-json\/wp\/v2\/media?parent=68761"}],"wp:term":[{"taxonomy":"product_brand","embeddable":true,"href":"https:\/\/abinox-chr-clim.com\/index.php\/wp-json\/wp\/v2\/product_brand?post=68761"},{"taxonomy":"product_cat","embeddable":true,"href":"https:\/\/abinox-chr-clim.com\/index.php\/wp-json\/wp\/v2\/product_cat?post=68761"},{"taxonomy":"product_tag","embeddable":true,"href":"https:\/\/abinox-chr-clim.com\/index.php\/wp-json\/wp\/v2\/product_tag?post=68761"}],"curies":[{"name":"wp","href":"https:\/\/api.w.org\/{rel}","templated":true}]}}