{"id":68760,"date":"2024-03-22T16:15:29","date_gmt":"2024-03-22T15:15:29","guid":{"rendered":"https:\/\/abinox-chr-clim.com\/index.php\/product\/seche-cheveux-avec-moteur-ac-tristar\/"},"modified":"2026-04-15T10:23:48","modified_gmt":"2026-04-15T08:23:48","slug":"seche-cheveux-avec-moteur-ac-tristar","status":"publish","type":"product","link":"https:\/\/abinox-chr-clim.com\/index.php\/product\/seche-cheveux-avec-moteur-ac-tristar\/","title":{"rendered":"S\u00e8che-cheveux avec moteur AC Tristar"},"content":{"rendered":"<p>S\u00e9chez et coiffez vos cheveux en un rien de temps gr\u00e2ce \u00e0 la puissance de 2200 watts.D\u00e9placez-vous librement gr\u00e2ce au cordon flexible de 1,8 m\u00e8tre. Fonction ionique. Plusieurs r\u00e9glages de vitesse et de temp\u00e9rature. Accessoires concentrateur et diffuseur.S\u00e9chez et coiffez vos cheveux en un rien de temps gr\u00e2ce \u00e0 la puissance de 2200 watts.<\/p>\n<p>Caract\u00e9ristiques :<br \/> Dimensions : 220(H) x 95(L) x 280(P) mm.<br \/> Mati\u00e8re : Plastique.<br \/> Couleur : Noir.<\/p>\n","protected":false},"excerpt":{"rendered":"<p>S\u00e8che-cheveux avec moteur AC Tristar<\/p>\n","protected":false},"featured_media":101049,"comment_status":"closed","ping_status":"closed","template":"","meta":[],"product_brand":[],"product_cat":[1277,1297],"product_tag":[],"class_list":{"0":"post-68760","1":"product","2":"type-product","3":"status-publish","4":"has-post-thumbnail","6":"product_cat-divers-principal","7":"product_cat-non-palettisable","8":"product_shipping_class-free-shipping","10":"first","11":"instock","12":"featured","13":"taxable","14":"shipping-taxable","15":"purchasable","16":"product-type-simple"},"_links":{"self":[{"href":"https:\/\/abinox-chr-clim.com\/index.php\/wp-json\/wp\/v2\/product\/68760","targetHints":{"allow":["GET"]}}],"collection":[{"href":"https:\/\/abinox-chr-clim.com\/index.php\/wp-json\/wp\/v2\/product"}],"about":[{"href":"https:\/\/abinox-chr-clim.com\/index.php\/wp-json\/wp\/v2\/types\/product"}],"replies":[{"embeddable":true,"href":"https:\/\/abinox-chr-clim.com\/index.php\/wp-json\/wp\/v2\/comments?post=68760"}],"wp:featuredmedia":[{"embeddable":true,"href":"https:\/\/abinox-chr-clim.com\/index.php\/wp-json\/wp\/v2\/media\/101049"}],"wp:attachment":[{"href":"https:\/\/abinox-chr-clim.com\/index.php\/wp-json\/wp\/v2\/media?parent=68760"}],"wp:term":[{"taxonomy":"product_brand","embeddable":true,"href":"https:\/\/abinox-chr-clim.com\/index.php\/wp-json\/wp\/v2\/product_brand?post=68760"},{"taxonomy":"product_cat","embeddable":true,"href":"https:\/\/abinox-chr-clim.com\/index.php\/wp-json\/wp\/v2\/product_cat?post=68760"},{"taxonomy":"product_tag","embeddable":true,"href":"https:\/\/abinox-chr-clim.com\/index.php\/wp-json\/wp\/v2\/product_tag?post=68760"}],"curies":[{"name":"wp","href":"https:\/\/api.w.org\/{rel}","templated":true}]}}