{"id":68758,"date":"2024-03-22T16:15:28","date_gmt":"2024-03-22T15:15:28","guid":{"rendered":"https:\/\/abinox-chr-clim.com\/index.php\/product\/fer-a-repasser-a-vapeur-semelle-ceramique-tristar-2000w\/"},"modified":"2026-04-15T10:23:46","modified_gmt":"2026-04-15T08:23:46","slug":"fer-a-repasser-a-vapeur-semelle-ceramique-tristar-2000w","status":"publish","type":"product","link":"https:\/\/abinox-chr-clim.com\/index.php\/product\/fer-a-repasser-a-vapeur-semelle-ceramique-tristar-2000w\/","title":{"rendered":"Fer \u00e0 repasser \u00e0 vapeur semelle c\u00e9ramique Tristar 2000W"},"content":{"rendered":"<p>Fer \u00e0 vapeur l\u00e9ger et puissant pour des r\u00e9sultats optimaux sans plis.Chauffe tr\u00e8s rapidement gr\u00e2ce \u00e0 la puissance de 2000 W. Pression de vapeur continue de 16 g\/min et fonction jet de vapeur pratique. Semelle en c\u00e9ramique extra lisse avec ouvertures de vapeur soigneusement align\u00e9es pour un r\u00e9sultat lisse. Les fonctions autonettoyantes \u00e9liminent le calcaire de l&rsquo;eau pour une long\u00e9vit\u00e9 accrue.Fer \u00e0 vapeur l\u00e9ger et puissant pour des r\u00e9sultats optimaux sans plis.<\/p>\n<p>Caract\u00e9ristiques :<br \/> Mati\u00e8re : Plastique.<br \/> Couleur : Blanc.<\/p>\n","protected":false},"excerpt":{"rendered":"<p>Fer \u00e0 repasser \u00e0 vapeur semelle c\u00e9ramique Tristar 2000W<\/p>\n","protected":false},"featured_media":101047,"comment_status":"closed","ping_status":"closed","template":"","meta":[],"product_brand":[],"product_cat":[1277,1297],"product_tag":[],"class_list":{"0":"post-68758","1":"product","2":"type-product","3":"status-publish","4":"has-post-thumbnail","6":"product_cat-divers-principal","7":"product_cat-non-palettisable","8":"product_shipping_class-free-shipping","10":"first","11":"outofstock","12":"featured","13":"taxable","14":"shipping-taxable","15":"purchasable","16":"product-type-simple"},"_links":{"self":[{"href":"https:\/\/abinox-chr-clim.com\/index.php\/wp-json\/wp\/v2\/product\/68758","targetHints":{"allow":["GET"]}}],"collection":[{"href":"https:\/\/abinox-chr-clim.com\/index.php\/wp-json\/wp\/v2\/product"}],"about":[{"href":"https:\/\/abinox-chr-clim.com\/index.php\/wp-json\/wp\/v2\/types\/product"}],"replies":[{"embeddable":true,"href":"https:\/\/abinox-chr-clim.com\/index.php\/wp-json\/wp\/v2\/comments?post=68758"}],"wp:featuredmedia":[{"embeddable":true,"href":"https:\/\/abinox-chr-clim.com\/index.php\/wp-json\/wp\/v2\/media\/101047"}],"wp:attachment":[{"href":"https:\/\/abinox-chr-clim.com\/index.php\/wp-json\/wp\/v2\/media?parent=68758"}],"wp:term":[{"taxonomy":"product_brand","embeddable":true,"href":"https:\/\/abinox-chr-clim.com\/index.php\/wp-json\/wp\/v2\/product_brand?post=68758"},{"taxonomy":"product_cat","embeddable":true,"href":"https:\/\/abinox-chr-clim.com\/index.php\/wp-json\/wp\/v2\/product_cat?post=68758"},{"taxonomy":"product_tag","embeddable":true,"href":"https:\/\/abinox-chr-clim.com\/index.php\/wp-json\/wp\/v2\/product_tag?post=68758"}],"curies":[{"name":"wp","href":"https:\/\/api.w.org\/{rel}","templated":true}]}}