{"id":68754,"date":"2024-03-22T16:15:27","date_gmt":"2024-03-22T15:15:27","guid":{"rendered":"https:\/\/abinox-chr-clim.com\/index.php\/product\/panier-de-fermentation-ovale-en-rotin-vogue-210x150x80mm\/"},"modified":"2026-04-14T10:38:10","modified_gmt":"2026-04-14T08:38:10","slug":"panier-de-fermentation-ovale-en-rotin-vogue-210x150x80mm","status":"publish","type":"product","link":"https:\/\/abinox-chr-clim.com\/index.php\/product\/panier-de-fermentation-ovale-en-rotin-vogue-210x150x80mm\/","title":{"rendered":"Panier de fermentation ovale en rotin Vogue 210x150x80mm"},"content":{"rendered":"<p>Paniers en rotin de couleur ivoire utilis\u00e9s pour stocker, transporter et faire lever la p\u00e2te. Empilables et lavables au lave-vaisselle.<br \/>Mat\u00e9riau rotin. Dimension 210x150x80mm. Se nettoie avec une \u00e9ponge humide. Peut \u00eatre nettoy\u00e9 \u00e0 sec avec une brosse. Saupoudrer de farine avant utilisation. Pour faire lever la p\u00e2te \u00e0 pain. Empilable lorsqu&rsquo;il n&rsquo;est pas utilis\u00e9. Capacit\u00e9 1030ml.Mat\u00e9riau rotin.<\/p>\n<p>Caract\u00e9ristiques :<br \/> Dimensions : 80(H) x 210(L) x 150(P) mm.<br \/> Mati\u00e8re : Rotin.<br \/> Couleur : Ivoire.<\/p>\n","protected":false},"excerpt":{"rendered":"<p>Panier de fermentation ovale en rotin Vogue 210x150x80mm<\/p>\n","protected":false},"featured_media":101019,"comment_status":"closed","ping_status":"closed","template":"","meta":[],"product_brand":[],"product_cat":[1277,1297],"product_tag":[],"class_list":{"0":"post-68754","1":"product","2":"type-product","3":"status-publish","4":"has-post-thumbnail","6":"product_cat-divers-principal","7":"product_cat-non-palettisable","8":"product_shipping_class-free-shipping","10":"first","11":"instock","12":"featured","13":"taxable","14":"shipping-taxable","15":"purchasable","16":"product-type-simple"},"_links":{"self":[{"href":"https:\/\/abinox-chr-clim.com\/index.php\/wp-json\/wp\/v2\/product\/68754","targetHints":{"allow":["GET"]}}],"collection":[{"href":"https:\/\/abinox-chr-clim.com\/index.php\/wp-json\/wp\/v2\/product"}],"about":[{"href":"https:\/\/abinox-chr-clim.com\/index.php\/wp-json\/wp\/v2\/types\/product"}],"replies":[{"embeddable":true,"href":"https:\/\/abinox-chr-clim.com\/index.php\/wp-json\/wp\/v2\/comments?post=68754"}],"wp:featuredmedia":[{"embeddable":true,"href":"https:\/\/abinox-chr-clim.com\/index.php\/wp-json\/wp\/v2\/media\/101019"}],"wp:attachment":[{"href":"https:\/\/abinox-chr-clim.com\/index.php\/wp-json\/wp\/v2\/media?parent=68754"}],"wp:term":[{"taxonomy":"product_brand","embeddable":true,"href":"https:\/\/abinox-chr-clim.com\/index.php\/wp-json\/wp\/v2\/product_brand?post=68754"},{"taxonomy":"product_cat","embeddable":true,"href":"https:\/\/abinox-chr-clim.com\/index.php\/wp-json\/wp\/v2\/product_cat?post=68754"},{"taxonomy":"product_tag","embeddable":true,"href":"https:\/\/abinox-chr-clim.com\/index.php\/wp-json\/wp\/v2\/product_tag?post=68754"}],"curies":[{"name":"wp","href":"https:\/\/api.w.org\/{rel}","templated":true}]}}