{"id":68751,"date":"2024-03-22T16:15:26","date_gmt":"2024-03-22T15:15:26","guid":{"rendered":"https:\/\/abinox-chr-clim.com\/index.php\/product\/pochettes-wrap-fiesta-recyclable-lot-de-1000\/"},"modified":"2025-07-10T11:38:54","modified_gmt":"2025-07-10T09:38:54","slug":"pochettes-wrap-fiesta-recyclable-lot-de-1000","status":"publish","type":"product","link":"https:\/\/abinox-chr-clim.com\/index.php\/product\/pochettes-wrap-fiesta-recyclable-lot-de-1000\/","title":{"rendered":"Pochettes wrap Fiesta Recyclable (lot de 1000)"},"content":{"rendered":"<p>La conception d\u00e9pliable maintient le wrap en place. Entoure le wrap pour une hygi\u00e8ne optimale. En carton recyclable pour la durabilit\u00e9.<br \/>Recyclable pour la durabilit\u00e9. La conception d\u00e9pliable maintient le wrap en place. Entoure le wrap pour garder les mains propres. Aide \u00e0 pr\u00e9senter les aliments de mani\u00e8re attrayante aux clients. Recyclable pour la durabilit\u00e9.<\/p>\n<p>Caract\u00e9ristiques :<br \/>Lot : 1000.<br \/> Dimensions : 94(H) mm.<br \/> Mati\u00e8re : .<br \/> Couleur : Marron.<\/p>\n","protected":false},"excerpt":{"rendered":"<p>Pochettes wrap Fiesta Recyclable (lot de 1000)<\/p>\n","protected":false},"featured_media":101004,"comment_status":"closed","ping_status":"closed","template":"","meta":[],"product_brand":[],"product_cat":[1277,1297],"product_tag":[],"class_list":{"0":"post-68751","1":"product","2":"type-product","3":"status-publish","4":"has-post-thumbnail","6":"product_cat-divers-principal","7":"product_cat-non-palettisable","8":"product_shipping_class-free-shipping","10":"first","11":"outofstock","12":"featured","13":"taxable","14":"shipping-taxable","15":"purchasable","16":"product-type-simple"},"_links":{"self":[{"href":"https:\/\/abinox-chr-clim.com\/index.php\/wp-json\/wp\/v2\/product\/68751","targetHints":{"allow":["GET"]}}],"collection":[{"href":"https:\/\/abinox-chr-clim.com\/index.php\/wp-json\/wp\/v2\/product"}],"about":[{"href":"https:\/\/abinox-chr-clim.com\/index.php\/wp-json\/wp\/v2\/types\/product"}],"replies":[{"embeddable":true,"href":"https:\/\/abinox-chr-clim.com\/index.php\/wp-json\/wp\/v2\/comments?post=68751"}],"wp:featuredmedia":[{"embeddable":true,"href":"https:\/\/abinox-chr-clim.com\/index.php\/wp-json\/wp\/v2\/media\/101004"}],"wp:attachment":[{"href":"https:\/\/abinox-chr-clim.com\/index.php\/wp-json\/wp\/v2\/media?parent=68751"}],"wp:term":[{"taxonomy":"product_brand","embeddable":true,"href":"https:\/\/abinox-chr-clim.com\/index.php\/wp-json\/wp\/v2\/product_brand?post=68751"},{"taxonomy":"product_cat","embeddable":true,"href":"https:\/\/abinox-chr-clim.com\/index.php\/wp-json\/wp\/v2\/product_cat?post=68751"},{"taxonomy":"product_tag","embeddable":true,"href":"https:\/\/abinox-chr-clim.com\/index.php\/wp-json\/wp\/v2\/product_tag?post=68751"}],"curies":[{"name":"wp","href":"https:\/\/api.w.org\/{rel}","templated":true}]}}