{"id":68748,"date":"2024-03-22T16:15:25","date_gmt":"2024-03-22T15:15:25","guid":{"rendered":"https:\/\/abinox-chr-clim.com\/index.php\/product\/couvercle-pour-bac-a-patons-en-pp-vogue-650-x-455-x-84mm\/"},"modified":"2025-08-26T14:04:53","modified_gmt":"2025-08-26T12:04:53","slug":"couvercle-pour-bac-a-patons-en-pp-vogue-650-x-455-x-84mm","status":"publish","type":"product","link":"https:\/\/abinox-chr-clim.com\/index.php\/product\/couvercle-pour-bac-a-patons-en-pp-vogue-650-x-455-x-84mm\/","title":{"rendered":"Couvercle pour bac \u00e0 p\u00e2tons en PP Vogue 650 x 455 x 84mm"},"content":{"rendered":"<p>Bac \u00e0 p\u00e2tons en polypropyl\u00e8ne blanc utilis\u00e9 pour stocker, transporter et faire lever la p\u00e2te. Grande taille; beaucoup d&rsquo;espace pour que la p\u00e2te respire. Couvercle vendu s\u00e9par\u00e9ment.<br \/>Dimensions 650 x 455 x 45mm. En polypropyl\u00e8ne. Blanc. Empilable. Compatible avec le bac FS998. Compatible lave-vaisselle.  Dimensions 650 x 455 x 45mm.<\/p>\n<p>Caract\u00e9ristiques :<br \/> Dimensions : 45(H) x 455(L) x 650(P) mm.<br \/> Mati\u00e8re : Polypropyl\u00e8ne.<br \/> Couleur : Blanc.<\/p>\n","protected":false},"excerpt":{"rendered":"<p>Couvercle pour bac \u00e0 p\u00e2tons en PP Vogue 650 x 455 x 84mm<\/p>\n","protected":false},"featured_media":100918,"comment_status":"closed","ping_status":"closed","template":"","meta":[],"product_brand":[],"product_cat":[1277,1297],"product_tag":[],"class_list":{"0":"post-68748","1":"product","2":"type-product","3":"status-publish","4":"has-post-thumbnail","6":"product_cat-divers-principal","7":"product_cat-non-palettisable","8":"product_shipping_class-free-shipping","10":"first","11":"outofstock","12":"featured","13":"taxable","14":"shipping-taxable","15":"purchasable","16":"product-type-simple"},"_links":{"self":[{"href":"https:\/\/abinox-chr-clim.com\/index.php\/wp-json\/wp\/v2\/product\/68748","targetHints":{"allow":["GET"]}}],"collection":[{"href":"https:\/\/abinox-chr-clim.com\/index.php\/wp-json\/wp\/v2\/product"}],"about":[{"href":"https:\/\/abinox-chr-clim.com\/index.php\/wp-json\/wp\/v2\/types\/product"}],"replies":[{"embeddable":true,"href":"https:\/\/abinox-chr-clim.com\/index.php\/wp-json\/wp\/v2\/comments?post=68748"}],"wp:featuredmedia":[{"embeddable":true,"href":"https:\/\/abinox-chr-clim.com\/index.php\/wp-json\/wp\/v2\/media\/100918"}],"wp:attachment":[{"href":"https:\/\/abinox-chr-clim.com\/index.php\/wp-json\/wp\/v2\/media?parent=68748"}],"wp:term":[{"taxonomy":"product_brand","embeddable":true,"href":"https:\/\/abinox-chr-clim.com\/index.php\/wp-json\/wp\/v2\/product_brand?post=68748"},{"taxonomy":"product_cat","embeddable":true,"href":"https:\/\/abinox-chr-clim.com\/index.php\/wp-json\/wp\/v2\/product_cat?post=68748"},{"taxonomy":"product_tag","embeddable":true,"href":"https:\/\/abinox-chr-clim.com\/index.php\/wp-json\/wp\/v2\/product_tag?post=68748"}],"curies":[{"name":"wp","href":"https:\/\/api.w.org\/{rel}","templated":true}]}}