{"id":68744,"date":"2024-03-22T16:15:24","date_gmt":"2024-03-22T15:15:24","guid":{"rendered":"https:\/\/abinox-chr-clim.com\/index.php\/product\/balance-digitale-rectangulaire-vogue-noire-10kg\/"},"modified":"2026-04-14T10:46:55","modified_gmt":"2026-04-14T08:46:55","slug":"balance-digitale-rectangulaire-vogue-noire-10kg","status":"publish","type":"product","link":"https:\/\/abinox-chr-clim.com\/index.php\/product\/balance-digitale-rectangulaire-vogue-noire-10kg\/","title":{"rendered":"Balance digitale rectangulaire Vogue noire 10kg"},"content":{"rendered":"<p>Balance \u00e9lectronique fonctionnant \u00e0 pile (fournie), avec \u00e9cran tactile, affichage LCD et plateforme de 185(\u00d8)mm. Capacit\u00e9 de 5kg, graduation 1g.<br \/>Grande capacit\u00e9 de 10 kg &#8211; pesez facilement de grandes quantit\u00e9s. Graduation 1g &#8211; tr\u00e8s pr\u00e9cis pour une mesure pr\u00e9cise. Affichage LED \u00e9l\u00e9gant et facile \u00e0 lire. Taille compacte pour un rangement facile. N\u00e9cessite 3 piles AAA (non incluses).  Certifi\u00e9 CE\/UKCA. Grande capacit\u00e9 de 10 kg &#8211; pesez facilement de grandes quantit\u00e9s.<\/p>\n<p>Caract\u00e9ristiques :<br \/> Dimensions : 28(H) x 248(L) x 196(P) mm.<br \/> Mati\u00e8re : Verre tremp\u00e9.<br \/> Couleur : Noir.<\/p>\n","protected":false},"excerpt":{"rendered":"<p>Balance digitale rectangulaire Vogue noire 10kg<\/p>\n","protected":false},"featured_media":100892,"comment_status":"closed","ping_status":"closed","template":"","meta":[],"product_brand":[],"product_cat":[1277,1297],"product_tag":[],"class_list":{"0":"post-68744","1":"product","2":"type-product","3":"status-publish","4":"has-post-thumbnail","6":"product_cat-divers-principal","7":"product_cat-non-palettisable","8":"product_shipping_class-free-shipping","10":"first","11":"instock","12":"featured","13":"taxable","14":"shipping-taxable","15":"purchasable","16":"product-type-simple"},"_links":{"self":[{"href":"https:\/\/abinox-chr-clim.com\/index.php\/wp-json\/wp\/v2\/product\/68744","targetHints":{"allow":["GET"]}}],"collection":[{"href":"https:\/\/abinox-chr-clim.com\/index.php\/wp-json\/wp\/v2\/product"}],"about":[{"href":"https:\/\/abinox-chr-clim.com\/index.php\/wp-json\/wp\/v2\/types\/product"}],"replies":[{"embeddable":true,"href":"https:\/\/abinox-chr-clim.com\/index.php\/wp-json\/wp\/v2\/comments?post=68744"}],"wp:featuredmedia":[{"embeddable":true,"href":"https:\/\/abinox-chr-clim.com\/index.php\/wp-json\/wp\/v2\/media\/100892"}],"wp:attachment":[{"href":"https:\/\/abinox-chr-clim.com\/index.php\/wp-json\/wp\/v2\/media?parent=68744"}],"wp:term":[{"taxonomy":"product_brand","embeddable":true,"href":"https:\/\/abinox-chr-clim.com\/index.php\/wp-json\/wp\/v2\/product_brand?post=68744"},{"taxonomy":"product_cat","embeddable":true,"href":"https:\/\/abinox-chr-clim.com\/index.php\/wp-json\/wp\/v2\/product_cat?post=68744"},{"taxonomy":"product_tag","embeddable":true,"href":"https:\/\/abinox-chr-clim.com\/index.php\/wp-json\/wp\/v2\/product_tag?post=68744"}],"curies":[{"name":"wp","href":"https:\/\/api.w.org\/{rel}","templated":true}]}}