{"id":68743,"date":"2024-03-22T16:15:24","date_gmt":"2024-03-22T15:15:24","guid":{"rendered":"https:\/\/abinox-chr-clim.com\/index.php\/product\/cocotte-en-fonte-ronde-vogue-35l-rouge\/"},"modified":"2025-06-30T11:49:11","modified_gmt":"2025-06-30T09:49:11","slug":"cocotte-en-fonte-ronde-vogue-35l-rouge","status":"publish","type":"product","link":"https:\/\/abinox-chr-clim.com\/index.php\/product\/cocotte-en-fonte-ronde-vogue-35l-rouge\/","title":{"rendered":"Cocotte en fonte ronde Vogue 3,5L rouge"},"content":{"rendered":"<p>Cette cocotte en fonte de 3,5 litres Vogue permet de cuisiner facilement de succulents plats, gr\u00e2ce \u00e0 une excellente r\u00e9tention de chaleur et \u00e0 une conception auto-arrosante qui maintient les aliments humides pendant la cuisson. La construction en fonte en fait un plat de cuisson extr\u00eamement solide et fiable, parfait pour une utilisation dans n&rsquo;importe quelle cuisine. Les grandes poign\u00e9es sur les c\u00f4t\u00e9s et le couvercle permettent un transport et une utilisation du feu au four.<br \/>Capacit\u00e9 g\u00e9n\u00e9reuse de 3,5 litres. Construction en fonte de haute qualit\u00e9 pour une conduction et une r\u00e9tention de chaleur optimales. Bouton en acier inoxydable. Auto-arrosage. Int\u00e9rieur \u00e9maill\u00e9. Lavage \u00e0 la main uniquement &#8211; ne convient pas au lavage au lave-vaisselle. Convient \u00e0 toutes les sources de chaleur, y compris l&rsquo;induction. Poign\u00e9es int\u00e9gr\u00e9es pour un positionnement facile.Capacit\u00e9 g\u00e9n\u00e9reuse de 3,5 litres.<\/p>\n<p>Caract\u00e9ristiques :<br \/> Capacit\u00e9 : 3,5 L.<br \/> Dimensions : 65(H) x 280(\u00d8) mm.<br \/> Mati\u00e8re : Fonte.<br \/> Couleur : Rouge.<\/p>\n","protected":false},"excerpt":{"rendered":"<p>Cocotte en fonte ronde Vogue 3,5L rouge<\/p>\n","protected":false},"featured_media":100891,"comment_status":"closed","ping_status":"closed","template":"","meta":[],"product_brand":[],"product_cat":[1277,1297],"product_tag":[],"class_list":{"0":"post-68743","1":"product","2":"type-product","3":"status-publish","4":"has-post-thumbnail","6":"product_cat-divers-principal","7":"product_cat-non-palettisable","8":"product_shipping_class-free-shipping","10":"first","11":"outofstock","12":"featured","13":"taxable","14":"shipping-taxable","15":"purchasable","16":"product-type-simple"},"_links":{"self":[{"href":"https:\/\/abinox-chr-clim.com\/index.php\/wp-json\/wp\/v2\/product\/68743","targetHints":{"allow":["GET"]}}],"collection":[{"href":"https:\/\/abinox-chr-clim.com\/index.php\/wp-json\/wp\/v2\/product"}],"about":[{"href":"https:\/\/abinox-chr-clim.com\/index.php\/wp-json\/wp\/v2\/types\/product"}],"replies":[{"embeddable":true,"href":"https:\/\/abinox-chr-clim.com\/index.php\/wp-json\/wp\/v2\/comments?post=68743"}],"wp:featuredmedia":[{"embeddable":true,"href":"https:\/\/abinox-chr-clim.com\/index.php\/wp-json\/wp\/v2\/media\/100891"}],"wp:attachment":[{"href":"https:\/\/abinox-chr-clim.com\/index.php\/wp-json\/wp\/v2\/media?parent=68743"}],"wp:term":[{"taxonomy":"product_brand","embeddable":true,"href":"https:\/\/abinox-chr-clim.com\/index.php\/wp-json\/wp\/v2\/product_brand?post=68743"},{"taxonomy":"product_cat","embeddable":true,"href":"https:\/\/abinox-chr-clim.com\/index.php\/wp-json\/wp\/v2\/product_cat?post=68743"},{"taxonomy":"product_tag","embeddable":true,"href":"https:\/\/abinox-chr-clim.com\/index.php\/wp-json\/wp\/v2\/product_tag?post=68743"}],"curies":[{"name":"wp","href":"https:\/\/api.w.org\/{rel}","templated":true}]}}