{"id":68737,"date":"2024-03-22T16:15:21","date_gmt":"2024-03-22T15:15:21","guid":{"rendered":"https:\/\/abinox-chr-clim.com\/index.php\/product\/aiguiseur-de-couteaux-chefschoice-pronto-cc464\/"},"modified":"2026-04-14T10:47:20","modified_gmt":"2026-04-14T08:47:20","slug":"aiguiseur-de-couteaux-chefschoice-pronto-cc464","status":"publish","type":"product","link":"https:\/\/abinox-chr-clim.com\/index.php\/product\/aiguiseur-de-couteaux-chefschoice-pronto-cc464\/","title":{"rendered":"Aiguiseur de couteaux Chef&rsquo;sChoice Pronto CC464"},"content":{"rendered":"<p>Technologie entrecrois\u00e9e.2 \u00e9tapes. Abrasifs diamant\u00e9s. Contr\u00f4le d&rsquo;angle de pr\u00e9cision.Technologie entrecrois\u00e9e.<\/p>\n","protected":false},"excerpt":{"rendered":"<p>Aiguiseur de couteaux Chef&rsquo;sChoice Pronto CC464<\/p>\n","protected":false},"featured_media":100849,"comment_status":"closed","ping_status":"closed","template":"","meta":[],"product_brand":[],"product_cat":[1277,1297],"product_tag":[],"class_list":{"0":"post-68737","1":"product","2":"type-product","3":"status-publish","4":"has-post-thumbnail","6":"product_cat-divers-principal","7":"product_cat-non-palettisable","8":"product_shipping_class-free-shipping","10":"first","11":"outofstock","12":"featured","13":"taxable","14":"shipping-taxable","15":"purchasable","16":"product-type-simple"},"_links":{"self":[{"href":"https:\/\/abinox-chr-clim.com\/index.php\/wp-json\/wp\/v2\/product\/68737","targetHints":{"allow":["GET"]}}],"collection":[{"href":"https:\/\/abinox-chr-clim.com\/index.php\/wp-json\/wp\/v2\/product"}],"about":[{"href":"https:\/\/abinox-chr-clim.com\/index.php\/wp-json\/wp\/v2\/types\/product"}],"replies":[{"embeddable":true,"href":"https:\/\/abinox-chr-clim.com\/index.php\/wp-json\/wp\/v2\/comments?post=68737"}],"wp:featuredmedia":[{"embeddable":true,"href":"https:\/\/abinox-chr-clim.com\/index.php\/wp-json\/wp\/v2\/media\/100849"}],"wp:attachment":[{"href":"https:\/\/abinox-chr-clim.com\/index.php\/wp-json\/wp\/v2\/media?parent=68737"}],"wp:term":[{"taxonomy":"product_brand","embeddable":true,"href":"https:\/\/abinox-chr-clim.com\/index.php\/wp-json\/wp\/v2\/product_brand?post=68737"},{"taxonomy":"product_cat","embeddable":true,"href":"https:\/\/abinox-chr-clim.com\/index.php\/wp-json\/wp\/v2\/product_cat?post=68737"},{"taxonomy":"product_tag","embeddable":true,"href":"https:\/\/abinox-chr-clim.com\/index.php\/wp-json\/wp\/v2\/product_tag?post=68737"}],"curies":[{"name":"wp","href":"https:\/\/api.w.org\/{rel}","templated":true}]}}