{"id":68736,"date":"2024-03-22T16:15:20","date_gmt":"2024-03-22T15:15:20","guid":{"rendered":"https:\/\/abinox-chr-clim.com\/index.php\/product\/distributeur-de-sauce-a-pompe-araven-gn-1-4\/"},"modified":"2026-04-14T10:49:48","modified_gmt":"2026-04-14T08:49:48","slug":"distributeur-de-sauce-a-pompe-araven-gn-1-4","status":"publish","type":"product","link":"https:\/\/abinox-chr-clim.com\/index.php\/product\/distributeur-de-sauce-a-pompe-araven-gn-1-4\/","title":{"rendered":"Distributeur de sauce \u00e0 pompe Araven GN 1\/4"},"content":{"rendered":"<p>Distributeurs de sauces, assaisonnements l\u00e9gers et sirops, hygi\u00e9niques, faciles et rapides \u00e0 utiliser. La vanne de fermeture r\u00e9duit le niveau de pertes, permet une meilleure conservation du produit. Transparents pour une identification facile de la sauce et du niveau. Les lots de 2 et de 3 sont fournis avec un support acrylique.<br \/>La conception haute capacit\u00e9 de 4,3 litres est id\u00e9ale pour les recharges grande capacit\u00e9. La pompe distribue des doses de 30 ml pour des portions contr\u00f4l\u00e9es. Herm\u00e9tique lorsqu&rsquo;il est en position verrouill\u00e9e pour \u00e9viter toute d\u00e9t\u00e9rioration. Passe au cong\u00e9lateur jusqu&rsquo;\u00e0 -40\u00b0C. R\u00e9cipient et couvercle lavables au lave-vaisselle pour un nettoyage en profondeur. Recyclable en fin de vie pour r\u00e9duire vos d\u00e9chets en d\u00e9charge. Sans BPA. Conforme aux normes d&rsquo;hygi\u00e8ne.La conception haute capacit\u00e9 de 4,3 litres est id\u00e9ale pour les recharges grande capacit\u00e9.<\/p>\n<p>Caract\u00e9ristiques :<br \/> Capacit\u00e9 : 4,3 L.<br \/> Dimensions : 150(H) x 265(L) x 162(P) mm.<br \/> Mati\u00e8re : Polypropyl\u00e8ne.<br \/> Couleur : Transparent.<br \/> Bac GN : GN 1\/4XY.<\/p>\n","protected":false},"excerpt":{"rendered":"<p>Distributeur de sauce \u00e0 pompe Araven GN 1\/4<\/p>\n","protected":false},"featured_media":100844,"comment_status":"closed","ping_status":"closed","template":"","meta":[],"product_brand":[],"product_cat":[1277,1297],"product_tag":[],"class_list":{"0":"post-68736","1":"product","2":"type-product","3":"status-publish","4":"has-post-thumbnail","6":"product_cat-divers-principal","7":"product_cat-non-palettisable","8":"product_shipping_class-free-shipping","10":"first","11":"instock","12":"featured","13":"taxable","14":"shipping-taxable","15":"purchasable","16":"product-type-simple"},"_links":{"self":[{"href":"https:\/\/abinox-chr-clim.com\/index.php\/wp-json\/wp\/v2\/product\/68736","targetHints":{"allow":["GET"]}}],"collection":[{"href":"https:\/\/abinox-chr-clim.com\/index.php\/wp-json\/wp\/v2\/product"}],"about":[{"href":"https:\/\/abinox-chr-clim.com\/index.php\/wp-json\/wp\/v2\/types\/product"}],"replies":[{"embeddable":true,"href":"https:\/\/abinox-chr-clim.com\/index.php\/wp-json\/wp\/v2\/comments?post=68736"}],"wp:featuredmedia":[{"embeddable":true,"href":"https:\/\/abinox-chr-clim.com\/index.php\/wp-json\/wp\/v2\/media\/100844"}],"wp:attachment":[{"href":"https:\/\/abinox-chr-clim.com\/index.php\/wp-json\/wp\/v2\/media?parent=68736"}],"wp:term":[{"taxonomy":"product_brand","embeddable":true,"href":"https:\/\/abinox-chr-clim.com\/index.php\/wp-json\/wp\/v2\/product_brand?post=68736"},{"taxonomy":"product_cat","embeddable":true,"href":"https:\/\/abinox-chr-clim.com\/index.php\/wp-json\/wp\/v2\/product_cat?post=68736"},{"taxonomy":"product_tag","embeddable":true,"href":"https:\/\/abinox-chr-clim.com\/index.php\/wp-json\/wp\/v2\/product_tag?post=68736"}],"curies":[{"name":"wp","href":"https:\/\/api.w.org\/{rel}","templated":true}]}}