{"id":68731,"date":"2024-03-22T16:15:19","date_gmt":"2024-03-22T15:15:19","guid":{"rendered":"https:\/\/abinox-chr-clim.com\/index.php\/product\/broyeur-a-glace-waring-ic20e\/"},"modified":"2026-04-15T08:55:59","modified_gmt":"2026-04-15T06:55:59","slug":"broyeur-a-glace-waring-ic20e","status":"publish","type":"product","link":"https:\/\/abinox-chr-clim.com\/index.php\/product\/broyeur-a-glace-waring-ic20e\/","title":{"rendered":"Broyeur \u00e0 glace Waring IC20E"},"content":{"rendered":"<p>Appareil compact et puissant en acier inoxydable r\u00e9sistant, id\u00e9al pour toute application commerciale. A utiliser avec tout r\u00e9cipient d&rsquo;une hauteur maximale de 250 mm. Entonnoir en plastique transparent.<br \/>Moteur puissant 1hp. R\u00e9cipient de stockage de glace fourni. D\u00e9bit maximal 30 kg\/h. R\u00e9f\u00e9rence soumise \u00e0 une Eco-participation mobilier de 0.38\u20ac par unit\u00e9 vendue. Gardez les hors-d&rsquo;\u0153uvre au frais ou ajoutez de la glace pil\u00e9e \u00e0 vos boissons de bar pr\u00e9f\u00e9r\u00e9es. Le r\u00e9glage de la hauteur permet la distribution dans des bols m\u00e9langeurs de 1 \u00e0 1,4 litre. Conteneur de 2,4 litres inclus.Facile \u00e0 utiliser et \u00e0 nettoyer. R\u00e9f\u00e9rence soumise \u00e0 une Eco-participation DEEE de 0,72\u20ac par unit\u00e9 vendue. Moteur puissant 1hp.<\/p>\n<p>Caract\u00e9ristiques :<br \/> Capacit\u00e9 : 2.4L.<br \/> Dimensions : 440(H) x 190(L) x 250(P)mm.<br \/> Mati\u00e8re : Inox.<br \/> Sortie : 30kg\/h.<br \/> Voltage : 230V.<br \/> Couleur : Noir et acier inoxydable.<br \/> Puissance : 0.12 kW.<\/p>\n","protected":false},"excerpt":{"rendered":"<p>Broyeur \u00e0 glace Waring IC20E<\/p>\n","protected":false},"featured_media":95482,"comment_status":"closed","ping_status":"closed","template":"","meta":[],"product_brand":[],"product_cat":[1277,1297],"product_tag":[],"class_list":{"0":"post-68731","1":"product","2":"type-product","3":"status-publish","4":"has-post-thumbnail","6":"product_cat-divers-principal","7":"product_cat-non-palettisable","8":"product_shipping_class-free-shipping","10":"first","11":"instock","12":"featured","13":"taxable","14":"shipping-taxable","15":"purchasable","16":"product-type-simple"},"_links":{"self":[{"href":"https:\/\/abinox-chr-clim.com\/index.php\/wp-json\/wp\/v2\/product\/68731","targetHints":{"allow":["GET"]}}],"collection":[{"href":"https:\/\/abinox-chr-clim.com\/index.php\/wp-json\/wp\/v2\/product"}],"about":[{"href":"https:\/\/abinox-chr-clim.com\/index.php\/wp-json\/wp\/v2\/types\/product"}],"replies":[{"embeddable":true,"href":"https:\/\/abinox-chr-clim.com\/index.php\/wp-json\/wp\/v2\/comments?post=68731"}],"wp:featuredmedia":[{"embeddable":true,"href":"https:\/\/abinox-chr-clim.com\/index.php\/wp-json\/wp\/v2\/media\/95482"}],"wp:attachment":[{"href":"https:\/\/abinox-chr-clim.com\/index.php\/wp-json\/wp\/v2\/media?parent=68731"}],"wp:term":[{"taxonomy":"product_brand","embeddable":true,"href":"https:\/\/abinox-chr-clim.com\/index.php\/wp-json\/wp\/v2\/product_brand?post=68731"},{"taxonomy":"product_cat","embeddable":true,"href":"https:\/\/abinox-chr-clim.com\/index.php\/wp-json\/wp\/v2\/product_cat?post=68731"},{"taxonomy":"product_tag","embeddable":true,"href":"https:\/\/abinox-chr-clim.com\/index.php\/wp-json\/wp\/v2\/product_tag?post=68731"}],"curies":[{"name":"wp","href":"https:\/\/api.w.org\/{rel}","templated":true}]}}