{"id":68729,"date":"2024-03-22T16:15:18","date_gmt":"2024-03-22T15:15:18","guid":{"rendered":"https:\/\/abinox-chr-clim.com\/index.php\/product\/plats-a-four-rectangulaires-churchill-stonecast-hints-blanc-orge-160-x-530-mm-lot-de-2\/"},"modified":"2026-04-14T10:39:57","modified_gmt":"2026-04-14T08:39:57","slug":"plats-a-four-rectangulaires-churchill-stonecast-hints-blanc-orge-160-x-530-mm-lot-de-2","status":"publish","type":"product","link":"https:\/\/abinox-chr-clim.com\/index.php\/product\/plats-a-four-rectangulaires-churchill-stonecast-hints-blanc-orge-160-x-530-mm-lot-de-2\/","title":{"rendered":"Plats \u00e0 four rectangulaires Churchill Stonecast Hints blanc orge 160 x 530 mm (lot de 2)"},"content":{"rendered":"<p>Les formes et les couleurs naturelles de la gamme Stonecast cr\u00e9ent la toile de fond parfaite pour les aliments frais. Articles disponibles sous 5 \u00e0 7 jours. Passe au four, au micro-ondes et au lave-vaisselle.<br \/>Passe au lave-vaisselle. Passe au micro-ondes. D\u00e9cor\u00e9 \u00e0 la main. Inspir\u00e9 par les changements de saisons et les ingr\u00e9dients frais.Con\u00e7u pour s&rsquo;adapter au service de comptoir chaud et froid. De la marque de vaisselle sp\u00e9cialis\u00e9e Churchill.Passe au lave-vaisselle.<\/p>\n<p>Caract\u00e9ristiques :<br \/>Lot : 2.<br \/> Capacit\u00e9 : 3 L.<br \/> Dimensions : 62(H) x 160(L) x 530(P) mm.<br \/> Mati\u00e8re : C\u00e9ramique super vitrifi\u00e9e.<br \/> Temp\u00e9rature : 180 \u00b0C.<br \/> Couleur : Orge.<\/p>\n","protected":false},"excerpt":{"rendered":"<p>Plats \u00e0 four rectangulaires Churchill Stonecast Hints blanc orge 160 x 530 mm (lot de 2)<\/p>\n","protected":false},"featured_media":96526,"comment_status":"closed","ping_status":"closed","template":"","meta":[],"product_brand":[],"product_cat":[1277,1297],"product_tag":[],"class_list":{"0":"post-68729","1":"product","2":"type-product","3":"status-publish","4":"has-post-thumbnail","6":"product_cat-divers-principal","7":"product_cat-non-palettisable","8":"product_shipping_class-free-shipping","10":"first","11":"instock","12":"featured","13":"taxable","14":"shipping-taxable","15":"purchasable","16":"product-type-simple"},"_links":{"self":[{"href":"https:\/\/abinox-chr-clim.com\/index.php\/wp-json\/wp\/v2\/product\/68729","targetHints":{"allow":["GET"]}}],"collection":[{"href":"https:\/\/abinox-chr-clim.com\/index.php\/wp-json\/wp\/v2\/product"}],"about":[{"href":"https:\/\/abinox-chr-clim.com\/index.php\/wp-json\/wp\/v2\/types\/product"}],"replies":[{"embeddable":true,"href":"https:\/\/abinox-chr-clim.com\/index.php\/wp-json\/wp\/v2\/comments?post=68729"}],"wp:featuredmedia":[{"embeddable":true,"href":"https:\/\/abinox-chr-clim.com\/index.php\/wp-json\/wp\/v2\/media\/96526"}],"wp:attachment":[{"href":"https:\/\/abinox-chr-clim.com\/index.php\/wp-json\/wp\/v2\/media?parent=68729"}],"wp:term":[{"taxonomy":"product_brand","embeddable":true,"href":"https:\/\/abinox-chr-clim.com\/index.php\/wp-json\/wp\/v2\/product_brand?post=68729"},{"taxonomy":"product_cat","embeddable":true,"href":"https:\/\/abinox-chr-clim.com\/index.php\/wp-json\/wp\/v2\/product_cat?post=68729"},{"taxonomy":"product_tag","embeddable":true,"href":"https:\/\/abinox-chr-clim.com\/index.php\/wp-json\/wp\/v2\/product_tag?post=68729"}],"curies":[{"name":"wp","href":"https:\/\/api.w.org\/{rel}","templated":true}]}}