{"id":68728,"date":"2024-03-22T16:15:18","date_gmt":"2024-03-22T15:15:18","guid":{"rendered":"https:\/\/abinox-chr-clim.com\/index.php\/product\/rouleau-pique-vite-vogue\/"},"modified":"2026-04-14T10:46:46","modified_gmt":"2026-04-14T08:46:46","slug":"rouleau-pique-vite-vogue","status":"publish","type":"product","link":"https:\/\/abinox-chr-clim.com\/index.php\/product\/rouleau-pique-vite-vogue\/","title":{"rendered":"Rouleau pique-vite Vogue"},"content":{"rendered":"<p>Permet de piquer les bandes de p\u00e2te de fa\u00e7on r\u00e9guli\u00e8re en un temps record.<br \/>Dimensions 210 x 126 x 65mm. En ABS. Blanc. Compatible lave-vaisselle. La roulette peut \u00eatre retir\u00e9e de la poign\u00e9e pour le nettoyage.  Dimensions 210 x 126 x 65mm.<\/p>\n<p>Caract\u00e9ristiques :<br \/> Mati\u00e8re : Plastique.<br \/> Couleur : Blanc.<\/p>\n","protected":false},"excerpt":{"rendered":"<p>Rouleau pique-vite Vogue<\/p>\n","protected":false},"featured_media":93400,"comment_status":"closed","ping_status":"closed","template":"","meta":[],"product_brand":[],"product_cat":[1277,1297],"product_tag":[],"class_list":{"0":"post-68728","1":"product","2":"type-product","3":"status-publish","4":"has-post-thumbnail","6":"product_cat-divers-principal","7":"product_cat-non-palettisable","8":"product_shipping_class-free-shipping","10":"first","11":"outofstock","12":"featured","13":"taxable","14":"shipping-taxable","15":"purchasable","16":"product-type-simple"},"_links":{"self":[{"href":"https:\/\/abinox-chr-clim.com\/index.php\/wp-json\/wp\/v2\/product\/68728","targetHints":{"allow":["GET"]}}],"collection":[{"href":"https:\/\/abinox-chr-clim.com\/index.php\/wp-json\/wp\/v2\/product"}],"about":[{"href":"https:\/\/abinox-chr-clim.com\/index.php\/wp-json\/wp\/v2\/types\/product"}],"replies":[{"embeddable":true,"href":"https:\/\/abinox-chr-clim.com\/index.php\/wp-json\/wp\/v2\/comments?post=68728"}],"wp:featuredmedia":[{"embeddable":true,"href":"https:\/\/abinox-chr-clim.com\/index.php\/wp-json\/wp\/v2\/media\/93400"}],"wp:attachment":[{"href":"https:\/\/abinox-chr-clim.com\/index.php\/wp-json\/wp\/v2\/media?parent=68728"}],"wp:term":[{"taxonomy":"product_brand","embeddable":true,"href":"https:\/\/abinox-chr-clim.com\/index.php\/wp-json\/wp\/v2\/product_brand?post=68728"},{"taxonomy":"product_cat","embeddable":true,"href":"https:\/\/abinox-chr-clim.com\/index.php\/wp-json\/wp\/v2\/product_cat?post=68728"},{"taxonomy":"product_tag","embeddable":true,"href":"https:\/\/abinox-chr-clim.com\/index.php\/wp-json\/wp\/v2\/product_tag?post=68728"}],"curies":[{"name":"wp","href":"https:\/\/api.w.org\/{rel}","templated":true}]}}