{"id":68727,"date":"2024-03-22T16:15:18","date_gmt":"2024-03-22T15:15:18","guid":{"rendered":"https:\/\/abinox-chr-clim.com\/index.php\/product\/spatule-exoglass-elveo-matfer-bourgeat-450-mm\/"},"modified":"2026-04-14T10:40:49","modified_gmt":"2026-04-14T08:40:49","slug":"spatule-exoglass-elveo-matfer-bourgeat-450-mm","status":"publish","type":"product","link":"https:\/\/abinox-chr-clim.com\/index.php\/product\/spatule-exoglass-elveo-matfer-bourgeat-450-mm\/","title":{"rendered":"Spatule Exoglass Elveo Matfer Bourgeat 450 mm"},"content":{"rendered":"<p>Non seulement r\u00e9sistante \u00e0 l&rsquo;usure et \u00e0 la chaleur, mais aussi tr\u00e8s hygi\u00e9nique et facile \u00e0 nettoyer.<br \/>Palette r\u00e9sistante \u00e0 la chaleur de 260\u00b0C. Manche en exoglass r\u00e9sistant \u00e0 la chaleur de 200\u00b0C.Lame flexible pour gratter facilement les parois des casseroles et des r\u00e9cipients. Recommand\u00e9 pour les r\u00e9cipients avec rev\u00eatement antiadh\u00e9sif.  Palette r\u00e9sistante \u00e0 la chaleur de 260\u00b0C. Manche en exoglass r\u00e9sistant \u00e0 la chaleur de 200\u00b0C.<\/p>\n<p>Caract\u00e9ristiques :<br \/> Dimensions : 15(H) x 115(L) x 452(P) mm.<br \/> Mati\u00e8re : Exoglass.<br \/> Couleur : Noir et blanc.<\/p>\n","protected":false},"excerpt":{"rendered":"<p>Spatule Exoglass Elveo Matfer Bourgeat 450 mm<\/p>\n","protected":false},"featured_media":91290,"comment_status":"closed","ping_status":"closed","template":"","meta":[],"product_brand":[],"product_cat":[1277,1297],"product_tag":[],"class_list":{"0":"post-68727","1":"product","2":"type-product","3":"status-publish","4":"has-post-thumbnail","6":"product_cat-divers-principal","7":"product_cat-non-palettisable","8":"product_shipping_class-free-shipping","10":"first","11":"instock","12":"featured","13":"taxable","14":"shipping-taxable","15":"purchasable","16":"product-type-simple"},"_links":{"self":[{"href":"https:\/\/abinox-chr-clim.com\/index.php\/wp-json\/wp\/v2\/product\/68727","targetHints":{"allow":["GET"]}}],"collection":[{"href":"https:\/\/abinox-chr-clim.com\/index.php\/wp-json\/wp\/v2\/product"}],"about":[{"href":"https:\/\/abinox-chr-clim.com\/index.php\/wp-json\/wp\/v2\/types\/product"}],"replies":[{"embeddable":true,"href":"https:\/\/abinox-chr-clim.com\/index.php\/wp-json\/wp\/v2\/comments?post=68727"}],"wp:featuredmedia":[{"embeddable":true,"href":"https:\/\/abinox-chr-clim.com\/index.php\/wp-json\/wp\/v2\/media\/91290"}],"wp:attachment":[{"href":"https:\/\/abinox-chr-clim.com\/index.php\/wp-json\/wp\/v2\/media?parent=68727"}],"wp:term":[{"taxonomy":"product_brand","embeddable":true,"href":"https:\/\/abinox-chr-clim.com\/index.php\/wp-json\/wp\/v2\/product_brand?post=68727"},{"taxonomy":"product_cat","embeddable":true,"href":"https:\/\/abinox-chr-clim.com\/index.php\/wp-json\/wp\/v2\/product_cat?post=68727"},{"taxonomy":"product_tag","embeddable":true,"href":"https:\/\/abinox-chr-clim.com\/index.php\/wp-json\/wp\/v2\/product_tag?post=68727"}],"curies":[{"name":"wp","href":"https:\/\/api.w.org\/{rel}","templated":true}]}}