{"id":68723,"date":"2024-03-22T16:15:17","date_gmt":"2024-03-22T15:15:17","guid":{"rendered":"https:\/\/abinox-chr-clim.com\/index.php\/product\/tire-bouchon-de-table-westmark\/"},"modified":"2025-07-24T20:10:55","modified_gmt":"2025-07-24T18:10:55","slug":"tire-bouchon-de-table-westmark","status":"publish","type":"product","link":"https:\/\/abinox-chr-clim.com\/index.php\/product\/tire-bouchon-de-table-westmark\/","title":{"rendered":"Tire-bouchon de table Westmark"},"content":{"rendered":"<p>Tire-bouchon de table de qualit\u00e9 professionnelle. Le grand levier permet de d\u00e9boucher la bouteille de vin en seulement deux mouvements. Lavage \u00e0 la main conseill\u00e9. Id\u00e9al pour la restauration et les particuliers amateurs de vin. En seulement deux mouvements rapides avec le grand levier, les bouchons sont retir\u00e9s sans effort des bouteilles de vin. Cet outil est parfait pour une utilisation professionnelle.Avec extracteur de bouchon. Fabriqu\u00e9 en acier moul\u00e9 sous pression et en acier inoxydable &#8211; garantie 5 ans.  Tire-bouchon de table de qualit\u00e9 professionnelle.<\/p>\n<p>Caract\u00e9ristiques :<br \/> Mati\u00e8re : .<br \/> Couleur : Argent.<\/p>\n","protected":false},"excerpt":{"rendered":"<p>Tire-bouchon de table Westmark<\/p>\n","protected":false},"featured_media":91595,"comment_status":"closed","ping_status":"closed","template":"","meta":[],"product_brand":[],"product_cat":[1277,1297],"product_tag":[],"class_list":{"0":"post-68723","1":"product","2":"type-product","3":"status-publish","4":"has-post-thumbnail","6":"product_cat-divers-principal","7":"product_cat-non-palettisable","8":"product_shipping_class-free-shipping","10":"first","11":"outofstock","12":"featured","13":"taxable","14":"shipping-taxable","15":"purchasable","16":"product-type-simple"},"_links":{"self":[{"href":"https:\/\/abinox-chr-clim.com\/index.php\/wp-json\/wp\/v2\/product\/68723","targetHints":{"allow":["GET"]}}],"collection":[{"href":"https:\/\/abinox-chr-clim.com\/index.php\/wp-json\/wp\/v2\/product"}],"about":[{"href":"https:\/\/abinox-chr-clim.com\/index.php\/wp-json\/wp\/v2\/types\/product"}],"replies":[{"embeddable":true,"href":"https:\/\/abinox-chr-clim.com\/index.php\/wp-json\/wp\/v2\/comments?post=68723"}],"wp:featuredmedia":[{"embeddable":true,"href":"https:\/\/abinox-chr-clim.com\/index.php\/wp-json\/wp\/v2\/media\/91595"}],"wp:attachment":[{"href":"https:\/\/abinox-chr-clim.com\/index.php\/wp-json\/wp\/v2\/media?parent=68723"}],"wp:term":[{"taxonomy":"product_brand","embeddable":true,"href":"https:\/\/abinox-chr-clim.com\/index.php\/wp-json\/wp\/v2\/product_brand?post=68723"},{"taxonomy":"product_cat","embeddable":true,"href":"https:\/\/abinox-chr-clim.com\/index.php\/wp-json\/wp\/v2\/product_cat?post=68723"},{"taxonomy":"product_tag","embeddable":true,"href":"https:\/\/abinox-chr-clim.com\/index.php\/wp-json\/wp\/v2\/product_tag?post=68723"}],"curies":[{"name":"wp","href":"https:\/\/api.w.org\/{rel}","templated":true}]}}